{"id":2104,"date":"2025-02-25T02:40:44","date_gmt":"2025-02-25T01:40:44","guid":{"rendered":"http:\/\/www.nitracacib.sk\/?page_id=2104"},"modified":"2026-02-25T15:14:13","modified_gmt":"2026-02-25T14:14:13","slug":"info-for-exhibitors","status":"publish","type":"page","link":"https:\/\/www.nitracacib.sk\/en\/info-for-exhibitors\/","title":{"rendered":"info for exhibitors"},"content":{"rendered":"<p>[et_pb_section fb_built=&#8221;1&#8243; fullwidth=&#8221;on&#8221; custom_padding_last_edited=&#8221;on|desktop&#8221; admin_label=&#8221;Sekcia&#8221; _builder_version=&#8221;4.16&#8243; background_color=&#8221;#ffffff&#8221; custom_padding_tablet=&#8221;50px|0|50px|0&#8243; custom_padding_phone=&#8221;&#8221; transparent_background=&#8221;off&#8221; padding_mobile=&#8221;off&#8221; global_colors_info=&#8221;{}&#8221;][et_pb_fullwidth_image src=&#8221;https:\/\/www.nitracacib.sk\/wp-content\/uploads\/2026\/02\/dog-expo-2026.avif&#8221; alt=&#8221;Nitra Dog Expo 12.-14.06.2026&#8243; title_text=&#8221;dog-expo-2026&#8243; admin_label=&#8221;Obr\u00e1zok na pln\u00fa \u0161\u00edrku banner 2025&#8243; _builder_version=&#8221;4.27.5&#8243; use_border_color=&#8221;off&#8221; global_colors_info=&#8221;{}&#8221;]<br \/>\n[\/et_pb_fullwidth_image][\/et_pb_section][et_pb_section fb_built=&#8221;1&#8243; custom_padding_last_edited=&#8221;on|desktop&#8221; admin_label=&#8221;section&#8221; _builder_version=&#8221;4.16&#8243; background_color=&#8221;#ffffff&#8221; custom_padding_tablet=&#8221;50px|0|50px|0&#8243; custom_padding_phone=&#8221;&#8221; transparent_background=&#8221;off&#8221; padding_mobile=&#8221;off&#8221; global_colors_info=&#8221;{}&#8221;][et_pb_row column_structure=&#8221;1_4,3_4&#8243; padding_mobile=&#8221;off&#8221; column_padding_mobile=&#8221;on&#8221; admin_label=&#8221;row&#8221; _builder_version=&#8221;4.16&#8243; background_size=&#8221;initial&#8221; background_position=&#8221;top_left&#8221; background_repeat=&#8221;repeat&#8221; global_colors_info=&#8221;{}&#8221;][et_pb_column type=&#8221;1_4&#8243; _builder_version=&#8221;4.16&#8243; custom_padding=&#8221;|||&#8221; global_colors_info=&#8221;{}&#8221; custom_padding__hover=&#8221;|||&#8221;][et_pb_sidebar area=&#8221;sidebar-1&#8243; admin_label=&#8221;Bo\u010dn\u00fd panel&#8221; module_id=&#8221;lave-menu&#8221; _builder_version=&#8221;3.19.13&#8243; header_text_color=&#8221;#0c5b75&#8243; body_font=&#8221;|700|||||||&#8221; body_text_color=&#8221;#025a77&#8243; global_module=&#8221;3215&#8243; saved_tabs=&#8221;all&#8221;]<\/p>\n<p>&nbsp;<\/p>\n<p>[\/et_pb_sidebar][\/et_pb_column][et_pb_column type=&#8221;3_4&#8243; _builder_version=&#8221;4.16&#8243; custom_padding=&#8221;|||&#8221; global_colors_info=&#8221;{}&#8221; custom_padding__hover=&#8221;|||&#8221;][et_pb_text admin_label=&#8221; 2026&#8243; _builder_version=&#8221;4.27.5&#8243; background_color=&#8221;#ffffff&#8221; background_size=&#8221;initial&#8221; background_position=&#8221;top_left&#8221; background_repeat=&#8221;repeat&#8221; use_border_color=&#8221;off&#8221; global_colors_info=&#8221;{}&#8221;]<\/p>\n<p><b>12.06.2026<\/b><br \/><b><span style=\"color: #993300;\">INTERNATIONAL DOG SHOW \u2022 CRYSTAL TROPHY 2026 &amp; CRYSTAL TROPHY FOR SLOVAK NATIONAL BREEDS**<\/span><br \/><\/b><b>CAJC, CAC, CACIB<\/b><br \/><b>CRYSTAL TROPHY WINNER 2026<\/b><br \/>** only for slovak national breeds: \u010deskoslovensk\u00fd vl\u010diak, slovensk\u00fd \u010duva\u010d, slovensk\u00fd hrubosrst\u00fd stava\u010d, slovensk\u00fd kopov, tatransk\u00fd duri\u010d<\/p>\n<p><\/p>\n<p><b>13.06.2026<\/b><br \/><b><span style=\"color: #993300;\">INTERNATIONAL DOG SHOW \u2022 GRAND PRIX SLOVAKIA WINNER SHOW 2026<\/span> <\/b><br \/><b>CAJC, CAC, CACIB<\/b><br \/><b>GRAND PRIX SLOVAKIA MINOR PUPPY WINNER 2026<\/b><br \/><b>GRAND PRIX SLOVAKIA PUPPY WINNER 2026<br \/><\/b><b>GRAND PRIX SLOVAKIA JUNIOR WINNER 2026<\/b><br \/><b>GRAND PRIX SLOVAKIA WINNER 2026<\/b><br \/><b>GRAND PRIX SLOVAKIA VETERAN WINNER 2026<\/b><\/p>\n<p><\/p>\n<p><b>14.06.2026<\/b><br \/><b><span style=\"color: #993300;\">INTERNATIONAL DOG SHOW \u2022 DERBY WINNER SHOW 2026<\/span><br \/><\/b><b>CAJC, CAC, CACIB<\/b><br \/><b>DERBY WINNER 2026<\/b><b><\/b><\/p>\n<p>[\/et_pb_text][\/et_pb_column][\/et_pb_row][\/et_pb_section]<\/p>\n","protected":false},"excerpt":{"rendered":"<p>&nbsp;12.06.2026INTERNATIONAL DOG SHOW \u2022 CRYSTAL TROPHY 2026 &amp; CRYSTAL TROPHY FOR SLOVAK NATIONAL BREEDS**CAJC, CAC, CACIBCRYSTAL TROPHY WINNER 2026** only for slovak national breeds: \u010deskoslovensk\u00fd vl\u010diak, slovensk\u00fd \u010duva\u010d, slovensk\u00fd hrubosrst\u00fd stava\u010d, slovensk\u00fd kopov, tatransk\u00fd duri\u010d13.06.2026INTERNATIONAL DOG SHOW \u2022 GRAND PRIX SLOVAKIA WINNER SHOW 2026 CAJC, CAC, CACIBGRAND PRIX SLOVAKIA MINOR PUPPY WINNER 2026GRAND PRIX SLOVAKIA [&hellip;]<\/p>\n","protected":false},"author":1001003,"featured_media":0,"parent":0,"menu_order":0,"comment_status":"closed","ping_status":"closed","template":"","meta":{"_et_pb_use_builder":"on","_et_pb_old_content":"","_et_gb_content_width":"","ngg_post_thumbnail":0,"iawp_total_views":1504,"footnotes":""},"class_list":["post-2104","page","type-page","status-publish","hentry"],"_links":{"self":[{"href":"https:\/\/www.nitracacib.sk\/en\/wp-json\/wp\/v2\/pages\/2104","targetHints":{"allow":["GET"]}}],"collection":[{"href":"https:\/\/www.nitracacib.sk\/en\/wp-json\/wp\/v2\/pages"}],"about":[{"href":"https:\/\/www.nitracacib.sk\/en\/wp-json\/wp\/v2\/types\/page"}],"author":[{"embeddable":true,"href":"https:\/\/www.nitracacib.sk\/en\/wp-json\/wp\/v2\/users\/1001003"}],"replies":[{"embeddable":true,"href":"https:\/\/www.nitracacib.sk\/en\/wp-json\/wp\/v2\/comments?post=2104"}],"version-history":[{"count":0,"href":"https:\/\/www.nitracacib.sk\/en\/wp-json\/wp\/v2\/pages\/2104\/revisions"}],"wp:attachment":[{"href":"https:\/\/www.nitracacib.sk\/en\/wp-json\/wp\/v2\/media?parent=2104"}],"curies":[{"name":"wp","href":"https:\/\/api.w.org\/{rel}","templated":true}]}}