{"id":2111,"date":"2013-02-21T09:48:39","date_gmt":"2013-02-21T08:48:39","guid":{"rendered":"http:\/\/www.nitracacib.sk\/?page_id=2111"},"modified":"2016-01-20T11:55:44","modified_gmt":"2016-01-20T10:55:44","slug":"show-grounds","status":"publish","type":"page","link":"https:\/\/www.nitracacib.sk\/en\/show-grounds\/","title":{"rendered":"show grounds"},"content":{"rendered":"<p>[et_pb_section admin_label=&#8221;Sekcia&#8221; fullwidth=&#8221;on&#8221; specialty=&#8221;off&#8221;][et_pb_fullwidth_map admin_label=&#8221;Mapa na cel\u00fa \u0161\u00edrku&#8221; zoom_level=&#8221;16&#8243; address_lat=&#8221;48.3084926&#8243; address_lng=&#8221;18.102771099999927&#8243; mouse_wheel=&#8221;off&#8221;] [et_pb_map_pin title=&#8221;Vystavisko Agrokomplex&#8221; pin_address=&#8221;V\u00fdstavn\u00e1 654\/4, 949 01 Nitra-Chrenov\u00e1, Slovensko&#8221; pin_address_lat=&#8221;48.3084926&#8243; pin_address_lng=&#8221;18.102771099999927&#8243;] [\/et_pb_map_pin] [\/et_pb_fullwidth_map][\/et_pb_section][et_pb_section admin_label=&#8221;section&#8221;][et_pb_row admin_label=&#8221;row&#8221; make_fullwidth=&#8221;off&#8221; use_custom_width=&#8221;off&#8221; width_unit=&#8221;on&#8221; use_custom_gutter=&#8221;off&#8221; gutter_width=&#8221;3&#8243; padding_mobile=&#8221;off&#8221; allow_player_pause=&#8221;off&#8221; parallax=&#8221;off&#8221; parallax_method=&#8221;off&#8221; make_equal=&#8221;off&#8221; parallax_1=&#8221;off&#8221; parallax_method_1=&#8221;off&#8221; column_padding_mobile=&#8221;on&#8221;][et_pb_column type=&#8221;1_4&#8243;][et_pb_sidebar admin_label=&#8221;Bo\u010dn\u00fd panel&#8221; global_module=&#8221;3215&#8243; orientation=&#8221;left&#8221; area=&#8221;sidebar-1&#8243; background_layout=&#8221;light&#8221; remove_border=&#8221;off&#8221; header_font_size=&#8221;18&#8243; body_font_size=&#8221;14&#8243; body_text_color=&#8221;#025a77&#8243; saved_tabs=&#8221;all&#8221;] [\/et_pb_sidebar][\/et_pb_column][et_pb_column type=&#8221;3_4&#8243;][et_pb_text admin_label=&#8221;Text&#8221; background_layout=&#8221;light&#8221; text_orientation=&#8221;left&#8221; text_font_size=&#8221;14&#8243; use_border_color=&#8221;off&#8221; border_color=&#8221;#ffffff&#8221; border_style=&#8221;solid&#8221;]<\/p>\n<h4><span style=\"color: #025a77;\"><strong>V\u00fdstavisko AGROKOMPLEX<\/strong><\/span><\/h4>\n<p><span style=\"color: #025a77;\"><strong><br \/>\nV\u00fdstavn\u00e1 ulica \u010d. 4, SK \u2013 949 01 Nitra<\/strong><\/span><br \/>\n<span style=\"color: #025a77;\"> <strong><a style=\"color: #025a77;\" href=\"http:\/\/www.agrokomplex.sk\" target=\"_blank\">www.agrokomplex.sk<\/a><\/strong><\/span><\/p>\n<p>&nbsp;<\/p>\n<p>[\/et_pb_text][\/et_pb_column][\/et_pb_row][\/et_pb_section]<\/p>\n","protected":false},"excerpt":{"rendered":"<p>V\u00fdstavisko AGROKOMPLEX V\u00fdstavn\u00e1 ulica \u010d. 4, SK \u2013 949 01 Nitra www.agrokomplex.sk &nbsp;<\/p>\n","protected":false},"author":1001003,"featured_media":0,"parent":0,"menu_order":3,"comment_status":"closed","ping_status":"closed","template":"","meta":{"_et_pb_use_builder":"on","_et_pb_old_content":"<p><strong><span style=\"color: #005ca9;\">V\u00fdstavisko AGROKOMPLEX<br \/> V\u00fdstavn\u00e1 ulica \u010d. 4, SK \u2013 949 01 Nitra<\/span><\/strong><br \/> <strong><span style=\"color: #1e5842;\"><span style=\"color: #1e5842;\"><a href=\"http:\/\/www.agrokomplex.sk\" target=\"_blank\">www.agrokomplex.sk<\/a><\/span><\/span><\/strong><\/p><p>[map w=\"600\" h=\"400\" style=\"full\" z=\"16\" marker=\"yes\" infowindow=\"Slovensko, Nitra, Vystavna 4, Vystavisko Agrokomplex\" infowindowdefault=\"no\" hidecontrols=\"false\" address=\"Agrokomplex\" markerimage=\"http:\/\/localhost:8888\/kickstart2\/wp-content\/uploads\/2012\/12\/office.png\"]<\/p>","_et_gb_content_width":"","ngg_post_thumbnail":0,"iawp_total_views":299,"footnotes":""},"class_list":["post-2111","page","type-page","status-publish","hentry"],"_links":{"self":[{"href":"https:\/\/www.nitracacib.sk\/en\/wp-json\/wp\/v2\/pages\/2111","targetHints":{"allow":["GET"]}}],"collection":[{"href":"https:\/\/www.nitracacib.sk\/en\/wp-json\/wp\/v2\/pages"}],"about":[{"href":"https:\/\/www.nitracacib.sk\/en\/wp-json\/wp\/v2\/types\/page"}],"author":[{"embeddable":true,"href":"https:\/\/www.nitracacib.sk\/en\/wp-json\/wp\/v2\/users\/1001003"}],"replies":[{"embeddable":true,"href":"https:\/\/www.nitracacib.sk\/en\/wp-json\/wp\/v2\/comments?post=2111"}],"version-history":[{"count":0,"href":"https:\/\/www.nitracacib.sk\/en\/wp-json\/wp\/v2\/pages\/2111\/revisions"}],"wp:attachment":[{"href":"https:\/\/www.nitracacib.sk\/en\/wp-json\/wp\/v2\/media?parent=2111"}],"curies":[{"name":"wp","href":"https:\/\/api.w.org\/{rel}","templated":true}]}}