{"id":2119,"date":"2026-04-29T00:16:40","date_gmt":"2026-04-28T22:16:40","guid":{"rendered":"http:\/\/www.nitracacib.sk\/?page_id=2119"},"modified":"2026-04-29T12:46:10","modified_gmt":"2026-04-29T10:46:10","slug":"titles-and-certificates","status":"publish","type":"page","link":"https:\/\/www.nitracacib.sk\/en\/titles-and-certificates\/","title":{"rendered":"titles and certificates"},"content":{"rendered":"<p>[et_pb_section fb_built=&#8221;1&#8243; fullwidth=&#8221;on&#8221; admin_label=&#8221;Sekcia&#8221; _builder_version=&#8221;4.16&#8243; global_colors_info=&#8221;{}&#8221;][et_pb_fullwidth_image src=&#8221;https:\/\/www.nitracacib.sk\/wp-content\/uploads\/2013\/02\/pic-oes-sam-950&#215;400.png&#8221; alt=&#8221;Dog Expo Nitra 2016&#8243; admin_label=&#8221;Obr\u00e1zok na pln\u00fa \u0161\u00edrku 2016&#8243; _builder_version=&#8221;4.16&#8243; animation=&#8221;off&#8221; use_border_color=&#8221;off&#8221; border_color=&#8221;#ffffff&#8221; border_style=&#8221;solid&#8221; saved_tabs=&#8221;all&#8221; global_colors_info=&#8221;{}&#8221;].<br \/>\n[\/et_pb_fullwidth_image][\/et_pb_section][et_pb_section fb_built=&#8221;1&#8243; admin_label=&#8221;section&#8221; _builder_version=&#8221;4.16&#8243; global_colors_info=&#8221;{}&#8221;][et_pb_row column_structure=&#8221;1_4,3_4&#8243; admin_label=&#8221;row&#8221; _builder_version=&#8221;4.16&#8243; background_size=&#8221;initial&#8221; background_position=&#8221;top_left&#8221; background_repeat=&#8221;repeat&#8221; global_colors_info=&#8221;{}&#8221;][et_pb_column type=&#8221;1_4&#8243; _builder_version=&#8221;4.16&#8243; custom_padding=&#8221;|||&#8221; global_colors_info=&#8221;{}&#8221; custom_padding__hover=&#8221;|||&#8221;][et_pb_sidebar area=&#8221;sidebar-1&#8243; admin_label=&#8221;Bo\u010dn\u00fd panel&#8221; module_id=&#8221;lave-menu&#8221; _builder_version=&#8221;4.16&#8243; body_font=&#8221;|700|||||||&#8221; body_text_color=&#8221;#025a77&#8243; remove_border=&#8221;off&#8221; saved_tabs=&#8221;all&#8221; global_colors_info=&#8221;{}&#8221;]&nbsp;[\/et_pb_sidebar][\/et_pb_column][et_pb_column type=&#8221;3_4&#8243; _builder_version=&#8221;4.16&#8243; custom_padding=&#8221;|||&#8221; global_colors_info=&#8221;{}&#8221; custom_padding__hover=&#8221;|||&#8221;][et_pb_text admin_label=&#8221;SUPREME BEST IN SHOW&#8221; _builder_version=&#8221;4.27.6&#8243; background_size=&#8221;initial&#8221; background_position=&#8221;top_left&#8221; background_repeat=&#8221;repeat&#8221; hover_enabled=&#8221;0&#8243; use_border_color=&#8221;off&#8221; global_colors_info=&#8221;{}&#8221; sticky_enabled=&#8221;0&#8243;]<\/p>\n<p><b>12.06.2026 \u2022<\/b><b>&nbsp;<\/b><span style=\"color: #993300;\"><b>INTERNATIONAL DOG SHOW \u2022 CRYSTAL TROPHY 2026 &amp; CRYSTAL TROPHY FOR SLOVAK NATIONAL BREEDS<br \/><\/b><\/span><b><\/b><b>CRYSTAL TROPHY 2026 = BIS<br \/><\/b><b>CRYSTAL TROPHY 2026 <\/b>FOR SLOVAK NATIONAL BREEDS<b> = BIS SLOVAK NATIONAL BREEDS<\/b><br \/>&nbsp;<br \/><b>13.06.2026<\/b><b>&nbsp;<\/b><b>\u2022<\/b><b>&nbsp;<\/b><span style=\"color: #993300;\"><b>INTERNATIONAL DOG SHOW \u2022&nbsp;&nbsp;GRAND PRIX SLOVAKIA WINNER SHOW 2026<span class=\"Apple-converted-space\"><br \/><\/span><\/b><\/span><b><\/b><b>GRAND PRIX SLOVAKIA MINOR PUPPY WINNER 2026<\/b>&nbsp;= Very Promising 1 \u2013 Minor Puppy Class<br \/><b>GRAND PRIX SLOVAKIA PUPPY WINNER 2026<\/b>&nbsp;= Very Promising 1 \u2013 Puppy Class <b>GRAND PRIX SLOVAKIA JUNIOR WINNER 2026<\/b>&nbsp;= FCI CACIB-J<br \/><b>GRAND PRIX SLOVAKIA WINNER 2026<\/b>&nbsp;= CACIB<br \/><b>GRAND PRIX SLOVAKIA VETERAN WINNER 2026<\/b>&nbsp;= FCI CACIB-V<br \/>&nbsp;<br \/><b>14.06.2026 \u2022<\/b><b>&nbsp;<\/b><span style=\"color: #993300;\"><b>INTERNATIONAL DOG SHOW \u2022 DERBY WINNER SHOW 2026<br \/><\/b><\/span><b><\/b><b>DERBY WINNER 2026 = JUNIOR BOB<\/b><br \/>&nbsp;<br \/><b>CAJC SR<br \/><\/b>the qualifying certificate for the Slovak Junior Champion title can be awarded to a dog and a bitch that is excellent 1st in junior class.<br \/><b>FCI CACIB-J<br \/><\/b>the qualifying certificate for the International Junior Champion title can be awarded to a dog and a bitch that is excellent 1st in junior class.<br \/><b>CAC SR<br \/><\/b>the qualifying certificate for the Slovak Champion title can be awarded to a dog and a bitch that is excellent 1st in intermediate, open, working and champion class.<br \/><b>Reserve CAC SR<br \/><\/b>can be awarded to a dog and a bitch that is excellent 2nd in intermediate, open, working and champion class providing that the CAC has been also awarded to the first placed in that class.<br \/><b>FCI CACIB<br \/><\/b>the qualifying certificate for the International Championship. Dogs and bitches of the FCI recognized breeds that received a CAC in intermediate, open, working and champion class, compete for the FCI CACIB.<br \/><b>Reserve FCI CACIB<br \/><\/b>can be awarded to the second best one from those with CAC titles or the res. CAC from the class where the CAC winner has also received the FCI CACIB.<br \/><b>FCI CACIB-V<br \/><\/b>the qualifying certificate for the International Veteran Champion title can be awarded to a dog and a bitch that is excellent 1st in veteran class.<br \/><b>Junior Best of Breed (Junior BOB)<br \/><\/b>awarded to the best dog or bitch that is FCI CACIB-J in Junior Class.<br \/><b>Veteran Best of Breed (Veteran BOB)<br \/><\/b>awarded to the best dog or bitch that is FCI CACIB-V in Veteran Class.<br \/><b>Best of Breed (BOB)<br \/><\/b>awarded to the best dog or bitch in each breed. The FCI CACIB, FCI CACIB-J and FCI CACIB-V compete for BOB.<br \/><b>Junior Best of Group (Junior BIG)<br \/><\/b>all Junior BOB title holders in the respective groups compete.<br \/><b>Best of Group FCI (BIG)<br \/><\/b>all BOB title holders in the respective groups compete.<br \/><b>Junior Best in Show (Junior BIS)<br \/><\/b>all the Junior BIG winners compete.<br \/><b>Best in Show (BIS)<br \/><\/b>FCI Group Winners (BIG) compete.<br \/><b>SUPREME BEST IN SHOW (Sunday 14.06.2026)<br \/><\/b>in the competition Supreme Best in Show compete all winners from Friday, Saturday and Sunday: Best minor puppies, Best puppies, Best veterans, Winners of honour classes, BIS Juniors and BIS winners, Crystal Trophy of SK national breeds winner 2026 from Friday and BIS from Club and Specialty shows.<\/p>\n<p>[\/et_pb_text][\/et_pb_column][\/et_pb_row][\/et_pb_section]<\/p>\n","protected":false},"excerpt":{"rendered":"<p>. &nbsp;12.06.2026 \u2022&nbsp;INTERNATIONAL DOG SHOW \u2022 CRYSTAL TROPHY 2026 &amp; CRYSTAL TROPHY FOR SLOVAK NATIONAL BREEDSCRYSTAL TROPHY 2026 = BISCRYSTAL TROPHY 2026 FOR SLOVAK NATIONAL BREEDS = BIS SLOVAK NATIONAL BREEDS&nbsp;13.06.2026&nbsp;\u2022&nbsp;INTERNATIONAL DOG SHOW \u2022&nbsp;&nbsp;GRAND PRIX SLOVAKIA WINNER SHOW 2026GRAND PRIX SLOVAKIA MINOR PUPPY WINNER 2026&nbsp;= Very Promising 1 \u2013 Minor Puppy ClassGRAND PRIX SLOVAKIA PUPPY [&hellip;]<\/p>\n","protected":false},"author":1001003,"featured_media":0,"parent":0,"menu_order":8,"comment_status":"closed","ping_status":"closed","template":"","meta":{"_et_pb_use_builder":"on","_et_pb_old_content":"","_et_gb_content_width":"","ngg_post_thumbnail":0,"iawp_total_views":602,"footnotes":""},"class_list":["post-2119","page","type-page","status-publish","hentry"],"_links":{"self":[{"href":"https:\/\/www.nitracacib.sk\/en\/wp-json\/wp\/v2\/pages\/2119","targetHints":{"allow":["GET"]}}],"collection":[{"href":"https:\/\/www.nitracacib.sk\/en\/wp-json\/wp\/v2\/pages"}],"about":[{"href":"https:\/\/www.nitracacib.sk\/en\/wp-json\/wp\/v2\/types\/page"}],"author":[{"embeddable":true,"href":"https:\/\/www.nitracacib.sk\/en\/wp-json\/wp\/v2\/users\/1001003"}],"replies":[{"embeddable":true,"href":"https:\/\/www.nitracacib.sk\/en\/wp-json\/wp\/v2\/comments?post=2119"}],"version-history":[{"count":17,"href":"https:\/\/www.nitracacib.sk\/en\/wp-json\/wp\/v2\/pages\/2119\/revisions"}],"predecessor-version":[{"id":9628,"href":"https:\/\/www.nitracacib.sk\/en\/wp-json\/wp\/v2\/pages\/2119\/revisions\/9628"}],"wp:attachment":[{"href":"https:\/\/www.nitracacib.sk\/en\/wp-json\/wp\/v2\/media?parent=2119"}],"curies":[{"name":"wp","href":"https:\/\/api.w.org\/{rel}","templated":true}]}}