{"id":2121,"date":"2025-06-08T14:20:00","date_gmt":"2025-06-08T12:20:00","guid":{"rendered":"http:\/\/www.nitracacib.sk\/?page_id=2121"},"modified":"2016-01-28T11:09:26","modified_gmt":"2016-01-28T10:09:26","slug":"veterinary-conditions","status":"publish","type":"page","link":"https:\/\/www.nitracacib.sk\/en\/veterinary-conditions\/","title":{"rendered":"veterinary conditions"},"content":{"rendered":"<p>[et_pb_section admin_label=&#8221;Sekcia&#8221; fullwidth=&#8221;on&#8221; specialty=&#8221;off&#8221;][et_pb_fullwidth_image admin_label=&#8221;Obr\u00e1zok na pln\u00fa \u0161\u00edrku 2016&#8243; src=&#8221;http:\/\/www.nitracacib.sk\/wp-content\/uploads\/2013\/02\/pic-tibetak-sam-960&#215;400.png&#8221; show_in_lightbox=&#8221;off&#8221; url_new_window=&#8221;off&#8221; animation=&#8221;off&#8221; use_border_color=&#8221;off&#8221; border_color=&#8221;#ffffff&#8221; border_style=&#8221;solid&#8221; use_overlay=&#8221;off&#8221;] [\/et_pb_fullwidth_image][\/et_pb_section][et_pb_section admin_label=&#8221;section&#8221;][et_pb_row admin_label=&#8221;row&#8221;][et_pb_column type=&#8221;1_4&#8243;][et_pb_sidebar admin_label=&#8221;Bo\u010dn\u00fd panel&#8221; global_module=&#8221;3215&#8243; orientation=&#8221;left&#8221; area=&#8221;sidebar-1&#8243; background_layout=&#8221;light&#8221; remove_border=&#8221;off&#8221; header_font_size=&#8221;18&#8243; body_font_size=&#8221;14&#8243; body_text_color=&#8221;#025a77&#8243; saved_tabs=&#8221;all&#8221;] [\/et_pb_sidebar][\/et_pb_column][et_pb_column type=&#8221;3_4&#8243;][et_pb_text admin_label=&#8221;Text&#8221;]<\/p>\n<p style=\"text-align: justify;\">Every dog must have a valid <span style=\"color: #1560a5;\"><strong>PET PASSPORT<\/strong><\/span> in which it will be clearely stated that the dog in concern has been\u00a0vaccinated against rabies, distemper, parvovirus and hepatitis at least 21 daysand at most 1 year before the\u00a0date of the show, or within the validity of the given vaccination.<\/p>\n<p>&nbsp;<\/p>\n<p>[\/et_pb_text][\/et_pb_column][\/et_pb_row][\/et_pb_section]<\/p>\n","protected":false},"excerpt":{"rendered":"<p>Every dog must have a valid PET PASSPORT in which it will be clearely stated that the dog in concern has been\u00a0vaccinated against rabies, distemper, parvovirus and hepatitis at least 21 daysand at most 1 year before the\u00a0date of the show, or within the validity of the given vaccination. &nbsp;<\/p>\n","protected":false},"author":1001003,"featured_media":0,"parent":0,"menu_order":9,"comment_status":"closed","ping_status":"closed","template":"","meta":{"_et_pb_use_builder":"on","_et_pb_old_content":"<p style=\"text-align: justify;\">Every dog must have a valid <span style=\"color: #1560a5;\"><strong>PET PASSPORT<\/strong><\/span> in which it will be clearely stated that the dog in concern has been\u00a0vaccinated against rabies, distemper, parvovirus and hepatitis at least 21 daysand at most 1 year before the\u00a0date of the show, or within the validity of the given vaccination.<\/p><p>\u00a0<\/p>","_et_gb_content_width":"","ngg_post_thumbnail":0,"iawp_total_views":81,"footnotes":""},"class_list":["post-2121","page","type-page","status-publish","hentry"],"_links":{"self":[{"href":"https:\/\/www.nitracacib.sk\/en\/wp-json\/wp\/v2\/pages\/2121","targetHints":{"allow":["GET"]}}],"collection":[{"href":"https:\/\/www.nitracacib.sk\/en\/wp-json\/wp\/v2\/pages"}],"about":[{"href":"https:\/\/www.nitracacib.sk\/en\/wp-json\/wp\/v2\/types\/page"}],"author":[{"embeddable":true,"href":"https:\/\/www.nitracacib.sk\/en\/wp-json\/wp\/v2\/users\/1001003"}],"replies":[{"embeddable":true,"href":"https:\/\/www.nitracacib.sk\/en\/wp-json\/wp\/v2\/comments?post=2121"}],"version-history":[{"count":0,"href":"https:\/\/www.nitracacib.sk\/en\/wp-json\/wp\/v2\/pages\/2121\/revisions"}],"wp:attachment":[{"href":"https:\/\/www.nitracacib.sk\/en\/wp-json\/wp\/v2\/media?parent=2121"}],"curies":[{"name":"wp","href":"https:\/\/api.w.org\/{rel}","templated":true}]}}