{"id":2123,"date":"2026-04-15T04:21:04","date_gmt":"2026-04-15T02:21:04","guid":{"rendered":"http:\/\/www.nitracacib.sk\/?page_id=2123"},"modified":"2026-04-15T12:33:47","modified_gmt":"2026-04-15T10:33:47","slug":"comercial-stands","status":"publish","type":"page","link":"https:\/\/www.nitracacib.sk\/en\/comercial-stands\/","title":{"rendered":"comercial stands"},"content":{"rendered":"<p>[et_pb_section fb_built=&#8221;1&#8243; fullwidth=&#8221;on&#8221; admin_label=&#8221;Sekcia&#8221; _builder_version=&#8221;4.16&#8243; global_colors_info=&#8221;{}&#8221;][et_pb_fullwidth_image src=&#8221;https:\/\/www.nitracacib.sk\/wp-content\/uploads\/2024\/06\/bis-dog-expo-nitra-2023.webp&#8221; alt=&#8221;Dog Expo Nitra 2015&#8243; title_text=&#8221;bis-dog-expo-nitra-2023&#8243; admin_label=&#8221;Obr\u00e1zok na pln\u00fa \u0161\u00edrku 2016&#8243; _builder_version=&#8221;4.25.1&#8243; animation=&#8221;off&#8221; saved_tabs=&#8221;all&#8221; global_colors_info=&#8221;{}&#8221;][\/et_pb_fullwidth_image][\/et_pb_section][et_pb_section fb_built=&#8221;1&#8243; admin_label=&#8221;section&#8221; _builder_version=&#8221;4.16&#8243; global_colors_info=&#8221;{}&#8221;][et_pb_row column_structure=&#8221;1_4,3_4&#8243; admin_label=&#8221;row&#8221; _builder_version=&#8221;4.16&#8243; background_size=&#8221;initial&#8221; background_position=&#8221;top_left&#8221; background_repeat=&#8221;repeat&#8221; global_colors_info=&#8221;{}&#8221;][et_pb_column type=&#8221;1_4&#8243; _builder_version=&#8221;4.16&#8243; custom_padding=&#8221;|||&#8221; global_colors_info=&#8221;{}&#8221; custom_padding__hover=&#8221;|||&#8221;]<\/p>\n<p>[et_pb_sidebar area=&#8221;sidebar-1&#8243; admin_label=&#8221;Bo\u010dn\u00fd panel&#8221; _builder_version=&#8221;3.0.74&#8243; body_font=&#8221;|on|||&#8221; body_text_color=&#8221;#025a77&#8243;] [\/et_pb_sidebar]<\/p>\n<p>[\/et_pb_column][et_pb_column type=&#8221;3_4&#8243; _builder_version=&#8221;4.16&#8243; custom_padding=&#8221;|||&#8221; global_colors_info=&#8221;{}&#8221; custom_padding__hover=&#8221;|||&#8221;][et_pb_image src=&#8221;https:\/\/www.nitracacib.sk\/wp-content\/uploads\/2019\/03\/all4dogs.png&#8221; align_tablet=&#8221;center&#8221; align_phone=&#8221;&#8221; align_last_edited=&#8221;on|desktop&#8221; admin_label=&#8221;logo&#8221; _builder_version=&#8221;4.16&#8243; animation_style=&#8221;fade&#8221; global_colors_info=&#8221;{}&#8221;][\/et_pb_image][et_pb_text _builder_version=&#8221;4.27.6&#8243; background_size=&#8221;initial&#8221; background_position=&#8221;top_left&#8221; background_repeat=&#8221;repeat&#8221; z_index_tablet=&#8221;500&#8243; use_border_color=&#8221;off&#8221; global_colors_info=&#8221;{}&#8221;]<\/p>\n<p><b>Dear business partner,<\/b><b><\/b><\/p>\n<p><\/p>\n<p>As a part of the international dog shows Dog Expo Nitra 2026, which have the longest tradition in Slovakia, there will also be a sales-contract exhibition of pet products, named <b>all4dogs<\/b>. For the 7th time we invite you to promote your company, products or services to an event with a large international entry in Nitra, June 12 &#8211; 14, 2026. The <b>all4dogs<\/b> exhibition will be located in a separate hall directly connected to the show halls with rings of the Dog Expo Nitra 2026 (or outside area closde to hall with main ring) . If you decide to participate with your trade stand at the <b>all4dogs<\/b> sales-contract exhibition, please fill in and submit your <b>order form<\/b>. Based on your order, we will send you an invoice, which must be paid within the due date.<\/p>\n<p><\/p>\n<p><b>Terms &amp; Conditions:<span class=\"Apple-converted-space\">\u00a0<br \/><\/span><\/b><b><\/b>\u2022 area rent fee: 15 \u20ac \/day\/m\u00b2<span class=\"Apple-converted-space\">\u00a0<br \/><\/span>\u2022 registration fee: 40 \u20ac<span class=\"Apple-converted-space\">\u00a0<br \/><\/span>(the price of the registration fee includes car access to the exhibition grounds during the show and publication of the company banner at the show FB profile)<br \/>\u2022 any additional car: 30 \u20ac \/ 3 days<br \/>(prices without VAT)<\/p>\n<p><\/p>\n<p><b>\u00a0Bookings accepted until: May 13, 2026<\/b><\/p>\n<p><\/p>\n<p>If you are interested in an electrical plug-in, please state this in the order. The price for the electrical plug-in is stated in the order. It is only possible to order the area for a trade stand for all 3 days. It is possible to order a minimum size of the stand 2 x 2 m. In case of building a larger stand than ordered and paid, a 100% penalty will be applied.<\/p>\n<p><\/p>\n<p>You can also take advantage of a promotion in a form of <b>advertising in the on-line show catalogue with a 25% discount<\/b>. Discounted advertising prices (in case of ordering space for a sales stand):<\/p>\n<p><\/p>\n<p>1 A4 \u00a0100,- \u20ac<\/p>\n<p><\/p>\n<p>\u00a0<b>Contact:<\/b>\u00a0<a href=\"mailto:stanky@nitracacib.sk\">stanky@nitracacib.sk<\/a><\/p>\n<p><\/p>\n<p><a href=\"https:\/\/www.nitracacib.sk\/wp-content\/uploads\/2026\/04\/Objednavka_order_2026_all4dogs.doc\"><b>ORDER FORM<\/b><\/a><\/p>\n<p>[\/et_pb_text][\/et_pb_column][\/et_pb_row][\/et_pb_section]<\/p>\n","protected":false},"excerpt":{"rendered":"<p>Dear business partner,As a part of the international dog shows Dog Expo Nitra 2026, which have the longest tradition in Slovakia, there will also be a sales-contract exhibition of pet products, named all4dogs. For the 7th time we invite you to promote your company, products or services to an event with a large international entry [&hellip;]<\/p>\n","protected":false},"author":1001003,"featured_media":0,"parent":0,"menu_order":0,"comment_status":"closed","ping_status":"closed","template":"","meta":{"_et_pb_use_builder":"on","_et_pb_old_content":"","_et_gb_content_width":"","ngg_post_thumbnail":0,"iawp_total_views":81,"footnotes":""},"class_list":["post-2123","page","type-page","status-publish","hentry"],"_links":{"self":[{"href":"https:\/\/www.nitracacib.sk\/en\/wp-json\/wp\/v2\/pages\/2123","targetHints":{"allow":["GET"]}}],"collection":[{"href":"https:\/\/www.nitracacib.sk\/en\/wp-json\/wp\/v2\/pages"}],"about":[{"href":"https:\/\/www.nitracacib.sk\/en\/wp-json\/wp\/v2\/types\/page"}],"author":[{"embeddable":true,"href":"https:\/\/www.nitracacib.sk\/en\/wp-json\/wp\/v2\/users\/1001003"}],"replies":[{"embeddable":true,"href":"https:\/\/www.nitracacib.sk\/en\/wp-json\/wp\/v2\/comments?post=2123"}],"version-history":[{"count":0,"href":"https:\/\/www.nitracacib.sk\/en\/wp-json\/wp\/v2\/pages\/2123\/revisions"}],"wp:attachment":[{"href":"https:\/\/www.nitracacib.sk\/en\/wp-json\/wp\/v2\/media?parent=2123"}],"curies":[{"name":"wp","href":"https:\/\/api.w.org\/{rel}","templated":true}]}}