{"id":2139,"date":"2014-11-25T20:57:38","date_gmt":"2014-11-25T19:57:38","guid":{"rendered":"http:\/\/www.nitracacib.sk\/?page_id=2139"},"modified":"2016-01-07T12:15:49","modified_gmt":"2016-01-07T11:15:49","slug":"entry-fees","status":"publish","type":"page","link":"https:\/\/www.nitracacib.sk\/en\/entry-fees\/","title":{"rendered":"entry fees"},"content":{"rendered":"<div id=\"content\" class=\"sidebar-left twelve columns\">\n<article id=\"post-73\" class=\"post\">\n<div class=\"entry\">\n<p style=\"text-align: center;\"><strong>PAYMENT FROM ABROAD<\/strong><br \/>\n<strong> V\u00daB Nitra (adress of bank: \u0160tef\u00e1nikova 44, SK \u2013 949 31 Nitra)<\/strong><br \/>\n<strong> SWIFT\/BIC CODE: SUBA SK BX<\/strong><br \/>\n<strong> IBAN CODE: SK50 0200 0000 0000 4353 2162<\/strong><br \/>\n<strong> K-symbol 0308, V-symbol 062014\u00a0<\/strong><\/p>\n<p style=\"text-align: center;\">Post and bank charges are to be paid by the exhibitor.<\/p>\n<p><strong><span style=\"color: #1560a5;\">ATTENTION!\u00a0<\/span><\/strong><\/p>\n<p><strong><span style=\"color: #1560a5;\">MAKE YOUR PAYMENT AFTER RECEIVING CONFIRMATION EMAIL, WHICH WILL BE SENT TO YOU AFTER ON-LINE REGISTRATION OF THE ENTRY FORM.<\/span><\/strong><\/p>\n<p>Lower entry fees for the second and other dogs can only be accepted if the name of the owner is absolutely the same as on the 1st entry form.<\/p>\n<p>Dogs entered into minor puppy, puppy, veteran and honorary classes cannot be considered as first entered dog. Every exhibitor must mark his exact name and address on the payment confirmation for the organizer to be able to identify the payment. The exhibitors whose entry fees will not reach the organizer\u00b4s account by the time of the show or will not be possible to identify, will be considered as unpaid. In that case the exhibitor must pay the entry fee at the day of the show with the possibility of its returning afterwards. The entry close date is also the closing date for relevant payments.<\/p>\n<p>It is possible to cancel the entry form only until 30.4.2015. In case of a cancellation registration or refunding the fees for whatever the reason, the cancellation fee is 10 \u20ac and the bank\/postal charges will be deducted.<\/p>\n<p>Exhibitors with the Slovak national breeds have a 50% discount from the entry fees for the 1st and all other dogs (beyond final competitions).<\/p>\n<p>PDF file to download <strong>HERE<\/strong>.<\/p>\n<\/div>\n<\/article>\n<\/div>\n<h3 style=\"text-align: left;\"><\/h3>\n<p style=\"text-align: justify;\"><span style=\"line-height: 1.5em;\">\u00a0<\/span><\/p>\n","protected":false},"excerpt":{"rendered":"<p>PAYMENT FROM ABROAD V\u00daB Nitra (adress of bank: \u0160tef\u00e1nikova 44, SK \u2013 949 31 Nitra) SWIFT\/BIC CODE: SUBA SK BX IBAN CODE: SK50 0200 0000 0000 4353 2162 K-symbol 0308, V-symbol 062014\u00a0 Post and bank charges are to be paid by the exhibitor. ATTENTION!\u00a0 MAKE YOUR PAYMENT AFTER RECEIVING CONFIRMATION EMAIL, WHICH WILL BE SENT [&hellip;]<\/p>\n","protected":false},"author":1001003,"featured_media":0,"parent":0,"menu_order":5,"comment_status":"closed","ping_status":"closed","template":"page-fullwidth.php","meta":{"_et_pb_use_builder":"","_et_pb_old_content":"","_et_gb_content_width":"","ngg_post_thumbnail":0,"iawp_total_views":0,"footnotes":""},"class_list":["post-2139","page","type-page","status-publish","hentry"],"_links":{"self":[{"href":"https:\/\/www.nitracacib.sk\/en\/wp-json\/wp\/v2\/pages\/2139","targetHints":{"allow":["GET"]}}],"collection":[{"href":"https:\/\/www.nitracacib.sk\/en\/wp-json\/wp\/v2\/pages"}],"about":[{"href":"https:\/\/www.nitracacib.sk\/en\/wp-json\/wp\/v2\/types\/page"}],"author":[{"embeddable":true,"href":"https:\/\/www.nitracacib.sk\/en\/wp-json\/wp\/v2\/users\/1001003"}],"replies":[{"embeddable":true,"href":"https:\/\/www.nitracacib.sk\/en\/wp-json\/wp\/v2\/comments?post=2139"}],"version-history":[{"count":0,"href":"https:\/\/www.nitracacib.sk\/en\/wp-json\/wp\/v2\/pages\/2139\/revisions"}],"wp:attachment":[{"href":"https:\/\/www.nitracacib.sk\/en\/wp-json\/wp\/v2\/media?parent=2139"}],"curies":[{"name":"wp","href":"https:\/\/api.w.org\/{rel}","templated":true}]}}