{"id":2141,"date":"2025-02-22T05:17:04","date_gmt":"2025-02-22T04:17:04","guid":{"rendered":"http:\/\/www.nitracacib.sk\/?page_id=2141"},"modified":"2025-02-22T19:59:46","modified_gmt":"2025-02-22T18:59:46","slug":"inzeraty","status":"publish","type":"page","link":"https:\/\/www.nitracacib.sk\/en\/inzeraty\/","title":{"rendered":"advertising"},"content":{"rendered":"<p>[et_pb_section fb_built=&#8221;1&#8243; fullwidth=&#8221;on&#8221; admin_label=&#8221;Sekcia&#8221; _builder_version=&#8221;4.16&#8243; global_colors_info=&#8221;{}&#8221;][et_pb_fullwidth_image src=&#8221;http:\/\/www.nitracacib.sk\/wp-content\/uploads\/2016\/01\/pic-akita-960&#215;400.png&#8221; alt=&#8221;Dog Expo Nitra 2016&#8243; admin_label=&#8221;Obr\u00e1zok na pln\u00fa \u0161\u00edrku 2016&#8243; _builder_version=&#8221;4.16&#8243; animation=&#8221;off&#8221; use_border_color=&#8221;off&#8221; border_color=&#8221;#ffffff&#8221; border_style=&#8221;solid&#8221; saved_tabs=&#8221;all&#8221; global_colors_info=&#8221;{}&#8221;][\/et_pb_fullwidth_image][\/et_pb_section][et_pb_section fb_built=&#8221;1&#8243; admin_label=&#8221;section&#8221; _builder_version=&#8221;4.16&#8243; global_colors_info=&#8221;{}&#8221;][et_pb_row column_structure=&#8221;1_4,3_4&#8243; admin_label=&#8221;row&#8221; _builder_version=&#8221;4.16&#8243; background_size=&#8221;initial&#8221; background_position=&#8221;top_left&#8221; background_repeat=&#8221;repeat&#8221; global_colors_info=&#8221;{}&#8221;][et_pb_column type=&#8221;1_4&#8243; _builder_version=&#8221;4.16&#8243; custom_padding=&#8221;|||&#8221; global_colors_info=&#8221;{}&#8221; custom_padding__hover=&#8221;|||&#8221;]<\/p>\n<p>[et_pb_sidebar area=&#8221;sidebar-1&#8243; admin_label=&#8221;Bo\u010dn\u00fd panel&#8221; module_id=&#8221;lave-menu&#8221; _builder_version=&#8221;3.19.13&#8243; body_font=&#8221;|700|||||||&#8221; body_text_color=&#8221;#025a77&#8243; remove_border=&#8221;off&#8221; global_module=&#8221;3215&#8243; saved_tabs=&#8221;all&#8221;] \u00a0 [\/et_pb_sidebar]<\/p>\n<p>[\/et_pb_column][et_pb_column type=&#8221;3_4&#8243; _builder_version=&#8221;4.16&#8243; custom_padding=&#8221;|||&#8221; global_colors_info=&#8221;{}&#8221; custom_padding__hover=&#8221;|||&#8221;][et_pb_text _builder_version=&#8221;4.27.4&#8243; background_size=&#8221;initial&#8221; background_position=&#8221;top_left&#8221; background_repeat=&#8221;repeat&#8221; use_border_color=&#8221;off&#8221; global_colors_info=&#8221;{}&#8221;]<\/p>\n<p><b>INZERCIA V\u00a0KATAL\u00d3GU\u00a0\u00a0V\u00ddSTAVY<\/b><b><\/b><\/p>\n<p><b>NENECHAJTE SI UJS\u0164 PR\u00cdLE\u017dITOS\u0164 NA JEDINE\u010cN\u00da REKLAMU V\u00a0ON-LINE KATAL\u00d3GU V\u00ddSTAVY. REZERVUJTE SI INZERCIU U\u017d DNES!<\/b><b><\/b><\/p>\n<p>inform\u00e1cie \/ rezerv\u00e1cia inzercie:\u00a0<a href=\"mailto:office@nitracacib.sk\">office@nitracacib.sk<\/a><\/p>\n<p><b>CENN\u00cdK INZERCIE:<br \/><\/b>A4 (PDF): 100,- \u20ac<\/p>\n<p>&nbsp;<\/p>\n<p>&nbsp;<\/p>\n<p>&nbsp;<\/p>\n<p>[\/et_pb_text][\/et_pb_column][\/et_pb_row][\/et_pb_section]<\/p>\n","protected":false},"excerpt":{"rendered":"<p>\u00a0 INZERCIA V\u00a0KATAL\u00d3GU\u00a0\u00a0V\u00ddSTAVY NENECHAJTE SI UJS\u0164 PR\u00cdLE\u017dITOS\u0164 NA JEDINE\u010cN\u00da REKLAMU V\u00a0ON-LINE KATAL\u00d3GU V\u00ddSTAVY. REZERVUJTE SI INZERCIU U\u017d DNES! inform\u00e1cie \/ rezerv\u00e1cia inzercie:\u00a0office@nitracacib.sk CENN\u00cdK INZERCIE:A4 (PDF): 100,- \u20ac &nbsp; &nbsp; &nbsp;<\/p>\n","protected":false},"author":1001003,"featured_media":0,"parent":0,"menu_order":0,"comment_status":"closed","ping_status":"closed","template":"","meta":{"_et_pb_use_builder":"on","_et_pb_old_content":"","_et_gb_content_width":"","ngg_post_thumbnail":0,"iawp_total_views":22,"footnotes":""},"class_list":["post-2141","page","type-page","status-publish","hentry"],"_links":{"self":[{"href":"https:\/\/www.nitracacib.sk\/en\/wp-json\/wp\/v2\/pages\/2141","targetHints":{"allow":["GET"]}}],"collection":[{"href":"https:\/\/www.nitracacib.sk\/en\/wp-json\/wp\/v2\/pages"}],"about":[{"href":"https:\/\/www.nitracacib.sk\/en\/wp-json\/wp\/v2\/types\/page"}],"author":[{"embeddable":true,"href":"https:\/\/www.nitracacib.sk\/en\/wp-json\/wp\/v2\/users\/1001003"}],"replies":[{"embeddable":true,"href":"https:\/\/www.nitracacib.sk\/en\/wp-json\/wp\/v2\/comments?post=2141"}],"version-history":[{"count":0,"href":"https:\/\/www.nitracacib.sk\/en\/wp-json\/wp\/v2\/pages\/2141\/revisions"}],"wp:attachment":[{"href":"https:\/\/www.nitracacib.sk\/en\/wp-json\/wp\/v2\/media?parent=2141"}],"curies":[{"name":"wp","href":"https:\/\/api.w.org\/{rel}","templated":true}]}}