{"id":2154,"date":"2014-11-25T21:50:22","date_gmt":"2014-11-25T20:50:22","guid":{"rendered":"http:\/\/www.nitracacib.sk\/?page_id=2154"},"modified":"2016-01-09T18:10:31","modified_gmt":"2016-01-09T17:10:31","slug":"2013-2","status":"publish","type":"page","link":"https:\/\/www.nitracacib.sk\/en\/2013-2\/","title":{"rendered":"2013"},"content":{"rendered":"<p>[et_pb_section fullwidth=&#8221;on&#8221; specialty=&#8221;off&#8221; admin_label=&#8221;Sekcia&#8221;][et_pb_fullwidth_image admin_label=&#8221;Obr\u00e1zok na pln\u00fa \u0161\u00edrku 2013&#8243; src=&#8221;http:\/\/www.nitracacib.sk\/wp-content\/uploads\/2014\/10\/banner_960x350.jpg&#8221; show_in_lightbox=&#8221;off&#8221; url_new_window=&#8221;off&#8221; animation=&#8221;off&#8221; use_border_color=&#8221;off&#8221; border_color=&#8221;#ffffff&#8221; border_style=&#8221;solid&#8221; \/][\/et_pb_section][et_pb_section admin_label=&#8221;section&#8221;][et_pb_row admin_label=&#8221;row&#8221;][et_pb_column type=&#8221;4_4&#8243;][et_pb_text admin_label=&#8221;Text&#8221;]<\/p>\n<h1 style=\"text-align: center;\"><span style=\"color: #1e5842;\"> <span style=\"color: #005ca9;\">GRAND PRIX SLOVAKIA \u00a0&amp; DERBY WINNER SHOW \u00a01.-2.6.2013<\/span><\/span><\/h1>\n<p style=\"text-align: center;\"><span style=\"color: #1560a5;\"><strong><a style=\"color: #1560a5;\" href=\"http:\/\/www.nitracacib.sk\/wp-content\/uploads\/2013\/07\/Vysledky_SOBOTA_GrandPrix_SK2013.xls\" target=\"_blank\">RESULTS\u00a0SATURDAY \u2013 GRAND PRIX SLOVAKIA 2013<\/a> ,\u00a0 <a style=\"color: #1560a5;\" href=\"http:\/\/www.nitracacib.sk\/wp-content\/uploads\/2013\/07\/Vysledky_NEDELA_DerbyWS2013.xls\" target=\"_blank\">RESULTS<\/a><\/strong><strong><a style=\"color: #1560a5;\" href=\"http:\/\/www.nitracacib.sk\/wp-content\/uploads\/2013\/07\/Vysledky_NEDELA_DerbyWS2013.xls\" target=\"_blank\">\u00a0SATURDAY \u2013 DERBY WINNER SHOW 2013<br \/>\n<\/a><\/strong><strong><span style=\"font-family: arial, helvetica, sans-serif;\"><a style=\"color: #1560a5;\" href=\"http:\/\/www.nitracacib.sk\/wp-content\/uploads\/2013\/06\/vysledky_-zaverecne-sutaze_sobota.pdf\" target=\"_blank\">FINAL\u00a0COMPETITIONS SATURDAY \u2013 GRAND PRIX SLOVAKIA 2013<\/a>,\u00a0FINAL<\/span><a style=\"color: #1560a5;\" href=\"http:\/\/www.nitracacib.sk\/wp-content\/uploads\/2013\/06\/vysledky_-zaverecne-sutaze_nedela.pdf\" target=\"_blank\"><span style=\"font-family: arial, helvetica, sans-serif;\">\u00a0COMPETITIONS\u00a0SUNDAY \u2013 DERBY WINNER SHOW 2013<\/span><\/a><\/strong><\/span><\/p>\n<p style=\"text-align: center;\"><img loading=\"lazy\" decoding=\"async\" class=\"aligncenter size-full wp-image-1995\" src=\"https:\/\/www.nitracacib.sk\/wp-content\/uploads\/2013\/06\/SUPERBIS-900x475.jpg\" alt=\"SUPERBIS-900x475\" width=\"900\" height=\"475\" srcset=\"https:\/\/www.nitracacib.sk\/wp-content\/uploads\/2013\/06\/SUPERBIS-900x475.jpg 900w, https:\/\/www.nitracacib.sk\/wp-content\/uploads\/2013\/06\/SUPERBIS-900x475-300x158.jpg 300w\" sizes=\"(max-width: 900px) 100vw, 900px\" \/><\/p>\n<h2 style=\"text-align: center;\"><b><span style=\"color: #1e5842;\"><span style=\"color: #005ca9;\">SUPER BEST IN SHOW<\/span><\/span> <\/b><\/h2>\n<p style=\"text-align: center;\">PETIT BASSET GRIFFON VENDEEN<\/p>\n<p style=\"text-align: center;\">\u00a0<b>AROUND NO PROBLEMS<\/b> (kat. 987)<\/p>\n<p style=\"text-align: center;\">B: LOFGREN ANNICKA OWN: RAIC IVA, HR<\/p>\n<p style=\"text-align: center;\"><span style=\"color: #1e5842;\"> <b><span style=\"color: #005ca9;\"><img loading=\"lazy\" decoding=\"async\" class=\"aligncenter size-full wp-image-1997\" src=\"https:\/\/www.nitracacib.sk\/wp-content\/uploads\/2013\/06\/BIS_SOBOTA-900x475.jpg\" alt=\"BIS_SOBOTA-900x475\" width=\"900\" height=\"475\" srcset=\"https:\/\/www.nitracacib.sk\/wp-content\/uploads\/2013\/06\/BIS_SOBOTA-900x475.jpg 900w, https:\/\/www.nitracacib.sk\/wp-content\/uploads\/2013\/06\/BIS_SOBOTA-900x475-300x158.jpg 300w\" sizes=\"(max-width: 900px) 100vw, 900px\" \/><\/span> <\/b><\/span><\/p>\n<p style=\"text-align: center;\"><strong><span style=\"color: #1e5842;\"><span style=\"color: #005ca9;\">BEST IN SHOW<\/span> <\/span><span style=\"color: #005ca9;\">NAJKRAJ\u0160\u00cd PES 30. JUBILEJNEJ MVP GRAND PRIX SLOVAKIA NITRA 2013 \u2013 SATURDAY 1.6.2013<\/span> <\/strong><\/p>\n<p style=\"text-align: center;\">1. PETIT BASSET GRIFFON VENDEEN <strong>AROUND NO PROBLEM<\/strong>S (kat. 987)<br \/>\nB: LOFGREN ANNICKA OWN: RAIC IVA, HR<\/p>\n<p style=\"text-align: center;\">2. AMERICAN STAFFORDSHIRE TERRIER <b>KO BO\u00b4S PROMETEUS<\/b> (kat. 592)<br \/>\nB: KOSZOR\u00da VIKTOR OWN: SZEGEDI SZIL\u00c1RD, HU<\/p>\n<p style=\"text-align: center;\">3. DACHSHUND KURZHAAR \u00a0<b>ANELLY Z\u00a0POSCHINGERU<\/b> (kat. 791)<br \/>\nB+OWN: FIL\u00cdPKOVI M.+ V., CZ<\/p>\n<p style=\"text-align: center;\"><img loading=\"lazy\" decoding=\"async\" class=\"aligncenter size-full wp-image-1998\" src=\"https:\/\/www.nitracacib.sk\/wp-content\/uploads\/2013\/06\/BIS_NEDELE-900x475.jpg\" alt=\"BIS_NEDELE-900x475\" width=\"900\" height=\"475\" srcset=\"https:\/\/www.nitracacib.sk\/wp-content\/uploads\/2013\/06\/BIS_NEDELE-900x475.jpg 900w, https:\/\/www.nitracacib.sk\/wp-content\/uploads\/2013\/06\/BIS_NEDELE-900x475-300x158.jpg 300w\" sizes=\"(max-width: 900px) 100vw, 900px\" \/><\/p>\n<p style=\"text-align: center;\"><span style=\"color: #1560a5;\"><strong>BEST IN SHOW NAJKRAJ\u0160\u00cd PES MVP\u00a0 DERBY WINNER SHOW NITRA 2013 \u2013 SUNDAY\u00a02.6.2013 <\/strong><\/span><\/p>\n<p style=\"text-align: center;\">1. AUSTRALIAN SHEPHERD <b>STONEHAVEN BAYSHORE SECRET STRIKE<\/b> (kat. 12)<br \/>\nB: MARGESON JEFFREY OWN: HODOV\u00c1 ZUZANA, CZ<\/p>\n<p style=\"text-align: center;\">2. AMERICAN STAFFORDSHIRE TERRIER <b>KO BO\u00b4S PROMETEUS<\/b> (kat. 572)<br \/>\nB: KOSZOR\u00da VIKTOR OWN: SZEGEDI SZIL\u00c1RD, HU<\/p>\n<p style=\"text-align: center;\">3. SIBERIAN HUSKY <b>TORQUEMADA\u00b4S ANNA BELLE<\/b> (kat. 897)<br \/>\nB+OWN: PERTICI MONIA, IT<\/p>\n<p style=\"text-align: center;\"><img loading=\"lazy\" decoding=\"async\" class=\"aligncenter size-full wp-image-2000\" src=\"https:\/\/www.nitracacib.sk\/wp-content\/uploads\/2013\/06\/JUNIORBIS_SOBOTA-900x475.jpg\" alt=\"JUNIORBIS_SOBOTA-900x475\" width=\"900\" height=\"475\" srcset=\"https:\/\/www.nitracacib.sk\/wp-content\/uploads\/2013\/06\/JUNIORBIS_SOBOTA-900x475.jpg 900w, https:\/\/www.nitracacib.sk\/wp-content\/uploads\/2013\/06\/JUNIORBIS_SOBOTA-900x475-300x158.jpg 300w\" sizes=\"(max-width: 900px) 100vw, 900px\" \/><\/p>\n<p style=\"text-align: center;\"><span style=\"color: #1560a5;\"><b>JUNIOR BEST IN SHOW <\/b><b>NAJKRAJ\u0160\u00cd MLAD\u00dd PES 30. JUBILEJNEJ MVP GRAND PRIX SLOVAKIA NITRA 2013 \u2013 SATURDAY\u00a01.6.2013 <\/b><\/span><\/p>\n<p style=\"text-align: center;\">1. AMERICAN STAFFORDSHIRE TERRIER <b>KO BO\u00b4S PROMETEUS<\/b> (592)<br \/>\nB: KOSZOR\u00da VIKTOR OWN: SZEGEDI SZIL\u00c1RD, HU<\/p>\n<p style=\"text-align: center;\">2. WHIPPET <b>ARIEL ALMIR\u00b4S FAMILY<\/b> (kat. 1624)<br \/>\nB+OWN: AUGUSTINIOV\u00c1 ZUZANA, SK<\/p>\n<p style=\"text-align: center;\">3. DEUTSCHER KURZHAAR. VORSTEHHUND\u00a0<b>NORD JOKRAN<\/b> (kat. 1040)<br \/>\nB: KRATOCHV\u00cdLL JOSEF OWN: VESEL\u00c1 ZUZANA, CZ<\/p>\n<p style=\"text-align: center;\"><img loading=\"lazy\" decoding=\"async\" class=\"aligncenter size-full wp-image-2001\" src=\"https:\/\/www.nitracacib.sk\/wp-content\/uploads\/2013\/06\/JUNIORBIS_NEDELE-900x475.jpg\" alt=\"JUNIORBIS_NEDELE-900x475\" width=\"900\" height=\"475\" srcset=\"https:\/\/www.nitracacib.sk\/wp-content\/uploads\/2013\/06\/JUNIORBIS_NEDELE-900x475.jpg 900w, https:\/\/www.nitracacib.sk\/wp-content\/uploads\/2013\/06\/JUNIORBIS_NEDELE-900x475-300x158.jpg 300w\" sizes=\"(max-width: 900px) 100vw, 900px\" \/><\/p>\n<p style=\"text-align: center;\"><span style=\"color: #1e5842;\"><b><span style=\"color: #005ca9;\">DERBY BEST IN SHOW<\/span> <\/b><\/span><b>NAJKRAJ\u0160\u00cd MLAD\u00dd PES MVP DERBY WINNER SHOW NITRA 2013 \u2013 SUNDAY\u00a02.6.2013 <\/b><\/p>\n<p style=\"text-align: center;\">1. LAGOTTO ROMAGNOLO <b>COCO<\/b> (kat. 1172)<br \/>\nB: GALLERINI FABIO OWN: KADN\u00c1ROV\u00c1 JANA, SK<\/p>\n<p style=\"text-align: center;\">2. AMERICAN STAFFORDSHIRE TERRIER <b>KO BO\u00b4S PROMETEUS<\/b> (kat. 572)<br \/>\nB: KOSZOR\u00da VIKTOR OWN: SZEGEDI SZIL\u00c1RD, HU<\/p>\n<p style=\"text-align: center;\">3. WHIPPET <b>ARIEL ALMIR\u00b4S FAMILY<\/b> (kat. 1568)<br \/>\nB+OWN: AUGUSTINIOV\u00c1 ZUZANA, SK<\/p>\n<p>&nbsp;<\/p>\n<h2 style=\"text-align: center;\"><span style=\"color: #005ca9;\">GRAND PRIX SLOVAKIA 2013<\/span><\/h2>\n<p><p>Invalid Displayed Gallery<\/p><\/p>\n<h2 style=\"text-align: left;\"><\/h2>\n<h2 style=\"text-align: center;\"><span style=\"color: #005ca9;\">DERBY WINNER SHOW 2013<\/span><\/h2>\n<p><p>Invalid Displayed Gallery<\/p><\/p>\n<p>[\/et_pb_text][\/et_pb_column][\/et_pb_row][\/et_pb_section]<\/p>\n","protected":false},"excerpt":{"rendered":"<p>GRAND PRIX SLOVAKIA \u00a0&amp; DERBY WINNER SHOW \u00a01.-2.6.2013 RESULTS\u00a0SATURDAY \u2013 GRAND PRIX SLOVAKIA 2013 ,\u00a0 RESULTS\u00a0SATURDAY \u2013 DERBY WINNER SHOW 2013 FINAL\u00a0COMPETITIONS SATURDAY \u2013 GRAND PRIX SLOVAKIA 2013,\u00a0FINAL\u00a0COMPETITIONS\u00a0SUNDAY \u2013 DERBY WINNER SHOW 2013 SUPER BEST IN SHOW PETIT BASSET GRIFFON VENDEEN \u00a0AROUND NO PROBLEMS (kat. 987) B: LOFGREN ANNICKA OWN: RAIC IVA, HR BEST IN [&hellip;]<\/p>\n","protected":false},"author":1001003,"featured_media":0,"parent":0,"menu_order":0,"comment_status":"closed","ping_status":"closed","template":"","meta":{"_et_pb_use_builder":"on","_et_pb_old_content":"<h1 style=\"text-align: center;\"><span style=\"color: #1e5842;\"> <span style=\"color: #005ca9;\">GRAND PRIX SLOVAKIA \u00a0&amp; DERBY WINNER SHOW \u00a01.-2.6.2013<\/span><\/span><\/h1><p style=\"text-align: center;\"><span style=\"color: #1560a5;\"><strong><a style=\"color: #1560a5;\" href=\"http:\/\/www.nitracacib.sk\/wp-content\/uploads\/2013\/07\/Vysledky_SOBOTA_GrandPrix_SK2013.xls\" target=\"_blank\">RESULTS\u00a0SATURDAY \u2013 GRAND PRIX SLOVAKIA 2013<\/a> ,\u00a0 <a style=\"color: #1560a5;\" href=\"http:\/\/www.nitracacib.sk\/wp-content\/uploads\/2013\/07\/Vysledky_NEDELA_DerbyWS2013.xls\" target=\"_blank\">RESULTS<\/a><\/strong><strong><a style=\"color: #1560a5;\" href=\"http:\/\/www.nitracacib.sk\/wp-content\/uploads\/2013\/07\/Vysledky_NEDELA_DerbyWS2013.xls\" target=\"_blank\">\u00a0SATURDAY \u2013 DERBY WINNER SHOW 2013<br \/> <\/a><\/strong><strong><span style=\"font-family: arial, helvetica, sans-serif;\"><a style=\"color: #1560a5;\" href=\"http:\/\/www.nitracacib.sk\/wp-content\/uploads\/2013\/06\/vysledky_-zaverecne-sutaze_sobota.pdf\" target=\"_blank\">FINAL\u00a0COMPETITIONS SATURDAY \u2013 GRAND PRIX SLOVAKIA 2013<\/a>,\u00a0FINAL<\/span><a style=\"color: #1560a5;\" href=\"http:\/\/www.nitracacib.sk\/wp-content\/uploads\/2013\/06\/vysledky_-zaverecne-sutaze_nedela.pdf\" target=\"_blank\"><span style=\"font-family: arial, helvetica, sans-serif;\">\u00a0COMPETITIONS\u00a0SUNDAY \u2013 DERBY WINNER SHOW 2013<\/span><\/a><\/strong><\/span><\/p><p style=\"text-align: center;\"><img class=\"aligncenter size-full wp-image-1995\" src=\"http:\/\/www.nitracacib.sk\/wp-content\/uploads\/2013\/06\/SUPERBIS-900x475.jpg\" alt=\"SUPERBIS-900x475\" width=\"900\" height=\"475\" \/><\/p><h2 style=\"text-align: center;\"><b><span style=\"color: #1e5842;\"><span style=\"color: #005ca9;\">SUPER BEST IN SHOW<\/span><\/span> <\/b><\/h2><p style=\"text-align: center;\">PETIT BASSET GRIFFON VENDEEN<\/p><p style=\"text-align: center;\">\u00a0<b>AROUND NO PROBLEMS<\/b> (kat. 987)<\/p><p style=\"text-align: center;\">B: LOFGREN ANNICKA OWN: RAIC IVA, HR<\/p><p style=\"text-align: center;\"><span style=\"color: #1e5842;\"> <b><span style=\"color: #005ca9;\"><img class=\"aligncenter size-full wp-image-1997\" src=\"http:\/\/www.nitracacib.sk\/wp-content\/uploads\/2013\/06\/BIS_SOBOTA-900x475.jpg\" alt=\"BIS_SOBOTA-900x475\" width=\"900\" height=\"475\" \/><\/span> <\/b><\/span><\/p><p style=\"text-align: center;\"><strong><span style=\"color: #1e5842;\"><span style=\"color: #005ca9;\">BEST IN SHOW<\/span> <\/span><span style=\"color: #005ca9;\">NAJKRAJ\u0160\u00cd PES 30. JUBILEJNEJ MVP GRAND PRIX SLOVAKIA NITRA 2013 \u2013 SATURDAY 1.6.2013<\/span> <\/strong><\/p><p style=\"text-align: center;\">1. PETIT BASSET GRIFFON VENDEEN <strong>AROUND NO PROBLEM<\/strong>S (kat. 987)<br \/> B: LOFGREN ANNICKA OWN: RAIC IVA, HR<\/p><p style=\"text-align: center;\">2. AMERICAN STAFFORDSHIRE TERRIER <b>KO BO\u00b4S PROMETEUS<\/b> (kat. 592)<br \/> B: KOSZOR\u00da VIKTOR OWN: SZEGEDI SZIL\u00c1RD, HU<\/p><p style=\"text-align: center;\">3. DACHSHUND KURZHAAR \u00a0<b>ANELLY Z\u00a0POSCHINGERU<\/b> (kat. 791)<br \/> B+OWN: FIL\u00cdPKOVI M.+ V., CZ<\/p><p style=\"text-align: center;\"><img class=\"aligncenter size-full wp-image-1998\" src=\"http:\/\/www.nitracacib.sk\/wp-content\/uploads\/2013\/06\/BIS_NEDELE-900x475.jpg\" alt=\"BIS_NEDELE-900x475\" width=\"900\" height=\"475\" \/><\/p><p style=\"text-align: center;\"><span style=\"color: #1560a5;\"><strong>BEST IN SHOW NAJKRAJ\u0160\u00cd PES MVP\u00a0 DERBY WINNER SHOW NITRA 2013 \u2013 SUNDAY\u00a02.6.2013 <\/strong><\/span><\/p><p style=\"text-align: center;\">1. AUSTRALIAN SHEPHERD <b>STONEHAVEN BAYSHORE SECRET STRIKE<\/b> (kat. 12)<br \/> B: MARGESON JEFFREY OWN: HODOV\u00c1 ZUZANA, CZ<\/p><p style=\"text-align: center;\">2. AMERICAN STAFFORDSHIRE TERRIER <b>KO BO\u00b4S PROMETEUS<\/b> (kat. 572)<br \/> B: KOSZOR\u00da VIKTOR OWN: SZEGEDI SZIL\u00c1RD, HU<\/p><p style=\"text-align: center;\">3. SIBERIAN HUSKY <b>TORQUEMADA\u00b4S ANNA BELLE<\/b> (kat. 897)<br \/> B+OWN: PERTICI MONIA, IT<\/p><p style=\"text-align: center;\"><img class=\"aligncenter size-full wp-image-2000\" src=\"http:\/\/www.nitracacib.sk\/wp-content\/uploads\/2013\/06\/JUNIORBIS_SOBOTA-900x475.jpg\" alt=\"JUNIORBIS_SOBOTA-900x475\" width=\"900\" height=\"475\" \/><\/p><p style=\"text-align: center;\"><span style=\"color: #1560a5;\"><b>JUNIOR BEST IN SHOW <\/b><b>NAJKRAJ\u0160\u00cd MLAD\u00dd PES 30. JUBILEJNEJ MVP GRAND PRIX SLOVAKIA NITRA 2013 \u2013 SATURDAY\u00a01.6.2013 <\/b><\/span><\/p><p style=\"text-align: center;\">1. AMERICAN STAFFORDSHIRE TERRIER <b>KO BO\u00b4S PROMETEUS<\/b> (592)<br \/> B: KOSZOR\u00da VIKTOR OWN: SZEGEDI SZIL\u00c1RD, HU<\/p><p style=\"text-align: center;\">2. WHIPPET <b>ARIEL ALMIR\u00b4S FAMILY<\/b> (kat. 1624)<br \/> B+OWN: AUGUSTINIOV\u00c1 ZUZANA, SK<\/p><p style=\"text-align: center;\">3. DEUTSCHER KURZHAAR. VORSTEHHUND\u00a0<b>NORD JOKRAN<\/b> (kat. 1040)<br \/> B: KRATOCHV\u00cdLL JOSEF OWN: VESEL\u00c1 ZUZANA, CZ<\/p><p style=\"text-align: center;\"><img class=\"aligncenter size-full wp-image-2001\" src=\"http:\/\/www.nitracacib.sk\/wp-content\/uploads\/2013\/06\/JUNIORBIS_NEDELE-900x475.jpg\" alt=\"JUNIORBIS_NEDELE-900x475\" width=\"900\" height=\"475\" \/><\/p><p style=\"text-align: center;\"><span style=\"color: #1e5842;\"><b><span style=\"color: #005ca9;\">DERBY BEST IN SHOW<\/span> <\/b><\/span><b>NAJKRAJ\u0160\u00cd MLAD\u00dd PES MVP DERBY WINNER SHOW NITRA 2013 \u2013 SUNDAY\u00a02.6.2013 <\/b><\/p><p style=\"text-align: center;\">1. LAGOTTO ROMAGNOLO <b>COCO<\/b> (kat. 1172)<br \/> B: GALLERINI FABIO OWN: KADN\u00c1ROV\u00c1 JANA, SK<\/p><p style=\"text-align: center;\">2. AMERICAN STAFFORDSHIRE TERRIER <b>KO BO\u00b4S PROMETEUS<\/b> (kat. 572)<br \/> B: KOSZOR\u00da VIKTOR OWN: SZEGEDI SZIL\u00c1RD, HU<\/p><p style=\"text-align: center;\">3. WHIPPET <b>ARIEL ALMIR\u00b4S FAMILY<\/b> (kat. 1568)<br \/> B+OWN: AUGUSTINIOV\u00c1 ZUZANA, SK<\/p><p>\u00a0<\/p><h2 style=\"text-align: center;\"><span style=\"color: #005ca9;\">GRAND PRIX SLOVAKIA 2013<\/span><\/h2><p><img class=\"ngg_displayed_gallery mceItem\" src=\"http:\/\/www.nitracacib.sk\/nextgen-attach_to_post\/preview\/id--2003\" alt=\"\" \/><\/p><h2 style=\"text-align: left;\">\u00a0<\/h2><h2 style=\"text-align: center;\"><span style=\"color: #005ca9;\">DERBY WINNER SHOW 2013<\/span><\/h2><p><img class=\"ngg_displayed_gallery mceItem\" src=\"http:\/\/www.nitracacib.sk\/nextgen-attach_to_post\/preview\/id--2005\" alt=\"\" \/><\/p>","_et_gb_content_width":"","ngg_post_thumbnail":0,"iawp_total_views":2,"footnotes":""},"class_list":["post-2154","page","type-page","status-publish","hentry"],"_links":{"self":[{"href":"https:\/\/www.nitracacib.sk\/en\/wp-json\/wp\/v2\/pages\/2154","targetHints":{"allow":["GET"]}}],"collection":[{"href":"https:\/\/www.nitracacib.sk\/en\/wp-json\/wp\/v2\/pages"}],"about":[{"href":"https:\/\/www.nitracacib.sk\/en\/wp-json\/wp\/v2\/types\/page"}],"author":[{"embeddable":true,"href":"https:\/\/www.nitracacib.sk\/en\/wp-json\/wp\/v2\/users\/1001003"}],"replies":[{"embeddable":true,"href":"https:\/\/www.nitracacib.sk\/en\/wp-json\/wp\/v2\/comments?post=2154"}],"version-history":[{"count":0,"href":"https:\/\/www.nitracacib.sk\/en\/wp-json\/wp\/v2\/pages\/2154\/revisions"}],"wp:attachment":[{"href":"https:\/\/www.nitracacib.sk\/en\/wp-json\/wp\/v2\/media?parent=2154"}],"curies":[{"name":"wp","href":"https:\/\/api.w.org\/{rel}","templated":true}]}}