{"id":2158,"date":"2014-11-25T22:02:07","date_gmt":"2014-11-25T21:02:07","guid":{"rendered":"http:\/\/www.nitracacib.sk\/?page_id=2158"},"modified":"2016-01-09T18:04:04","modified_gmt":"2016-01-09T17:04:04","slug":"2012-june","status":"publish","type":"page","link":"https:\/\/www.nitracacib.sk\/en\/2012-june\/","title":{"rendered":"2012 June"},"content":{"rendered":"<p>[et_pb_section admin_label=&#8221;section&#8221;][et_pb_row admin_label=&#8221;row&#8221;][et_pb_column type=&#8221;4_4&#8243;][et_pb_gallery admin_label=&#8221;Gallery 2012 JUN&#8221; gallery_ids=&#8221;1979,2085&#8243; fullwidth=&#8221;on&#8221; show_title_and_caption=&#8221;off&#8221; show_pagination=&#8221;off&#8221; background_layout=&#8221;light&#8221; auto=&#8221;on&#8221; auto_speed=&#8221;6000&#8243; hover_overlay_color=&#8221;rgba(255,255,255,0.9)&#8221; caption_font_size=&#8221;14&#8243; caption_all_caps=&#8221;off&#8221; title_font_size=&#8221;16&#8243; use_border_color=&#8221;off&#8221; border_color=&#8221;#ffffff&#8221; border_style=&#8221;solid&#8221;] [\/et_pb_gallery][et_pb_text admin_label=&#8221;Text&#8221;]<\/p>\n<h1 style=\"text-align: center;\"><span style=\"color: #025a77;\">GRAND PRIX SLOVAKIA \u00a0&amp; DERBY WINNER SHOW \u00a09.-10.6.2012<\/span><\/h1>\n<p style=\"text-align: center;\"><span style=\"color: #025a77;\"><strong><a style=\"color: #025a77;\" href=\"http:\/\/www.klubovavystava.sk\/vysledky\/v37.php\">RESULTS\u00a0SATURDAY &#8211; GRAND PRIX SLOVAKIA 2012 <\/a><\/strong><\/span>[online],<strong>\u00a0 <span style=\"color: #025a77;\"><a style=\"color: #025a77;\" href=\"http:\/\/www.klubovavystava.sk\/vysledky\/v38.php\">RESULTS<\/a><\/span><\/strong><span style=\"color: #025a77;\"><strong><a style=\"color: #025a77;\" href=\"http:\/\/www.klubovavystava.sk\/vysledky\/v38.php\">\u00a0SUNDAY &#8211; DERBY WINNER SHOW 2012<\/a><\/strong><\/span> [online]<\/p>\n<p><img loading=\"lazy\" decoding=\"async\" class=\"aligncenter size-full wp-image-2032\" src=\"https:\/\/www.nitracacib.sk\/wp-content\/uploads\/2013\/03\/bis_sob.jpg\" alt=\"bis_sob\" width=\"916\" height=\"616\" srcset=\"https:\/\/www.nitracacib.sk\/wp-content\/uploads\/2013\/03\/bis_sob.jpg 916w, https:\/\/www.nitracacib.sk\/wp-content\/uploads\/2013\/03\/bis_sob-300x201.jpg 300w\" sizes=\"(max-width: 916px) 100vw, 916px\" \/><\/p>\n<p style=\"text-align: center;\"><span style=\"color: #025a77;\"><strong>BEST IN SHOW SATURDAY &#8211; GRAND PRIX SLOVAKIA 2012<\/strong><\/span><\/p>\n<p style=\"text-align: center;\">1. TIBETAN TERRIER, cat. 1516,\u00a0<strong>ATISHA&#8217; S BLANC DE NOIR<\/strong>,<br \/>\nOWN: FUZESERI\/TEPPAZ EVA\/FRANCOIS<\/p>\n<p style=\"text-align: center;\">2. AMERICAN AKITA, cat. 858,\u00a0<strong>LORD OF ODATE&#8217; S INHERITANCE MERLIN<\/strong>,<br \/>\nOWN: LUDVI\u010cKOV\u00c1 MONIKA<\/p>\n<p style=\"text-align: center;\">3. AUSTRALIAN SHEPHERD, cat. 8,\u00a0<strong>STONEHAVEN BAYSHORE SECRET STRIKE<\/strong>,<br \/>\nOWN: HODOV\u00c1 ZUZANA<\/p>\n<p style=\"text-align: center;\">[responsive]<img loading=\"lazy\" decoding=\"async\" class=\"aligncenter size-full wp-image-2055\" src=\"https:\/\/www.nitracacib.sk\/wp-content\/uploads\/2013\/03\/bis_gp_sob.jpg\" alt=\"bis_gp_sob\" width=\"916\" height=\"616\" srcset=\"https:\/\/www.nitracacib.sk\/wp-content\/uploads\/2013\/03\/bis_gp_sob.jpg 916w, https:\/\/www.nitracacib.sk\/wp-content\/uploads\/2013\/03\/bis_gp_sob-300x201.jpg 300w\" sizes=\"(max-width: 916px) 100vw, 916px\" \/>[\/responsive]<\/p>\n<p style=\"text-align: center;\"><span style=\"color: #025a77;\"><strong>BEST IN SHOW SUNDAY &#8211; DERBY WINNER SHOW 2012<\/strong><\/span><\/p>\n<p style=\"text-align: center;\">1. AMERICAN AKITA, cat. 813, <strong>LORD OF ODATE&#8217; S INHERITANCE MERLIN<\/strong>,<br \/>\nOWN: LUDVI\u010cKOV\u00c1 MONIKA<\/p>\n<p style=\"text-align: center;\">2. AUSTRALIAN SHEPHERD, cat. 8, <strong>STONEHAVEN BAYSHORE SECRET STRIKE<\/strong>,<br \/>\nOWN: HODOV\u00c1 ZUZANA<\/p>\n<p style=\"text-align: center;\">3. NEWFOUNDLAND, cat. 414, <strong>KING OF HELLULAND FEEL THE WIN<\/strong>,<br \/>\nOWN: KRO\u010cKO SO\u0147A + VLADIM\u00cdR<\/p>\n<h2 style=\"text-align: center;\"><\/h2>\n<h2 style=\"text-align: center;\"><span style=\"color: #025a77;\">GRAND PRIX SLOVAKIA 2012<\/span><\/h2>\n<p style=\"text-align: center;\"><span style=\"color: #333399;\">ngg_shortcode_0_placeholder<\/span><\/p>\n<h2 style=\"text-align: center;\"><span style=\"color: #025a77;\">DERBY WINNER SHOW 2012<\/span><\/h2>\n<p style=\"text-align: center;\">ngg_shortcode_1_placeholder [\/et_pb_text][\/et_pb_column][\/et_pb_row][\/et_pb_section]<\/p>\n","protected":false},"excerpt":{"rendered":"<p>GRAND PRIX SLOVAKIA \u00a0&amp; DERBY WINNER SHOW \u00a09.-10.6.2012 RESULTS\u00a0SATURDAY &#8211; GRAND PRIX SLOVAKIA 2012 [online],\u00a0 RESULTS\u00a0SUNDAY &#8211; DERBY WINNER SHOW 2012 [online] BEST IN SHOW SATURDAY &#8211; GRAND PRIX SLOVAKIA 2012 1. TIBETAN TERRIER, cat. 1516,\u00a0ATISHA&#8217; S BLANC DE NOIR, OWN: FUZESERI\/TEPPAZ EVA\/FRANCOIS 2. AMERICAN AKITA, cat. 858,\u00a0LORD OF ODATE&#8217; S INHERITANCE MERLIN, OWN: LUDVI\u010cKOV\u00c1 [&hellip;]<\/p>\n","protected":false},"author":1001003,"featured_media":0,"parent":0,"menu_order":0,"comment_status":"closed","ping_status":"closed","template":"","meta":{"_et_pb_use_builder":"on","_et_pb_old_content":"<h1 style=\"text-align: center;\"><span style=\"color: #025a77;\">GRAND PRIX SLOVAKIA \u00a0& DERBY WINNER SHOW \u00a09.-10.6.2012<\/span><\/h1><p style=\"text-align: center;\"><span style=\"color: #025a77;\"><strong><a style=\"color: #025a77;\" href=\"http:\/\/www.klubovavystava.sk\/vysledky\/v37.php\">RESULTS\u00a0SATURDAY - GRAND PRIX SLOVAKIA 2012 <\/a><\/strong><\/span>[online],<strong>\u00a0 <span style=\"color: #025a77;\"><a style=\"color: #025a77;\" href=\"http:\/\/www.klubovavystava.sk\/vysledky\/v38.php\">RESULTS<\/a><\/span><\/strong><span style=\"color: #025a77;\"><strong><a style=\"color: #025a77;\" href=\"http:\/\/www.klubovavystava.sk\/vysledky\/v38.php\">\u00a0SUNDAY - DERBY WINNER SHOW 2012<\/a><\/strong><\/span> [online]<\/p><p><img class=\"aligncenter size-full wp-image-2032\" src=\"http:\/\/www.nitracacib.sk\/wp-content\/uploads\/2013\/03\/bis_sob.jpg\" alt=\"bis_sob\" width=\"916\" height=\"616\" \/><\/p><p style=\"text-align: center;\"><span style=\"color: #025a77;\"><strong>BEST IN SHOW SATURDAY - GRAND PRIX SLOVAKIA 2012<\/strong><\/span><\/p><p style=\"text-align: center;\">1. TIBETAN TERRIER, cat. 1516,\u00a0<strong>ATISHA' S BLANC DE NOIR<\/strong>,<br \/> OWN: FUZESERI\/TEPPAZ EVA\/FRANCOIS<\/p><p style=\"text-align: center;\">2. AMERICAN AKITA, cat. 858,\u00a0<strong>LORD OF ODATE' S INHERITANCE MERLIN<\/strong>,<br \/> OWN: LUDVI\u010cKOV\u00c1 MONIKA<\/p><p style=\"text-align: center;\">3. AUSTRALIAN SHEPHERD, cat. 8,\u00a0<strong>STONEHAVEN BAYSHORE SECRET STRIKE<\/strong>,<br \/> OWN: HODOV\u00c1 ZUZANA<\/p><p style=\"text-align: center;\">[responsive]<img class=\"aligncenter size-full wp-image-2055\" src=\"http:\/\/www.nitracacib.sk\/wp-content\/uploads\/2013\/03\/bis_gp_sob.jpg\" alt=\"bis_gp_sob\" width=\"916\" height=\"616\" \/>[\/responsive]<\/p><p style=\"text-align: center;\"><span style=\"color: #025a77;\"><strong>BEST IN SHOW SUNDAY - DERBY WINNER SHOW 2012<\/strong><\/span><\/p><p style=\"text-align: center;\">1. AMERICAN AKITA, cat. 813, <strong>LORD OF ODATE' S INHERITANCE MERLIN<\/strong>,<br \/> OWN: LUDVI\u010cKOV\u00c1 MONIKA<\/p><p style=\"text-align: center;\">2. AUSTRALIAN SHEPHERD, cat. 8, <strong>STONEHAVEN BAYSHORE SECRET STRIKE<\/strong>,<br \/> OWN: HODOV\u00c1 ZUZANA<\/p><p style=\"text-align: center;\">3. NEWFOUNDLAND, cat. 414, <strong>KING OF HELLULAND FEEL THE WIN<\/strong>,<br \/> OWN: KRO\u010cKO SO\u0147A + VLADIM\u00cdR<\/p><h2 style=\"text-align: center;\">\u00a0<\/h2><h2 style=\"text-align: center;\"><span style=\"color: #025a77;\">GRAND PRIX SLOVAKIA 2012<\/span><\/h2><p style=\"text-align: center;\"><span style=\"color: #333399;\">[nggallery id=1]<\/span><\/p><h2 style=\"text-align: center;\"><span style=\"color: #025a77;\">DERBY WINNER SHOW 2012<\/span><\/h2><p style=\"text-align: center;\">[nggallery id=2]<\/p>","_et_gb_content_width":"","ngg_post_thumbnail":0,"iawp_total_views":4,"footnotes":""},"class_list":["post-2158","page","type-page","status-publish","hentry"],"_links":{"self":[{"href":"https:\/\/www.nitracacib.sk\/en\/wp-json\/wp\/v2\/pages\/2158","targetHints":{"allow":["GET"]}}],"collection":[{"href":"https:\/\/www.nitracacib.sk\/en\/wp-json\/wp\/v2\/pages"}],"about":[{"href":"https:\/\/www.nitracacib.sk\/en\/wp-json\/wp\/v2\/types\/page"}],"author":[{"embeddable":true,"href":"https:\/\/www.nitracacib.sk\/en\/wp-json\/wp\/v2\/users\/1001003"}],"replies":[{"embeddable":true,"href":"https:\/\/www.nitracacib.sk\/en\/wp-json\/wp\/v2\/comments?post=2158"}],"version-history":[{"count":0,"href":"https:\/\/www.nitracacib.sk\/en\/wp-json\/wp\/v2\/pages\/2158\/revisions"}],"wp:attachment":[{"href":"https:\/\/www.nitracacib.sk\/en\/wp-json\/wp\/v2\/media?parent=2158"}],"curies":[{"name":"wp","href":"https:\/\/api.w.org\/{rel}","templated":true}]}}