{"id":2684,"date":"2015-07-31T20:05:25","date_gmt":"2015-07-31T18:05:25","guid":{"rendered":"http:\/\/www.nitracacib.sk\/?page_id=2684"},"modified":"2016-02-01T21:39:08","modified_gmt":"2016-02-01T20:39:08","slug":"2015-2","status":"publish","type":"page","link":"https:\/\/www.nitracacib.sk\/en\/2015-2\/","title":{"rendered":"2015"},"content":{"rendered":"<p>[et_pb_section admin_label=&#8221;Sekcia&#8221; fullwidth=&#8221;on&#8221; specialty=&#8221;off&#8221;][et_pb_fullwidth_image admin_label=&#8221;Obr\u00e1zok na pln\u00fa \u0161\u00edrku banner 2015&#8243; src=&#8221;http:\/\/www.nitracacib.sk\/wp-content\/uploads\/2015\/07\/banner-2015-960x354px.png&#8221; show_in_lightbox=&#8221;off&#8221; url_new_window=&#8221;off&#8221; animation=&#8221;off&#8221; use_border_color=&#8221;off&#8221; border_color=&#8221;#ffffff&#8221; border_style=&#8221;solid&#8221;] [\/et_pb_fullwidth_image][\/et_pb_section][et_pb_section admin_label=&#8221;section&#8221;][et_pb_row admin_label=&#8221;row&#8221;][et_pb_column type=&#8221;4_4&#8243;][et_pb_text admin_label=&#8221;Text&#8221; background_layout=&#8221;light&#8221; text_orientation=&#8221;left&#8221; use_border_color=&#8221;off&#8221; border_color=&#8221;#ffffff&#8221; border_style=&#8221;solid&#8221;]<\/p>\n<h3 style=\"text-align: center;\"><strong><span style=\"color: #0c5ea7;\">Final competitions<\/span><\/strong><\/h3>\n<div style=\"text-align: center;\"><span style=\"color: #0c5ea7;\">FRIDAY 5.6.2015 \u2013\u00a0<strong><a style=\"color: #0c5ea7;\" href=\"http:\/\/www.nitracacib.sk\/wp-content\/uploads\/2015\/08\/Vysledky_-zaverecky_piatok-09082015.pdf\">WORLD SPECIAL SHOW &amp; CAC ALL BREEDS SHOW\u00a0<\/a><\/strong><\/span><\/div>\n<div style=\"text-align: center;\"><span style=\"color: #0c5ea7;\">SATURDAY 6.6.2015 \u2013 <strong><a style=\"color: #0c5ea7;\" href=\"http:\/\/www.nitracacib.sk\/wp-content\/uploads\/2015\/06\/vysledky_-zaverecne-sutaze_sobota.pdf\" target=\"_blank\">GRAND PRIX SLOVAKIA 2015<\/a><\/strong><\/span><\/div>\n<div style=\"text-align: center;\"><span style=\"color: #0c5ea7;\">SUNDAY\u00a07.6.2015 \u2013 <strong><a style=\"color: #0c5ea7;\" href=\"http:\/\/www.nitracacib.sk\/wp-content\/uploads\/2015\/08\/vysledky_-zaverecky_nedela-2015.pdf\">DERBY WINNER SHOW 2015<\/a><\/strong><\/span><\/div>\n<div style=\"text-align: center;\"><span style=\"color: #0c5ea7;\">\u00a0.<\/span><\/div>\n<h3 style=\"text-align: center;\"><strong><span style=\"color: #0c5ea7;\">Results<\/span><\/strong><\/h3>\n<div style=\"text-align: center;\">\n<div><span style=\"color: #0c5ea7;\">FRIDAY\u00a05.6.2015 \u2013\u00a0<strong><a href=\"http:\/\/www.nitracacib.sk\/wp-content\/uploads\/2015\/08\/Povystavny-katalog_PIATOK_09082015.pdf\"><span style=\"color: #0c5ea7;\">WORLD SPECIAL SHOW &amp; CAC ALL BREEDS SHOW<\/span><\/a><\/strong><\/span><\/div>\n<div><span style=\"color: #0c5ea7;\">SATURDAY\u00a06.6.2015 \u2013 <strong><a style=\"color: #0c5ea7;\" href=\"http:\/\/www.nitracacib.sk\/wp-content\/uploads\/2016\/02\/2015-Povystavny-katalog_SOBOTA_final.pdf\" target=\"_blank\">GRAND PRIX SLOVAKIA 2015<\/a><\/strong><\/span><\/div>\n<div><span style=\"color: #0c5ea7;\">SUNDAY\u00a07.6.2015 \u2013 <strong><a style=\"color: #0c5ea7;\" href=\"http:\/\/www.nitracacib.sk\/wp-content\/uploads\/2015\/06\/POVYSTAVNY-KATALOG_NEDELA.pdf\" target=\"_blank\">DERBY WINNER SHOW 2015<\/a><\/strong><\/span><\/div>\n<\/div>\n<div><span style=\"color: #0c5ea7;\">\u00a0<\/span><\/div>\n<h2 lang=\"SK\" style=\"text-align: center;\"><\/h2>\n<p style=\"text-align: center;\"><img loading=\"lazy\" decoding=\"async\" class=\"aligncenter size-full wp-image-2675\" src=\"https:\/\/www.nitracacib.sk\/wp-content\/uploads\/2015\/07\/SUPER-BIS-2015-900px.jpg\" alt=\"SUPER-BIS-2015-900px\" width=\"900\" height=\"600\" srcset=\"https:\/\/www.nitracacib.sk\/wp-content\/uploads\/2015\/07\/SUPER-BIS-2015-900px.jpg 900w, https:\/\/www.nitracacib.sk\/wp-content\/uploads\/2015\/07\/SUPER-BIS-2015-900px-300x200.jpg 300w\" sizes=\"(max-width: 900px) 100vw, 900px\" \/><\/p>\n<h2 lang=\"SK\" style=\"text-align: center;\"><span style=\"color: #0c5ea7;\"><strong>FARMINA SUPREME BEST IN SHOW\u00a0<\/strong><\/span><\/h2>\n<p style=\"text-align: center;\">Newfoundland <strong><span lang=\"EN-US\">KING OF HELLULAND YOU ARE THE BEST<\/span><br \/>\n<\/strong><span lang=\"EN-US\">Breeder: Kro<\/span>\u010d<span lang=\"EN-US\">ko So<\/span>\u0148<span lang=\"EN-US\">a &amp; Vladim\u00edr, Owner: Kro<\/span>\u010d<span lang=\"EN-US\">ko So<\/span>\u0148<span lang=\"EN-US\">a &amp; Vladim\u00edr, Slovakia<\/span><\/p>\n<h2 style=\"text-align: center;\"><span style=\"color: #0c5ea7;\">Sunday\u00a0DERBY WINNER SHOW 2015<\/span><\/h2>\n<p style=\"text-align: center;\"><p>Invalid Displayed Gallery<\/p><\/p>\n<h2 style=\"text-align: center;\"><span style=\"color: #0c5ea7;\">Saturday GRAND PRIX SLOVAKIA 2015<\/span><\/h2>\n<p style=\"text-align: center;\"><p>Invalid Displayed Gallery<\/p><\/p>\n<h2 style=\"text-align: center;\"><span style=\"color: #0c5ea7;\">Friday\u00a0CAC ALL BREEDS SHOW 2015<\/span><\/h2>\n<p style=\"text-align: center;\"><p>Invalid Displayed Gallery<\/p><\/p>\n<p>[\/et_pb_text][\/et_pb_column][\/et_pb_row][\/et_pb_section]<\/p>\n","protected":false},"excerpt":{"rendered":"<p>Final competitions FRIDAY 5.6.2015 \u2013\u00a0WORLD SPECIAL SHOW &amp; CAC ALL BREEDS SHOW\u00a0 SATURDAY 6.6.2015 \u2013 GRAND PRIX SLOVAKIA 2015 SUNDAY\u00a07.6.2015 \u2013 DERBY WINNER SHOW 2015 \u00a0. Results FRIDAY\u00a05.6.2015 \u2013\u00a0WORLD SPECIAL SHOW &amp; CAC ALL BREEDS SHOW SATURDAY\u00a06.6.2015 \u2013 GRAND PRIX SLOVAKIA 2015 SUNDAY\u00a07.6.2015 \u2013 DERBY WINNER SHOW 2015 \u00a0 FARMINA SUPREME BEST IN SHOW\u00a0 Newfoundland [&hellip;]<\/p>\n","protected":false},"author":1001003,"featured_media":0,"parent":0,"menu_order":0,"comment_status":"closed","ping_status":"closed","template":"","meta":{"_et_pb_use_builder":"on","_et_pb_old_content":"<h3 style=\"text-align: center;\"><strong><span style=\"color: #0c5ea7;\">Final competitions<\/span><\/strong><\/h3><div style=\"text-align: center;\"><span style=\"color: #0c5ea7;\">FRIDAY 5.6.2015 \u2013\u00a0<strong><a href=\"http:\/\/www.nitracacib.sk\/wp-content\/uploads\/2015\/08\/Vysledky_-zaverecky_piatok-09082015.pdf\">WORLD SPECIAL SHOW & CAC ALL BREEDS SHOW\u00a0<\/a><\/strong><\/span><\/div><div style=\"text-align: center;\"><span style=\"color: #0c5ea7;\">SATURDAY 6.6.2015 \u2013 <strong><a style=\"color: #0c5ea7;\" href=\"http:\/\/www.nitracacib.sk\/wp-content\/uploads\/2015\/06\/vysledky_-zaverecne-sutaze_sobota.pdf\" target=\"_blank\">GRAND PRIX SLOVAKIA 2015<\/a><\/strong><\/span><\/div><div style=\"text-align: center;\"><span style=\"color: #0c5ea7;\">SUNDAY\u00a07.6.2015 \u2013 <strong><a href=\"http:\/\/www.nitracacib.sk\/wp-content\/uploads\/2015\/08\/vysledky_-zaverecky_nedela-2015.pdf\">DERBY WINNER SHOW 2015<\/a><\/strong><\/span><\/div><div style=\"text-align: center;\"><span style=\"color: #0c5ea7;\">\u00a0.<\/span><\/div><h3 style=\"text-align: center;\"><strong><span style=\"color: #0c5ea7;\">Results<\/span><\/strong><\/h3><div style=\"text-align: center;\"><div><span style=\"color: #0c5ea7;\">FRIDAY\u00a05.6.2015 \u2013\u00a0<strong><a href=\"http:\/\/www.nitracacib.sk\/wp-content\/uploads\/2015\/08\/Povystavny-katalog_PIATOK_09082015.pdf\">WORLD SPECIAL SHOW & CAC ALL BREEDS SHOW<\/a><\/strong><\/span><\/div><div><span style=\"color: #0c5ea7;\">SATURDAY\u00a06.6.2015 \u2013 <strong><a style=\"color: #0c5ea7;\" href=\"http:\/\/www.nitracacib.sk\/wp-content\/uploads\/2015\/06\/POVYSTAVNY-KATALOG_SOBOTA.pdf\" target=\"_blank\">GRAND PRIX SLOVAKIA 2015<\/a><\/strong><\/span><\/div><div><span style=\"color: #0c5ea7;\">SUNDAY\u00a07.6.2015 \u2013 <strong><a style=\"color: #0c5ea7;\" href=\"http:\/\/www.nitracacib.sk\/wp-content\/uploads\/2015\/06\/POVYSTAVNY-KATALOG_NEDELA.pdf\" target=\"_blank\">DERBY WINNER SHOW 2015<\/a><\/strong><\/span><\/div><\/div><div><span style=\"color: #0c5ea7;\">\u00a0<\/span><\/div><h2 lang=\"SK\" style=\"text-align: center;\">\u00a0<\/h2><p style=\"text-align: center;\"><img class=\"aligncenter size-full wp-image-2675\" src=\"http:\/\/www.nitracacib.sk\/wp-content\/uploads\/2015\/07\/SUPER-BIS-2015-900px.jpg\" alt=\"SUPER-BIS-2015-900px\" width=\"900\" height=\"600\" \/><\/p><h2 lang=\"SK\" style=\"text-align: center;\"><span style=\"color: #0c5ea7;\"><strong>FARMINA SUPREME BEST IN SHOW\u00a0<\/strong><\/span><\/h2><p style=\"text-align: center;\">Newfoundland <strong><span lang=\"EN-US\">KING OF HELLULAND YOU ARE THE BEST<\/span><br \/> <\/strong><span lang=\"EN-US\">Breeder: Kro<\/span>\u010d<span lang=\"EN-US\">ko So<\/span>\u0148<span lang=\"EN-US\">a & Vladim\u00edr, Owner: Kro<\/span>\u010d<span lang=\"EN-US\">ko So<\/span>\u0148<span lang=\"EN-US\">a & Vladim\u00edr, Slovakia<\/span><\/p><h2 style=\"text-align: center;\"><span style=\"color: #0c5ea7;\">Sunday\u00a0DERBY WINNER SHOW 2015<\/span><\/h2><p style=\"text-align: center;\"><img class=\"ngg_displayed_gallery mceItem\" src=\"http:\/\/www.nitracacib.sk\/nextgen-attach_to_post\/preview\/id--2672\" alt=\"\" data-mce-placeholder=\"1\" \/><\/p><h2 style=\"text-align: center;\"><span style=\"color: #0c5ea7;\">Saturday GRAND PRIX SLOVAKIA 2015<\/span><\/h2><p style=\"text-align: center;\"><img class=\"ngg_displayed_gallery mceItem\" src=\"http:\/\/www.nitracacib.sk\/nextgen-attach_to_post\/preview\/id--2673\" alt=\"\" data-mce-placeholder=\"1\" \/><\/p><h2 style=\"text-align: center;\"><span style=\"color: #0c5ea7;\">Friday\u00a0CAC ALL BREEDS SHOW 2015<\/span><\/h2><p style=\"text-align: center;\"><img class=\"ngg_displayed_gallery mceItem\" src=\"http:\/\/www.nitracacib.sk\/nextgen-attach_to_post\/preview\/id--2737\" alt=\"\" data-mce-placeholder=\"1\" \/><\/p>","_et_gb_content_width":"","ngg_post_thumbnail":0,"iawp_total_views":7,"footnotes":""},"class_list":["post-2684","page","type-page","status-publish","hentry"],"_links":{"self":[{"href":"https:\/\/www.nitracacib.sk\/en\/wp-json\/wp\/v2\/pages\/2684","targetHints":{"allow":["GET"]}}],"collection":[{"href":"https:\/\/www.nitracacib.sk\/en\/wp-json\/wp\/v2\/pages"}],"about":[{"href":"https:\/\/www.nitracacib.sk\/en\/wp-json\/wp\/v2\/types\/page"}],"author":[{"embeddable":true,"href":"https:\/\/www.nitracacib.sk\/en\/wp-json\/wp\/v2\/users\/1001003"}],"replies":[{"embeddable":true,"href":"https:\/\/www.nitracacib.sk\/en\/wp-json\/wp\/v2\/comments?post=2684"}],"version-history":[{"count":0,"href":"https:\/\/www.nitracacib.sk\/en\/wp-json\/wp\/v2\/pages\/2684\/revisions"}],"wp:attachment":[{"href":"https:\/\/www.nitracacib.sk\/en\/wp-json\/wp\/v2\/media?parent=2684"}],"curies":[{"name":"wp","href":"https:\/\/api.w.org\/{rel}","templated":true}]}}