{"id":2911,"date":"2026-02-25T00:26:22","date_gmt":"2026-02-24T23:26:22","guid":{"rendered":"http:\/\/www.nitracacib.sk\/?page_id=2911&#038;lang=en"},"modified":"2026-02-25T15:48:43","modified_gmt":"2026-02-25T14:48:43","slug":"fci-non-recognized-breeds","status":"publish","type":"page","link":"https:\/\/www.nitracacib.sk\/en\/fci-non-recognized-breeds\/","title":{"rendered":"FCI non recognized breeds"},"content":{"rendered":"<p>[et_pb_section fb_built=&#8221;1&#8243; fullwidth=&#8221;on&#8221; admin_label=&#8221;Sekcia&#8221; _builder_version=&#8221;4.16&#8243; global_colors_info=&#8221;{}&#8221;][et_pb_fullwidth_image src=&#8221;https:\/\/www.nitracacib.sk\/wp-content\/uploads\/2016\/01\/pic-stavac-960&#215;400.png&#8221; alt=&#8221;Dog Expo Nitra 2016&#8243; admin_label=&#8221;Obr\u00e1zok na pln\u00fa \u0161\u00edrku 2016&#8243; _builder_version=&#8221;4.16&#8243; animation=&#8221;off&#8221; use_border_color=&#8221;off&#8221; border_color=&#8221;#ffffff&#8221; border_style=&#8221;solid&#8221; saved_tabs=&#8221;all&#8221; global_colors_info=&#8221;{}&#8221;]<\/p>\n<p>.<\/p>\n<p>[\/et_pb_fullwidth_image][\/et_pb_section][et_pb_section fb_built=&#8221;1&#8243; admin_label=&#8221;section&#8221; _builder_version=&#8221;4.16&#8243; global_colors_info=&#8221;{}&#8221;][et_pb_row column_structure=&#8221;1_4,3_4&#8243; admin_label=&#8221;row&#8221; _builder_version=&#8221;4.16&#8243; background_size=&#8221;initial&#8221; background_position=&#8221;top_left&#8221; background_repeat=&#8221;repeat&#8221; global_colors_info=&#8221;{}&#8221;][et_pb_column type=&#8221;1_4&#8243; _builder_version=&#8221;4.16&#8243; custom_padding=&#8221;|||&#8221; global_colors_info=&#8221;{}&#8221; custom_padding__hover=&#8221;|||&#8221;]<\/p>\n<p>[et_pb_sidebar area=&#8221;sidebar-1&#8243; admin_label=&#8221;Bo\u010dn\u00fd panel&#8221; module_id=&#8221;lave-menu&#8221; _builder_version=&#8221;3.19.13&#8243; body_font=&#8221;|700|||||||&#8221; body_text_color=&#8221;#025a77&#8243; remove_border=&#8221;off&#8221; global_module=&#8221;3215&#8243; saved_tabs=&#8221;all&#8221;] \u00a0 [\/et_pb_sidebar]<\/p>\n<p>[\/et_pb_column][et_pb_column type=&#8221;3_4&#8243; _builder_version=&#8221;4.16&#8243; custom_padding=&#8221;|||&#8221; global_colors_info=&#8221;{}&#8221; custom_padding__hover=&#8221;|||&#8221;][et_pb_text _builder_version=&#8221;4.27.5&#8243; background_size=&#8221;initial&#8221; background_position=&#8221;top_left&#8221; background_repeat=&#8221;repeat&#8221; use_border_color=&#8221;off&#8221; border_color=&#8221;#ffffff&#8221; border_style=&#8221;solid&#8221; global_colors_info=&#8221;{}&#8221;]<\/p>\n<p>Dogs of not yet FCI recognized breeds but with a valid entry in any FCI member stud book registry can be entered to the show. In the final competitions there is a special competition designed for these breeds (in the main ring before official final competitions), the Best of FCI non-recognized breeds, in which all the BOB title holders of these breeds should take part and the Best Junior of FCI non-recognized breeds, in which all the Junior BOB title holders of these breeds should take part. The FCI non-recognized breeds are not allowed to take part in any other competition in the main ring. FCI non-recognized breeds are not able to be awarded with a CACIB. Except of all national titles of SKJ, the FCI non-recognized breeds can win the following titles and certificates:<\/p>\n<p><\/p>\n<p><b>12.06.2026<\/b>\u00a0\u2022\u00a0<b><span style=\"color: #993300;\">INTERNATIONAL DOG SHOW \u2022 CRYSTAL TROPHY 2026<\/span><br \/><\/b><b><\/b><b>CAJC, CAC, Junior BOB, BOB, BOS<\/b><\/p>\n<p><\/p>\n<p><b>13.06.2026<\/b>\u00a0\u2022\u00a0<b><span style=\"color: #993300;\">INTERNATIONAL DOG SHOW \u2022 GRAND PRIX SLOVAKIA WINNER SHOW 2026<\/span><br \/><\/b><b><\/b><b>CAJC, CAC, Junior BOB, BOB, BOS<\/b><br \/><b>GRAND PRIX SLOVAKIA MINOR PUPPY WINNER 2026<\/b>\u00a0= Very Promising 1 \u2013 Minor Puppy Class<br \/><b>GRAND PRIX SLOVAKIA PUPPY WINNER 2026<\/b>\u00a0= Very Promising 1 \u2013 Puppy Class<br \/><b>GRAND PRIX SLOVAKIA JUNIOR WINNER 2026<\/b>\u00a0= CAJC<br \/><b>GRAND PRIX SLOVAKIA WINNER 2026<\/b>\u00a0= all CAC compete, males and females separately<br \/><b>GRAND PRIX SLOVAKIA VETERAN WINNER 2026<\/b>\u00a0= EXC. 1 \u2013 Veteran Class<\/p>\n<p><\/p>\n<p><b>14.06.2026<\/b>\u00a0\u2022\u00a0<b><span style=\"color: #993300;\">INTERNATIONAL DOG SHOW \u2022 DERBY WINNER SHOW 2026<\/span><br \/><\/b><b><\/b><b>CAJC, CAC, Junior BOB, BOB, BOS<\/b><br \/><b>DERBY WINNER 2026 <\/b>= JUNIOR BOB<\/p>\n<p>[\/et_pb_text][\/et_pb_column][\/et_pb_row][\/et_pb_section]<\/p>\n","protected":false},"excerpt":{"rendered":"<p>. \u00a0 Dogs of not yet FCI recognized breeds but with a valid entry in any FCI member stud book registry can be entered to the show. In the final competitions there is a special competition designed for these breeds (in the main ring before official final competitions), the Best of FCI non-recognized breeds, in [&hellip;]<\/p>\n","protected":false},"author":1001003,"featured_media":0,"parent":0,"menu_order":0,"comment_status":"closed","ping_status":"closed","template":"","meta":{"_et_pb_use_builder":"on","_et_pb_old_content":"<p style=\"text-align: justify;\">Na v\u00fdstav\u00e1ch sa m\u00f4\u017eu z\u00fa\u010dastni\u0165 aj jedince FCI neuznan\u00fdch plemien s platn\u00fdm z\u00e1pisom v plemenn\u00fdch knih\u00e1ch \u010dlensk\u00fdch kraj\u00edn Medzin\u00e1rodnej kynologickej feder\u00e1cie FCI. V r\u00e1mci z\u00e1vere\u010dn\u00fdch s\u00fa\u0165a\u017e\u00ed je pre FCI neuznan\u00e9 plemen\u00e1 vyp\u00edsan\u00e1 S\u00fa\u0165a\u017e o najkraj\u0161ieho jedinca FCI neuznan\u00fdch plemeien, do ktorej nastupuj\u00fa jedince s titulom V\u00ed\u0165az plemena BOB. Ostatn\u00fdch s\u00fa\u0165a\u017e\u00ed v z\u00e1vere\u010dnom kruhu sa jedince FCI neuznan\u00fdch plemien z\u00fa\u010dastni\u0165 nem\u00f4\u017eu. FCI neuznan\u00e9 plemen\u00e1 nem\u00f4\u017eu by\u0165 navrhnut\u00e9 na \u010dakate\u013estvo CACIB. Okrem \u010dakate\u013estiev na v\u0161etky n\u00e1rodn\u00e9 \u0161ampion\u00e1ty SKJ m\u00f4\u017eu FCI neuznan\u00e9 plemen\u00e1 exkluz\u00edvne z\u00edska\u0165 nasledovn\u00e9 tituly:<\/p><p><span style=\"color: #e94e00;\"><strong>10.6.2016 \u2022 CELO\u0160T\u00c1TNA V\u00ddSTAVA V\u0160ETK\u00ddCH PLEMIEN<br \/> <\/strong><\/span><span style=\"color: #025a77;\"><strong>WINNER NITRA 2016<\/strong><\/span> <span style=\"color: #025a77;\">= BOB<\/span><\/p><p><span style=\"color: #e94e00;\"><strong>11.6.2016 \u2022 MEDZIN\u00c1RODN\u00c1 V\u00ddSTAVA PSOV \u2022 GRAND PRIX SLOVAKIA 2016<br \/> <\/strong><\/span><span style=\"color: #025a77;\"><strong>GRAND PRIX SLOVAKIA MINOR PUPPY WINNER 2016<\/strong><\/span> <span style=\"color: #025a77;\">= ve\u013emi n\u00e1dejn\u00fd 1 v triede mlad\u0161\u00ed dorast<\/span><br \/> <span style=\"color: #025a77;\"><strong>GRAND PRIX SLOVAKIA PUPPY WINNER 2016<\/strong><\/span> <span style=\"color: #025a77;\">= ve\u013emi n\u00e1dejn\u00fd 1 v triede dorastu<\/span><br \/> <span style=\"color: #025a77;\"><strong>GRAND PRIX SLOVAKIA JUNIOR WINNER 2016<\/strong><\/span> <span style=\"color: #025a77;\">= CAJC<\/span><br \/> <span style=\"color: #025a77;\"><strong>GRAND PRIX SLOVAKIA WINNER 2016<\/strong><\/span> <span style=\"color: #025a77;\">\u2013 do s\u00fa\u0165a\u017ee postupuj\u00fa CAC z triedy strednej, otvorenej, pracovnej a \u0161ampi\u00f3nov, psy a suky zvl\u00e1\u0161\u0165<\/span><br \/> <span style=\"color: #025a77;\"><strong>GRAND PRIX SLOVAKIA VETERAN WINNER 2016<\/strong><\/span> <span style=\"color: #025a77;\">= V1 v tr. veter\u00e1nov<\/span><\/p><p><span style=\"color: #e94e00;\"><strong>12.6.2016 \u2022 MEDZIN\u00c1RODN\u00c1 V\u00ddSTAVA PSOV \u2022 DERBY WINNER SHOW 2016<br \/> <\/strong><\/span><span style=\"color: #025a77;\"><strong>DERBY WINNER 2016<\/strong> = JUNIOR BOB<\/span><\/p>","_et_gb_content_width":"","ngg_post_thumbnail":0,"iawp_total_views":128,"footnotes":""},"class_list":["post-2911","page","type-page","status-publish","hentry"],"_links":{"self":[{"href":"https:\/\/www.nitracacib.sk\/en\/wp-json\/wp\/v2\/pages\/2911","targetHints":{"allow":["GET"]}}],"collection":[{"href":"https:\/\/www.nitracacib.sk\/en\/wp-json\/wp\/v2\/pages"}],"about":[{"href":"https:\/\/www.nitracacib.sk\/en\/wp-json\/wp\/v2\/types\/page"}],"author":[{"embeddable":true,"href":"https:\/\/www.nitracacib.sk\/en\/wp-json\/wp\/v2\/users\/1001003"}],"replies":[{"embeddable":true,"href":"https:\/\/www.nitracacib.sk\/en\/wp-json\/wp\/v2\/comments?post=2911"}],"version-history":[{"count":0,"href":"https:\/\/www.nitracacib.sk\/en\/wp-json\/wp\/v2\/pages\/2911\/revisions"}],"wp:attachment":[{"href":"https:\/\/www.nitracacib.sk\/en\/wp-json\/wp\/v2\/media?parent=2911"}],"curies":[{"name":"wp","href":"https:\/\/api.w.org\/{rel}","templated":true}]}}