{"id":3288,"date":"2026-02-25T01:28:29","date_gmt":"2026-02-25T00:28:29","guid":{"rendered":"http:\/\/www.nitracacib.sk\/?page_id=3288&#038;lang=en"},"modified":"2026-02-25T15:58:52","modified_gmt":"2026-02-25T14:58:52","slug":"junior-handling","status":"publish","type":"page","link":"https:\/\/www.nitracacib.sk\/en\/junior-handling\/","title":{"rendered":"junior handling"},"content":{"rendered":"<p>[et_pb_section fb_built=&#8221;1&#8243; fullwidth=&#8221;on&#8221; admin_label=&#8221;Sekcia&#8221; _builder_version=&#8221;4.16&#8243; global_colors_info=&#8221;{}&#8221;][et_pb_fullwidth_image src=&#8221;http:\/\/www.nitracacib.sk\/wp-content\/uploads\/2013\/02\/pic-oes-sam-950&#215;400.png&#8221; admin_label=&#8221;Obr\u00e1zok na pln\u00fa \u0161\u00edrku banner 2016&#8243; _builder_version=&#8221;4.16&#8243; animation=&#8221;off&#8221; use_border_color=&#8221;off&#8221; border_color=&#8221;#ffffff&#8221; border_style=&#8221;solid&#8221; saved_tabs=&#8221;all&#8221; global_colors_info=&#8221;{}&#8221;][\/et_pb_fullwidth_image][\/et_pb_section][et_pb_section fb_built=&#8221;1&#8243; admin_label=&#8221;section&#8221; _builder_version=&#8221;4.16&#8243; global_colors_info=&#8221;{}&#8221;][et_pb_row column_structure=&#8221;1_4,3_4&#8243; admin_label=&#8221;row&#8221; _builder_version=&#8221;4.16&#8243; background_size=&#8221;initial&#8221; background_position=&#8221;top_left&#8221; background_repeat=&#8221;repeat&#8221; global_colors_info=&#8221;{}&#8221;][et_pb_column type=&#8221;1_4&#8243; _builder_version=&#8221;4.16&#8243; custom_padding=&#8221;|||&#8221; global_colors_info=&#8221;{}&#8221; custom_padding__hover=&#8221;|||&#8221;]<\/p>\n<p>[et_pb_sidebar area=&#8221;sidebar-1&#8243; admin_label=&#8221;Bo\u010dn\u00fd panel&#8221; module_id=&#8221;lave-menu&#8221; _builder_version=&#8221;3.19.13&#8243; body_font=&#8221;|700|||||||&#8221; body_text_color=&#8221;#025a77&#8243; remove_border=&#8221;off&#8221; global_module=&#8221;3215&#8243; saved_tabs=&#8221;all&#8221;] \u00a0 [\/et_pb_sidebar]<\/p>\n<p>[\/et_pb_column][et_pb_column type=&#8221;3_4&#8243; _builder_version=&#8221;4.16&#8243; custom_padding=&#8221;|||&#8221; global_colors_info=&#8221;{}&#8221; custom_padding__hover=&#8221;|||&#8221;][et_pb_text _builder_version=&#8221;4.27.5&#8243; background_size=&#8221;initial&#8221; background_position=&#8221;top_left&#8221; background_repeat=&#8221;repeat&#8221; hover_enabled=&#8221;0&#8243; use_border_color=&#8221;off&#8221; border_color=&#8221;#ffffff&#8221; border_style=&#8221;solid&#8221; global_colors_info=&#8221;{}&#8221; sticky_enabled=&#8221;0&#8243;]<\/p>\n<p>The Junior Handling competition is designated for young exhibitors. It is divided into two categories: from 9 to 13 years of age and from 14 to 17 years of age. In the pre-rounds the judge will judge all entered young exhibitors and will choose three to go on to the finals. In each category the judge will place three most successful junior handlers in the final ring.<\/p>\n<p><\/p>\n<p><b>GRAND FINAL of JUNIOR HANDLING \u25cf SUNDAY 14.06.2026.<\/b><b><\/b><\/p>\n<p><\/p>\n<p>The winners of first and second categories of Friday, Saturday and Sunday are automatically entitled to compete in the GRAND FINAL. The most successful of them will win the title of GRAND PRIX SLOVAKIA WINNER 2026.<\/p>\n<p><\/p>\n<p>&nbsp;<\/p>\n<p><\/p>\n<p>&nbsp;<\/p>\n<p><\/p>\n<p>&nbsp;<\/p>\n<p><\/p>\n<p><b>ENTRY REGISTRATION:\u00a0<\/b><b>www.onlinedogshows.sk<\/b><\/p>\n<p>[\/et_pb_text][et_pb_divider show_divider=&#8221;off&#8221; disabled_on=&#8221;on|on|off&#8221; admin_label=&#8221;Odde\u013eova\u010d&#8221; _builder_version=&#8221;4.16&#8243; height=&#8221;5px&#8221; hide_on_mobile=&#8221;on&#8221; global_colors_info=&#8221;{}&#8221;][\/et_pb_divider][\/et_pb_column][\/et_pb_row][\/et_pb_section]<\/p>\n","protected":false},"excerpt":{"rendered":"<p>\u00a0 The Junior Handling competition is designated for young exhibitors. It is divided into two categories: from 9 to 13 years of age and from 14 to 17 years of age. In the pre-rounds the judge will judge all entered young exhibitors and will choose three to go on to the finals. In each category [&hellip;]<\/p>\n","protected":false},"author":1001003,"featured_media":0,"parent":0,"menu_order":0,"comment_status":"closed","ping_status":"closed","template":"","meta":{"_et_pb_use_builder":"on","_et_pb_old_content":"","_et_gb_content_width":"","ngg_post_thumbnail":0,"iawp_total_views":40,"footnotes":""},"class_list":["post-3288","page","type-page","status-publish","hentry"],"_links":{"self":[{"href":"https:\/\/www.nitracacib.sk\/en\/wp-json\/wp\/v2\/pages\/3288","targetHints":{"allow":["GET"]}}],"collection":[{"href":"https:\/\/www.nitracacib.sk\/en\/wp-json\/wp\/v2\/pages"}],"about":[{"href":"https:\/\/www.nitracacib.sk\/en\/wp-json\/wp\/v2\/types\/page"}],"author":[{"embeddable":true,"href":"https:\/\/www.nitracacib.sk\/en\/wp-json\/wp\/v2\/users\/1001003"}],"replies":[{"embeddable":true,"href":"https:\/\/www.nitracacib.sk\/en\/wp-json\/wp\/v2\/comments?post=3288"}],"version-history":[{"count":0,"href":"https:\/\/www.nitracacib.sk\/en\/wp-json\/wp\/v2\/pages\/3288\/revisions"}],"wp:attachment":[{"href":"https:\/\/www.nitracacib.sk\/en\/wp-json\/wp\/v2\/media?parent=3288"}],"curies":[{"name":"wp","href":"https:\/\/api.w.org\/{rel}","templated":true}]}}