{"id":3438,"date":"2016-01-27T09:14:54","date_gmt":"2016-01-27T08:14:54","guid":{"rendered":"http:\/\/www.nitracacib.sk\/?page_id=3438&#038;lang=en"},"modified":"2016-01-28T11:38:19","modified_gmt":"2016-01-28T10:38:19","slug":"classes","status":"publish","type":"page","link":"https:\/\/www.nitracacib.sk\/en\/classes\/","title":{"rendered":"classes"},"content":{"rendered":"<p>[et_pb_section admin_label=&#8221;Sekcia&#8221; fullwidth=&#8221;on&#8221; specialty=&#8221;off&#8221;][et_pb_fullwidth_image admin_label=&#8221;Obr\u00e1zok na pln\u00fa \u0161\u00edrku banner 2016&#8243; src=&#8221;http:\/\/www.nitracacib.sk\/wp-content\/uploads\/2016\/01\/pic-stavac-960&#215;400.png&#8221; show_in_lightbox=&#8221;off&#8221; url_new_window=&#8221;off&#8221; animation=&#8221;off&#8221; use_border_color=&#8221;off&#8221; border_color=&#8221;#ffffff&#8221; border_style=&#8221;solid&#8221; use_overlay=&#8221;off&#8221; saved_tabs=&#8221;all&#8221;] [\/et_pb_fullwidth_image][\/et_pb_section][et_pb_section admin_label=&#8221;section&#8221;][et_pb_row admin_label=&#8221;row&#8221;][et_pb_column type=&#8221;1_3&#8243;][et_pb_sidebar admin_label=&#8221;Bo\u010dn\u00fd panel&#8221; global_module=&#8221;3215&#8243; saved_tabs=&#8221;all&#8221; orientation=&#8221;left&#8221; area=&#8221;sidebar-1&#8243; background_layout=&#8221;light&#8221; remove_border=&#8221;off&#8221; body_font=&#8221;|on|||&#8221; body_text_color=&#8221;#025a77&#8243;] [\/et_pb_sidebar][\/et_pb_column][et_pb_column type=&#8221;2_3&#8243;][et_pb_text admin_label=&#8221;Text&#8221; background_layout=&#8221;light&#8221; text_orientation=&#8221;left&#8221; use_border_color=&#8221;off&#8221; border_color=&#8221;#ffffff&#8221; border_style=&#8221;solid&#8221;]<\/p>\n<p><span style=\"color: #025a77;\"><b>MINOR PUPPY<\/b><\/span> correctly inoculated puppies up to 6 months<br \/>\n<span style=\"color: #025a77;\"><b>PUPPY<\/b><\/span> 6 &#8211; 9 months<br \/>\n<span style=\"color: #025a77;\"><b>JUNIOR<\/b><\/span> 9 &#8211; 18 months<br \/>\n<span style=\"color: #025a77;\"><b>INTERMEDIATE<\/b><\/span> 15 &#8211; 24 months<br \/>\n<span style=\"color: #025a77;\"><b>OPEN<\/b><\/span> 15 months and older<br \/>\n<span style=\"color: #025a77;\"><b>WORKING<\/b><\/span> 15 months and older with FCI working certificate<br \/>\n<span style=\"color: #025a77;\"><b>CHAMPION<\/b><\/span> 15 months and older with CH or ICH certificate<br \/>\n<span style=\"color: #025a77;\"><b>VETERAN<\/b><\/span> 8 years and older<br \/>\n<span style=\"color: #025a77;\"><b>HONOUR<\/b><\/span> 15 months and older with titles CH, ICH, Club Winner or National Winner<\/p>\n<p>Dogs and bitches can be judged in one class only. In each class the first four with the grading excellent or very good are placed. In Minor puppy and Puppy class the first four with the gradisng very promising are placed.<\/p>\n<p>[\/et_pb_text][\/et_pb_column][\/et_pb_row][\/et_pb_section]<\/p>\n","protected":false},"excerpt":{"rendered":"<p>MINOR PUPPY correctly inoculated puppies up to 6 months PUPPY 6 &#8211; 9 months JUNIOR 9 &#8211; 18 months INTERMEDIATE 15 &#8211; 24 months OPEN 15 months and older WORKING 15 months and older with FCI working certificate CHAMPION 15 months and older with CH or ICH certificate VETERAN 8 years and older HONOUR 15 [&hellip;]<\/p>\n","protected":false},"author":1001003,"featured_media":0,"parent":0,"menu_order":0,"comment_status":"closed","ping_status":"closed","template":"","meta":{"_et_pb_use_builder":"on","_et_pb_old_content":"","_et_gb_content_width":"","ngg_post_thumbnail":0,"iawp_total_views":139,"footnotes":""},"class_list":["post-3438","page","type-page","status-publish","hentry"],"_links":{"self":[{"href":"https:\/\/www.nitracacib.sk\/en\/wp-json\/wp\/v2\/pages\/3438","targetHints":{"allow":["GET"]}}],"collection":[{"href":"https:\/\/www.nitracacib.sk\/en\/wp-json\/wp\/v2\/pages"}],"about":[{"href":"https:\/\/www.nitracacib.sk\/en\/wp-json\/wp\/v2\/types\/page"}],"author":[{"embeddable":true,"href":"https:\/\/www.nitracacib.sk\/en\/wp-json\/wp\/v2\/users\/1001003"}],"replies":[{"embeddable":true,"href":"https:\/\/www.nitracacib.sk\/en\/wp-json\/wp\/v2\/comments?post=3438"}],"version-history":[{"count":0,"href":"https:\/\/www.nitracacib.sk\/en\/wp-json\/wp\/v2\/pages\/3438\/revisions"}],"wp:attachment":[{"href":"https:\/\/www.nitracacib.sk\/en\/wp-json\/wp\/v2\/media?parent=3438"}],"curies":[{"name":"wp","href":"https:\/\/api.w.org\/{rel}","templated":true}]}}