{"id":3956,"date":"2016-07-31T20:05:25","date_gmt":"2016-07-31T18:05:25","guid":{"rendered":"http:\/\/www.nitracacib.sk\/?page_id=3956"},"modified":"2017-02-13T11:23:11","modified_gmt":"2017-02-13T10:23:11","slug":"2016-2","status":"publish","type":"page","link":"https:\/\/www.nitracacib.sk\/en\/2016-2\/","title":{"rendered":"2016"},"content":{"rendered":"<p>[et_pb_section admin_label=&#8221;Sekcia&#8221; transparent_background=&#8221;off&#8221; allow_player_pause=&#8221;off&#8221; inner_shadow=&#8221;off&#8221; parallax=&#8221;off&#8221; parallax_method=&#8221;on&#8221; make_fullwidth=&#8221;off&#8221; use_custom_width=&#8221;off&#8221; width_unit=&#8221;off&#8221; custom_width_px=&#8221;1080px&#8221; custom_width_percent=&#8221;80%&#8221; make_equal=&#8221;off&#8221; use_custom_gutter=&#8221;off&#8221; fullwidth=&#8221;on&#8221; specialty=&#8221;off&#8221; disabled=&#8221;off&#8221;][et_pb_fullwidth_image admin_label=&#8221;Obr\u00e1zok na pln\u00fa \u0161\u00edrku 2016&#8243; src=&#8221;http:\/\/www.nitracacib.sk\/wp-content\/uploads\/2016\/01\/banner_960x400-2016.png&#8221; show_in_lightbox=&#8221;off&#8221; url_new_window=&#8221;off&#8221; use_overlay=&#8221;off&#8221; animation=&#8221;off&#8221; use_border_color=&#8221;off&#8221; border_color=&#8221;#ffffff&#8221; border_width=&#8221;1px&#8221; border_style=&#8221;solid&#8221; disabled=&#8221;off&#8221;] [\/et_pb_fullwidth_image][\/et_pb_section][et_pb_section admin_label=&#8221;section&#8221; transparent_background=&#8221;off&#8221; allow_player_pause=&#8221;off&#8221; inner_shadow=&#8221;off&#8221; parallax=&#8221;off&#8221; parallax_method=&#8221;on&#8221; make_fullwidth=&#8221;off&#8221; use_custom_width=&#8221;off&#8221; width_unit=&#8221;off&#8221; custom_width_px=&#8221;1080px&#8221; custom_width_percent=&#8221;80%&#8221; make_equal=&#8221;off&#8221; use_custom_gutter=&#8221;off&#8221; fullwidth=&#8221;off&#8221; specialty=&#8221;off&#8221; disabled=&#8221;off&#8221;][et_pb_row admin_label=&#8221;row&#8221; make_fullwidth=&#8221;off&#8221; use_custom_width=&#8221;off&#8221; width_unit=&#8221;off&#8221; custom_width_px=&#8221;1080px&#8221; custom_width_percent=&#8221;80%&#8221; use_custom_gutter=&#8221;off&#8221; gutter_width=&#8221;2&#8243; allow_player_pause=&#8221;off&#8221; parallax=&#8221;off&#8221; parallax_method=&#8221;on&#8221; make_equal=&#8221;off&#8221; parallax_1=&#8221;off&#8221; parallax_method_1=&#8221;on&#8221; parallax_2=&#8221;off&#8221; parallax_method_2=&#8221;on&#8221; parallax_3=&#8221;off&#8221; parallax_method_3=&#8221;on&#8221; parallax_4=&#8221;off&#8221; parallax_method_4=&#8221;on&#8221; disabled=&#8221;off&#8221;][et_pb_column type=&#8221;4_4&#8243;][et_pb_text admin_label=&#8221;Text k fotu&#8221; background_layout=&#8221;light&#8221; text_orientation=&#8221;center&#8221; use_border_color=&#8221;off&#8221; border_style=&#8221;solid&#8221; disabled=&#8221;off&#8221; border_color=&#8221;#ffffff&#8221;]<\/p>\n<h2 style=\"text-align: center;\"><span style=\"color: #005979;\">FARMINA SUPREME BEST IN SHOW<\/span><\/h2>\n<p style=\"text-align: center;\"><span style=\"color: #005979;\">Greyhound &nbsp;<strong>SOBERS YACOB<\/strong> <\/span><br \/>\n<span style=\"color: #005979;\">Breeder: Allevamento Sobers, owner: Urb\u00e1n Adrienn<\/span><\/p>\n<p>[\/et_pb_text][\/et_pb_column][\/et_pb_row][et_pb_row admin_label=&#8221;Riadok&#8221; make_fullwidth=&#8221;on&#8221; use_custom_width=&#8221;on&#8221; width_unit=&#8221;off&#8221; custom_width_px=&#8221;1080px&#8221; custom_width_percent=&#8221;100%&#8221; use_custom_gutter=&#8221;off&#8221; gutter_width=&#8221;2&#8243; custom_padding=&#8221;|0px||0px&#8221; allow_player_pause=&#8221;off&#8221; parallax=&#8221;off&#8221; parallax_method=&#8221;off&#8221; make_equal=&#8221;off&#8221; parallax_1=&#8221;off&#8221; parallax_method_1=&#8221;off&#8221; parallax_2=&#8221;off&#8221; parallax_method_2=&#8221;on&#8221; parallax_3=&#8221;off&#8221; parallax_method_3=&#8221;on&#8221; parallax_4=&#8221;off&#8221; parallax_method_4=&#8221;on&#8221; disabled=&#8221;off&#8221;][et_pb_column type=&#8221;4_4&#8243;][et_pb_image admin_label=&#8221;Image&#8221; src=&#8221;http:\/\/www.nitracacib.sk\/wp-content\/uploads\/2016\/07\/12062016-Super-BIS.jpg&#8221; alt=&#8221;12.6.2016. SUPER BIS Nitra Cacib, Slovensko&#8221; title_text=&#8221;12.6.2016. SUPER BIS Nitra Cacib, Slovensko&#8221; show_in_lightbox=&#8221;off&#8221; url_new_window=&#8221;off&#8221; use_overlay=&#8221;off&#8221; animation=&#8221;top&#8221; sticky=&#8221;off&#8221; align=&#8221;center&#8221; force_fullwidth=&#8221;off&#8221; always_center_on_mobile=&#8221;on&#8221; use_border_color=&#8221;off&#8221; border_color=&#8221;#ffffff&#8221; border_style=&#8221;solid&#8221; custom_css_main_element=&#8221;box-shadow: 0px 3px 10px 2px rgba(0,0,0,0.5);&#8221; disabled=&#8221;off&#8221;] [\/et_pb_image][\/et_pb_column][\/et_pb_row][et_pb_row admin_label=&#8221;row&#8221; make_fullwidth=&#8221;off&#8221; use_custom_width=&#8221;off&#8221; width_unit=&#8221;off&#8221; custom_width_px=&#8221;1080px&#8221; custom_width_percent=&#8221;80%&#8221; use_custom_gutter=&#8221;off&#8221; gutter_width=&#8221;2&#8243; allow_player_pause=&#8221;off&#8221; parallax=&#8221;off&#8221; parallax_method=&#8221;on&#8221; make_equal=&#8221;off&#8221; parallax_1=&#8221;off&#8221; parallax_method_1=&#8221;on&#8221; parallax_2=&#8221;off&#8221; parallax_method_2=&#8221;on&#8221; parallax_3=&#8221;off&#8221; parallax_method_3=&#8221;on&#8221; parallax_4=&#8221;off&#8221; parallax_method_4=&#8221;on&#8221; disabled=&#8221;off&#8221;][et_pb_column type=&#8221;4_4&#8243;][et_pb_text admin_label=&#8221;Text&#8221; background_layout=&#8221;light&#8221; text_orientation=&#8221;left&#8221; use_border_color=&#8221;off&#8221; border_style=&#8221;solid&#8221; disabled=&#8221;off&#8221; border_color=&#8221;#ffffff&#8221;]<\/p>\n<h1 style=\"text-align: center;\"><span style=\"color: #005979;\">Final Competitions<\/span><\/h1>\n<div style=\"text-align: center;\"><span style=\"color: #005979;\">FRIDAY 10.6.2016 &#8211; <strong><a style=\"color: #005979;\" href=\"http:\/\/www.nitracacib.sk\/wp-content\/uploads\/2016\/06\/zaverecky_piatok_CVP_10062016.pdf\">C<\/a>AC ALL BREEDS SHOW&nbsp;<\/strong>&#8211;&nbsp;<a style=\"color: #005979;\" href=\"https:\/\/goo.gl\/photos\/GWCTDz8opsdZYYXC6\">PHOTOGALLERY<\/a><br \/>\nFRIDAY 10.6.2016 \u2013 <strong><a style=\"color: #005979;\" href=\"http:\/\/www.nitracacib.sk\/wp-content\/uploads\/2016\/06\/zaverecky_piatok_world_10062016.pdf\">W<\/a>ORLD SPECIAL SHOW OF SLOVAK NATIONAL BREEDS&nbsp;<\/strong>&#8211;&nbsp;<a style=\"color: #005979;\" href=\"https:\/\/goo.gl\/photos\/7rNN4c3mnYBcK3cH7\">PHOTOGALLERY<\/a><\/span><\/div>\n<div style=\"text-align: center;\"><span style=\"color: #005979;\">SATURDAY&nbsp;11.6.2016 \u2013 <strong><a style=\"color: #005979;\" href=\"http:\/\/www.nitracacib.sk\/wp-content\/uploads\/2016\/06\/zaverecky_sobota_11062016.pdf\">GRAND PRIX SLOVAKIA 2016<\/a>&nbsp;<\/strong>&#8211;&nbsp;<a style=\"color: #005979;\" href=\"https:\/\/goo.gl\/photos\/3SnKuBgKLEPFsqP78\">PHOTOGALLERY<\/a><\/span><\/div>\n<div style=\"text-align: center;\"><span style=\"color: #005979;\">SUNDAY 12.6.2016 \u2013 <strong><a style=\"color: #005979;\" href=\"http:\/\/www.nitracacib.sk\/wp-content\/uploads\/2016\/06\/zaverecky_nedela_12062016.pdf\">DERBY WINNER SHOW 2016<\/a>&nbsp;<\/strong>&#8211;&nbsp;<a style=\"color: #005979;\" href=\"https:\/\/goo.gl\/photos\/8ouNbtXEqFWBcQjVA\">PHOTOGALLERY<\/a><\/span><\/div>\n<div style=\"text-align: center;\"><span style=\"color: #0c5ea7;\">&nbsp;<\/span><\/div>\n<h1 style=\"text-align: center;\"><span style=\"color: #005979;\">Results<\/span><\/h1>\n<div style=\"text-align: center;\">\n<div><span style=\"color: #005979;\">FRIDAY&nbsp;10.6.2016 &#8211; <strong><a style=\"color: #005979;\" href=\"http:\/\/www.nitracacib.sk\/wp-content\/uploads\/2016\/09\/Povystavny-katalog_CVP_PIATOK_10062016_final.pdf\">C<\/a>AC ALL BREEDS SHOW<\/strong><\/span><br \/>\n<span style=\"color: #005979;\">FRIDAY 10.6.2016 \u2013 <a style=\"color: #005979;\" href=\"http:\/\/www.nitracacib.sk\/wp-content\/uploads\/2016\/09\/Povystavny-katalog_SSV_PIATOK_10062016_final.pdf\"><strong>WORLD SPECIAL SHOW OF SLOVAK NATIONAL BREEDS<\/strong><\/a><\/span><\/div>\n<div><span style=\"color: #005979;\">SATURDAY 11.6.2016 \u2013 <strong><a style=\"color: #005979;\" href=\"http:\/\/www.nitracacib.sk\/wp-content\/uploads\/2016\/09\/Povystavny-katalog_MVP_SOBOTA_11062016_final.pdf\">GRAND PRIX SLOVAKIA 2016<\/a><\/strong><\/span><\/div>\n<div><span style=\"color: #005979;\">SUNDAY&nbsp;12.6.2016 \u2013 <strong><a style=\"color: #005979;\" href=\"http:\/\/www.nitracacib.sk\/wp-content\/uploads\/2016\/09\/Povystavny-katalog_MVP_NEDELA_12062016_final.pdf\">DERBY WINNER SHOW 2016<\/a><\/strong><\/span><\/div>\n<\/div>\n<div>&nbsp;<\/div>\n<p>[\/et_pb_text][\/et_pb_column][\/et_pb_row][\/et_pb_section]<\/p>\n","protected":false},"excerpt":{"rendered":"<p>FARMINA SUPREME BEST IN SHOW Greyhound &nbsp;SOBERS YACOB Breeder: Allevamento Sobers, owner: Urb\u00e1n Adrienn Final Competitions FRIDAY 10.6.2016 &#8211; CAC ALL BREEDS SHOW&nbsp;&#8211;&nbsp;PHOTOGALLERY FRIDAY 10.6.2016 \u2013 WORLD SPECIAL SHOW OF SLOVAK NATIONAL BREEDS&nbsp;&#8211;&nbsp;PHOTOGALLERY SATURDAY&nbsp;11.6.2016 \u2013 GRAND PRIX SLOVAKIA 2016&nbsp;&#8211;&nbsp;PHOTOGALLERY SUNDAY 12.6.2016 \u2013 DERBY WINNER SHOW 2016&nbsp;&#8211;&nbsp;PHOTOGALLERY &nbsp; Results FRIDAY&nbsp;10.6.2016 &#8211; CAC ALL BREEDS SHOW FRIDAY [&hellip;]<\/p>\n","protected":false},"author":1001003,"featured_media":0,"parent":0,"menu_order":0,"comment_status":"closed","ping_status":"closed","template":"","meta":{"_et_pb_use_builder":"on","_et_pb_old_content":"<h3 style=\"text-align: center;\"><strong><span style=\"color: #0c5ea7;\">Z\u00e1vere\u010dn\u00e9 s\u00fa\u0165a\u017ee<\/span><\/strong><\/h3><div style=\"text-align: center;\"><span style=\"color: #0c5ea7;\">PIATOK 5.6.2015 \u2013 <strong><a href=\"http:\/\/www.nitracacib.sk\/wp-content\/uploads\/2015\/08\/Vysledky_-zaverecky_piatok-09082015.pdf\">SVETOV\u00c1 \u0160PECI\u00c1LNA V\u00ddSTAVA & CELO\u0160T\u00c1TNA V\u00ddSTAVA<\/a><\/strong><\/span><\/div><div style=\"text-align: center;\"><span style=\"color: #0c5ea7;\">SOBOTA 6.6.2015 \u2013 <strong><a style=\"color: #0c5ea7;\" href=\"http:\/\/www.nitracacib.sk\/wp-content\/uploads\/2015\/06\/vysledky_-zaverecne-sutaze_sobota.pdf\" target=\"_blank\">GRAND PRIX SLOVAKIA 2015<\/a><\/strong><\/span><\/div><div style=\"text-align: center;\"><span style=\"color: #0c5ea7;\">NEDE\u013dA 7.6.2015 \u2013 <strong><a href=\"http:\/\/www.nitracacib.sk\/wp-content\/uploads\/2015\/08\/vysledky_-zaverecky_nedela-2015.pdf\">DERBY WINNER SHOW 2015<\/a><\/strong><\/span><\/div><div style=\"text-align: center;\">\u00a0<\/div><h3 style=\"text-align: center;\"><strong><span style=\"color: #0c5ea7;\">V\u00fdsledky<\/span><\/strong><\/h3><div style=\"text-align: center;\"><div><span style=\"color: #0c5ea7;\">PIATOK 5.6.2015 \u2013 <strong><a href=\"http:\/\/www.nitracacib.sk\/wp-content\/uploads\/2015\/08\/Povystavny-katalog_PIATOK_09082015.pdf\">SVETOV\u00c1 \u0160PECI\u00c1LNA V\u00ddSTAVA & CELO\u0160T\u00c1TNA V\u00ddSTAVA<\/a><\/strong><\/span><\/div><div><span style=\"color: #0c5ea7;\">SOBOTA 6.6.2015 \u2013 <strong><a style=\"color: #0c5ea7;\" href=\"http:\/\/www.nitracacib.sk\/wp-content\/uploads\/2015\/06\/POVYSTAVNY-KATALOG_SOBOTA.pdf\" target=\"_blank\">GRAND PRIX SLOVAKIA 2015<\/a><\/strong><\/span><\/div><div><span style=\"color: #0c5ea7;\">NEDE\u013dA 7.6.2015 \u2013 <strong><a style=\"color: #0c5ea7;\" href=\"http:\/\/www.nitracacib.sk\/wp-content\/uploads\/2015\/06\/POVYSTAVNY-KATALOG_NEDELA.pdf\" target=\"_blank\">DERBY WINNER SHOW 2015<\/a><\/strong><\/span><\/div><\/div><div><span style=\"color: #0c5ea7;\">\u00a0<\/span><\/div><h2 lang=\"SK\" style=\"text-align: center;\">\u00a0<\/h2><p style=\"text-align: center;\"><img class=\"aligncenter size-full wp-image-2675\" src=\"http:\/\/www.nitracacib.sk\/wp-content\/uploads\/2015\/07\/SUPER-BIS-2015-900px.jpg\" alt=\"SUPER-BIS-2015-900px\" width=\"900\" height=\"600\" \/><\/p><h2 lang=\"SK\" style=\"text-align: center;\"><span style=\"color: #0c5ea7;\"><strong>FARMINA SUPREME BEST IN SHOW\u00a0<\/strong><\/span><\/h2><p style=\"text-align: center;\">Newfoundland \u2013 Novofundlandsk\u00fd pes<br \/> <strong><span lang=\"EN-US\">KING OF HELLULAND YOU ARE THE BEST<\/span><span lang=\"EN-US\"><br \/> <\/span><\/strong><span lang=\"EN-US\">Chovate\u013e: Kro<\/span>\u010d<span lang=\"EN-US\">ko So<\/span>\u0148<span lang=\"EN-US\">a & Vladim\u00edr, majite\u013e: Kro<\/span>\u010d<span lang=\"EN-US\">ko So<\/span>\u0148<span lang=\"EN-US\">a & Vladim\u00edr, Slovakia<\/span><\/p><h2 style=\"text-align: center;\"><span style=\"color: #0c5ea7;\">Nede\u013ea DERBY WINNER SHOW 2015<\/span><\/h2><p style=\"text-align: center;\"><img class=\"ngg_displayed_gallery mceItem\" src=\"http:\/\/www.nitracacib.sk\/nextgen-attach_to_post\/preview\/id--2672\" alt=\"\" data-mce-placeholder=\"1\" \/><\/p><h2 style=\"text-align: center;\"><span style=\"color: #0c5ea7;\">Sobota GRAND PRIX SLOVAKIA 2015<\/span><\/h2><p style=\"text-align: center;\"><img class=\"ngg_displayed_gallery mceItem\" src=\"http:\/\/www.nitracacib.sk\/nextgen-attach_to_post\/preview\/id--2673\" alt=\"\" data-mce-placeholder=\"1\" \/><\/p><h2 style=\"text-align: center;\"><span style=\"color: #0c5ea7;\">Piatok\u00a0CELO\u0160T\u00c1TNA V\u00ddSTAVA\u00a02015<\/span><\/h2><p><img class=\"ngg_displayed_gallery mceItem aligncenter\" src=\"http:\/\/www.nitracacib.sk\/nextgen-attach_to_post\/preview\/id--2734\" alt=\"\" data-mce-placeholder=\"1\" \/><\/p>","_et_gb_content_width":"","ngg_post_thumbnail":0,"iawp_total_views":8,"footnotes":""},"class_list":["post-3956","page","type-page","status-publish","hentry"],"_links":{"self":[{"href":"https:\/\/www.nitracacib.sk\/en\/wp-json\/wp\/v2\/pages\/3956","targetHints":{"allow":["GET"]}}],"collection":[{"href":"https:\/\/www.nitracacib.sk\/en\/wp-json\/wp\/v2\/pages"}],"about":[{"href":"https:\/\/www.nitracacib.sk\/en\/wp-json\/wp\/v2\/types\/page"}],"author":[{"embeddable":true,"href":"https:\/\/www.nitracacib.sk\/en\/wp-json\/wp\/v2\/users\/1001003"}],"replies":[{"embeddable":true,"href":"https:\/\/www.nitracacib.sk\/en\/wp-json\/wp\/v2\/comments?post=3956"}],"version-history":[{"count":0,"href":"https:\/\/www.nitracacib.sk\/en\/wp-json\/wp\/v2\/pages\/3956\/revisions"}],"wp:attachment":[{"href":"https:\/\/www.nitracacib.sk\/en\/wp-json\/wp\/v2\/media?parent=3956"}],"curies":[{"name":"wp","href":"https:\/\/api.w.org\/{rel}","templated":true}]}}