{"id":4186,"date":"2017-06-03T13:05:25","date_gmt":"2017-06-03T11:05:25","guid":{"rendered":"http:\/\/www.nitracacib.sk\/?page_id=4186"},"modified":"2017-06-22T07:32:00","modified_gmt":"2017-06-22T05:32:00","slug":"2017-2","status":"publish","type":"page","link":"https:\/\/www.nitracacib.sk\/en\/2017-2\/","title":{"rendered":"2017"},"content":{"rendered":"<p>[et_pb_section bb_built=&#8221;1&#8243; admin_label=&#8221;Sekcia&#8221; fullwidth=&#8221;on&#8221; _builder_version=&#8221;3.0.47&#8243;][et_pb_fullwidth_image admin_label=&#8221;Obr\u00e1zok na pln\u00fa \u0161\u00edrku 2017&#8243; src=&#8221;http:\/\/www.nitracacib.sk\/wp-content\/uploads\/2017\/02\/banner_1120x400-2017.jpg&#8221; animation=&#8221;off&#8221; _builder_version=&#8221;3.0.47&#8243; \/][\/et_pb_section][et_pb_section bb_built=&#8221;1&#8243; admin_label=&#8221;section&#8221; _builder_version=&#8221;3.0.47&#8243;][et_pb_row admin_label=&#8221;row&#8221; _builder_version=&#8221;3.0.47&#8243; background_size=&#8221;initial&#8221; background_position=&#8221;top_left&#8221; background_repeat=&#8221;repeat&#8221;][et_pb_column type=&#8221;4_4&#8243;][et_pb_text admin_label=&#8221;Text SUNDAY 04.6.2017 &#8211; DERBY WINNER 2017&#8243; _builder_version=&#8221;3.0.51&#8243; background_size=&#8221;initial&#8221; background_position=&#8221;top_left&#8221; background_repeat=&#8221;repeat&#8221; background_layout=&#8221;light&#8221; text_orientation=&#8221;left&#8221; border_style=&#8221;solid&#8221;]<\/p>\n<h2 style=\"text-align: center;\"><span style=\"color: #025a77;\">SUNDAY 04.06.2017 &#8211; DERBY WINNER SHOW 2017<\/span><\/h2>\n<div style=\"text-align: center;\"><span style=\"color: #005979;\"><strong><a href=\"http:\/\/www.nitracacib.sk\/wp-content\/uploads\/2017\/02\/Povystavny-katalog_NEDELA-04062017.pdf\">Results<\/a><\/strong> : : <strong><a href=\"http:\/\/www.nitracacib.sk\/wp-content\/uploads\/2017\/06\/zaverecky_nedela-04062017.pdf\">Final Competitions<\/a><\/strong> : : <strong><a href=\"https:\/\/flic.kr\/s\/aHsm2dMCzu\">Photogallery I., <\/a><a href=\"https:\/\/goo.gl\/photos\/ouQGi72b8N62RYGk9\">Photogallery II.<\/a><\/strong><\/span><\/div>\n<p>[\/et_pb_text][et_pb_image admin_label=&#8221;Image FARMINA SUPREME BEST IN SHOW 2017&#8243; src=&#8221;http:\/\/www.nitracacib.sk\/wp-content\/uploads\/2017\/02\/Farmina_Supreme_BIS_04062017.jpg&#8221; alt=&#8221;FARMINA SUPREME BEST IN SHOW 2017&#8243; title_text=&#8221;FARMINA SUPREME BEST IN SHOW 2017&#8243; animation=&#8221;off&#8221; _builder_version=&#8221;3.0.51&#8243; \/][et_pb_text admin_label=&#8221;Text k foto FARMINA SUPREME BEST IN SHOW&#8221; _builder_version=&#8221;3.0.51&#8243;]<\/p>\n<p style=\"text-align: center;\"><span style=\"color: #025a77;\"><strong>FARMINA SUPREME BEST IN SHOW<br \/>\n<\/strong>AFFEN PINSCHER <strong>PEPE LE PEW V. TANI KAZARI<\/strong><\/span><br \/>\n<span style=\"color: #025a77;\"> breeder: COOYMANS MIEKE, owner: COOIJMANS MIEKE + MIODONSKI LUCIENNE<\/span><\/p>\n<p>[\/et_pb_text][et_pb_text admin_label=&#8221;photogallery SUNDAY vola sa 2015 piatok&#8221; text_orientation=&#8221;center&#8221; _builder_version=&#8221;3.0.51&#8243; use_background_color_gradient=&#8221;on&#8221; background_color_gradient_start=&#8221;#ffffff&#8221; background_color_gradient_end=&#8221;#0c5b75&#8243;]<\/p>\nngg_shortcode_0_placeholder\n<p>[\/et_pb_text][et_pb_divider admin_label=&#8221;Divider&#8221; color=&#8221;#0c5b75&#8243; show_divider=&#8221;on&#8221; divider_style=&#8221;solid&#8221; divider_position=&#8221;top&#8221; _builder_version=&#8221;3.0.50&#8243; \/][et_pb_text admin_label=&#8221;Text SATURDAY GRAND PRIX SK 2017&#8243; _builder_version=&#8221;3.0.51&#8243; background_size=&#8221;initial&#8221; background_position=&#8221;top_left&#8221; background_repeat=&#8221;repeat&#8221; background_layout=&#8221;light&#8221; text_orientation=&#8221;left&#8221; border_style=&#8221;solid&#8221;]<\/p>\n<h2 style=\"text-align: center;\"><span style=\"color: #005979;\">SATURDAY&nbsp;03.6.2017 &#8211;&nbsp;GRAND PRIX SLOVAKIA WINNER SHOW 2017<\/span><\/h2>\n<p style=\"text-align: center;\"><strong><a href=\"http:\/\/www.nitracacib.sk\/wp-content\/uploads\/2017\/06\/Povystavny-katalog_SOBOTA-030620917_.pdf\">Results<\/a><\/strong> : : <strong><a href=\"http:\/\/www.nitracacib.sk\/wp-content\/uploads\/2017\/06\/zaverecky_sobota-03062017.pdf\">Final Competitions<\/a><\/strong> : : <strong><a href=\"https:\/\/flic.kr\/s\/aHsm2gG1r8\">Photogallery I., <\/a><a href=\"https:\/\/goo.gl\/photos\/9SE4vBr2B3o4ku4y8\">Photogallery II.<\/a><\/strong><\/p>\n<p>[\/et_pb_text][et_pb_image admin_label=&#8221;Image BIS GRAND PRIX SLOVAKIA 2017&#8243; src=&#8221;http:\/\/www.nitracacib.sk\/wp-content\/uploads\/2017\/02\/BIS1-04062017.jpg&#8221; alt=&#8221;BIS GRAND PRIX SLOVAKIA 2017&#8243; title_text=&#8221;BIS GRAND PRIX SLOVAKIA 2017&#8243; animation=&#8221;off&#8221; _builder_version=&#8221;3.0.51&#8243; \/][et_pb_text admin_label=&#8221;popis foto BEST IN SHOW grand prix&#8221; _builder_version=&#8221;3.0.51&#8243;]<\/p>\n<p style=\"text-align: center;\"><span style=\"color: #025a77;\"><strong>BEST IN SHOW<br \/>\n<\/strong>LABRADOR RETRIEVER <strong>DOLBIA CASANOVA<\/strong>,<\/span><br \/>\n<span style=\"color: #025a77;\"> breeder: Dudkowiak Irmina, owner: Fosciak Marek<\/span><br \/>\n<span style=\"color: #025a77;\"> DACHSHUND RAUHHAAR <strong>LUX DEL PALATINO OCEAN DEEP,&nbsp;<br \/>\n<\/strong>breeder: Saletti Annaluce, owner: Saletti Annaluce<\/span><br \/>\n<span style=\"color: #025a77;\"> SCHIPPERKE <strong>SLAVJAN AL CAPONE<\/strong>,<\/span><br \/>\n<span style=\"color: #025a77;\"> breeder: BAKLUSHIN G. V., owner: Platonova Irina + Spiridonova M.<\/span><\/p>\n<p>[\/et_pb_text][et_pb_image admin_label=&#8221;Image bis grand prix slovakia 2017&#8243; src=&#8221;http:\/\/www.nitracacib.sk\/wp-content\/uploads\/2017\/02\/BIS_03062017.jpg&#8221; alt=&#8221;BIS GRAND PRIX SLOVAKIA 2017&#8243; title_text=&#8221;BIS GRAND PRIX SLOVAKIA 2017&#8243; animation=&#8221;off&#8221; _builder_version=&#8221;3.0.51&#8243; \/][et_pb_text admin_label=&#8221;Text BEST IN SHOW grand prix&#8221; _builder_version=&#8221;3.0.51&#8243; background_layout=&#8221;light&#8221; text_orientation=&#8221;left&#8221; border_style=&#8221;solid&#8221;]<\/p>\n<p style=\"text-align: center;\"><span style=\"color: #025a77;\"><strong>BEST IN SHOW<\/strong><\/span><br \/>\n<span style=\"color: #025a77;\">LABRADOR RETRIEVER <strong>DOLBIA CASANOVA<\/strong>,<\/span><br \/>\n<span style=\"color: #025a77;\">breeder: Dudkowiak Irmina, owner: Fosciak Marek<\/span><\/p>\n<p>[\/et_pb_text][et_pb_image admin_label=&#8221;Image JUNIOR BEST IN SHOW&#8221; src=&#8221;http:\/\/www.nitracacib.sk\/wp-content\/uploads\/2017\/02\/BIS-JUNIOR-04062017.jpg&#8221; alt=&#8221;JUNIOR BEST IN SHOW&#8221; title_text=&#8221;JUNIOR BEST IN SHOW&#8221; animation=&#8221;off&#8221; _builder_version=&#8221;3.0.50&#8243; \/][et_pb_text admin_label=&#8221;Text k foto JUNIOR BEST IN SHOW grand prix&#8221; _builder_version=&#8221;3.0.51&#8243; background_layout=&#8221;light&#8221; text_orientation=&#8221;left&#8221; border_style=&#8221;solid&#8221;]<\/p>\n<p style=\"text-align: center;\"><span style=\"color: #025a77;\"><strong>JUNIOR BEST IN SHOW<\/strong><\/span><br \/>\n<span style=\"color: #025a77;\">BOSTON TERRIER <strong>R\u00d3\u017bOWA LANDRYNKA Z CZA\u0143CA<\/strong>,<\/span><br \/>\n<span style=\"color: #025a77;\"> breeder: Dzidt Anna, owner: Prusak Waldemar + Dzidt Anna<\/span><\/p>\n<p>[\/et_pb_text][et_pb_text admin_label=&#8221;photogallery SATURDAY vola sa 2015 piatok&#8221; text_orientation=&#8221;center&#8221; _builder_version=&#8221;3.0.51&#8243; use_background_color_gradient=&#8221;on&#8221; background_color_gradient_start=&#8221;#ffffff&#8221; background_color_gradient_end=&#8221;#0c5b75&#8243;]<\/p>\nngg_shortcode_1_placeholder\n<p>[\/et_pb_text][et_pb_divider admin_label=&#8221;Divider&#8221; color=&#8221;#0c5b75&#8243; show_divider=&#8221;on&#8221; divider_style=&#8221;solid&#8221; divider_position=&#8221;top&#8221; _builder_version=&#8221;3.0.50&#8243; \/][et_pb_text admin_label=&#8221;FRIDAY&nbsp;02.06.2017 -PRESIDENT CUP 2017&#8243; _builder_version=&#8221;3.0.51&#8243; background_size=&#8221;initial&#8221; background_position=&#8221;top_left&#8221; background_repeat=&#8221;repeat&#8221; background_layout=&#8221;light&#8221; text_orientation=&#8221;left&#8221; border_style=&#8221;solid&#8221;]<\/p>\n<h2 style=\"text-align: center;\"><span style=\"color: #005979;\">FRIDAY&nbsp;02.06.2017 &#8211;<span style=\"font-size: 26px;\">PRESIDENT CUP 2017<\/span><\/span><\/h2>\n<p style=\"text-align: center;\"><a href=\"http:\/\/www.nitracacib.sk\/wp-content\/uploads\/2017\/06\/Povystavny-katalog_PIATOK-02062017.pdf\"><strong>Results<\/strong><\/a> : : <strong><a href=\"http:\/\/www.nitracacib.sk\/wp-content\/uploads\/2017\/06\/zaverecky_piatok-02062017.pdf\">Final Competitions<\/a><\/strong> : : <a href=\"https:\/\/flic.kr\/s\/aHsm23FAKj\"><strong>Photogallery I., <\/strong><\/a><a href=\"https:\/\/goo.gl\/photos\/A3GeNT95fseE6SvN7\"><strong>Photogallery II.<\/strong><\/a><\/p>\n<p>[\/et_pb_text][et_pb_image admin_label=&#8221;Image BIS &#8211; 2.6.2017 &#8211; President Cup 2017&#8243; src=&#8221;http:\/\/www.nitracacib.sk\/wp-content\/uploads\/2017\/02\/BIS_President_Cup_02062017.jpg&#8221; alt=&#8221;BIS &#8211; 2.6.2017 &#8211; President Cup 2017&#8243; title_text=&#8221;BIS &#8211; 2.6.2017 &#8211; President Cup 2017&#8243; animation=&#8221;off&#8221; align=&#8221;center&#8221; _builder_version=&#8221;3.0.47&#8243; custom_css_main_element=&#8221;box-shadow: 0px 3px 10px 2px rgba(0,0,0,0.5);&#8221; \/][et_pb_text admin_label=&#8221;Text k foto BEST IN SHOW&#8221; _builder_version=&#8221;3.0.51&#8243;]<\/p>\n<p style=\"text-align: center;\"><span style=\"color: #025a77;\"><strong>BEST IN SHOW<\/strong><\/span><br \/>\n<span style=\"color: #025a77;\">AMERICAN STAFFORDSHIRE TERRIER <strong>GINGER COSA NOSTRA IMPERO<\/strong>,<\/span><br \/>\n<span style=\"color: #025a77;\"> breeder: Pavkovic Aleksa, owner: Kobrad Igor<\/span><br \/>\n<span style=\"color: #025a77;\"> CANICHE GRAND NOIR <strong>DA MAYA HUFFISH TRADEMARK<\/strong>,<\/span><br \/>\n<span style=\"color: #025a77;\"> breeder: Zuleika&nbsp;Borges Torrelbach&nbsp;Charlotte, owner: Platonova Irina + Prabhakaran Vijay<\/span><br \/>\n<span style=\"color: #025a77;\"> LABRADOR RETRIEVER <strong>DOLBIA CASANOVA<\/strong>,<\/span><br \/>\n<span style=\"color: #025a77;\"> breeder: Dudkowiak Irmina, owner: Fosciak Marek<\/span><\/p>\n<p>[\/et_pb_text][et_pb_image admin_label=&#8221;Image JUNIOR BIS &#8211; 2.6.2017 &#8211; President Cup 2017&#8243; src=&#8221;http:\/\/www.nitracacib.sk\/wp-content\/uploads\/2017\/02\/JBIS_piatok-02062017.jpg&#8221; alt=&#8221;JUNIOR BIS &#8211; 2.6.2017 &#8211; President Cup 2017&#8243; title_text=&#8221;JUNIOR BIS &#8211; 2.6.2017 &#8211; President Cup 2017&#8243; animation=&#8221;off&#8221; align=&#8221;center&#8221; _builder_version=&#8221;3.0.51&#8243; custom_css_main_element=&#8221;box-shadow: 0px 3px 10px 2px rgba(0,0,0,0.5);&#8221; \/][et_pb_text admin_label=&#8221;Text k foto JUNIOR BEST IN SHOW&#8221; _builder_version=&#8221;3.0.51&#8243;]<\/p>\n<p style=\"text-align: center;\"><span style=\"color: #025a77;\"><strong>JUNIOR BEST IN SHOW<\/strong><\/span><br \/>\n<span style=\"color: #025a77;\">AUSTRALIAN SHEPHERD <strong>CALAMITY MINNIE ZELEN\u00c9 N\u00c1VR\u0160\u00cd<\/strong>,<\/span><br \/>\n<span style=\"color: #025a77;\">ch: Rejthar Ivo , maj: Rejthar Ivo + Rejthar Ivo<\/span><\/p>\n<p>[\/et_pb_text][\/et_pb_column][\/et_pb_row][\/et_pb_section]<\/p>\n","protected":false},"excerpt":{"rendered":"<p>SUNDAY 04.06.2017 &#8211; DERBY WINNER SHOW 2017 Results : : Final Competitions : : Photogallery I., Photogallery II. FARMINA SUPREME BEST IN SHOW AFFEN PINSCHER PEPE LE PEW V. TANI KAZARI breeder: COOYMANS MIEKE, owner: COOIJMANS MIEKE + MIODONSKI LUCIENNE <\/p>\n","protected":false},"author":1001003,"featured_media":0,"parent":0,"menu_order":0,"comment_status":"closed","ping_status":"closed","template":"","meta":{"_et_pb_use_builder":"on","_et_pb_old_content":"<h3 style=\"text-align: center;\"><strong><span style=\"color: #0c5ea7;\">Z\u00e1vere\u010dn\u00e9 s\u00fa\u0165a\u017ee<\/span><\/strong><\/h3><div style=\"text-align: center;\"><span style=\"color: #0c5ea7;\">PIATOK 5.6.2015 \u2013 <strong><a href=\"http:\/\/www.nitracacib.sk\/wp-content\/uploads\/2015\/08\/Vysledky_-zaverecky_piatok-09082015.pdf\">SVETOV\u00c1 \u0160PECI\u00c1LNA V\u00ddSTAVA & CELO\u0160T\u00c1TNA V\u00ddSTAVA<\/a><\/strong><\/span><\/div><div style=\"text-align: center;\"><span style=\"color: #0c5ea7;\">SOBOTA 6.6.2015 \u2013 <strong><a style=\"color: #0c5ea7;\" href=\"http:\/\/www.nitracacib.sk\/wp-content\/uploads\/2015\/06\/vysledky_-zaverecne-sutaze_sobota.pdf\" target=\"_blank\">GRAND PRIX SLOVAKIA 2015<\/a><\/strong><\/span><\/div><div style=\"text-align: center;\"><span style=\"color: #0c5ea7;\">NEDE\u013dA 7.6.2015 \u2013 <strong><a href=\"http:\/\/www.nitracacib.sk\/wp-content\/uploads\/2015\/08\/vysledky_-zaverecky_nedela-2015.pdf\">DERBY WINNER SHOW 2015<\/a><\/strong><\/span><\/div><div style=\"text-align: center;\">\u00a0<\/div><h3 style=\"text-align: center;\"><strong><span style=\"color: #0c5ea7;\">V\u00fdsledky<\/span><\/strong><\/h3><div style=\"text-align: center;\"><div><span style=\"color: #0c5ea7;\">PIATOK 5.6.2015 \u2013 <strong><a href=\"http:\/\/www.nitracacib.sk\/wp-content\/uploads\/2015\/08\/Povystavny-katalog_PIATOK_09082015.pdf\">SVETOV\u00c1 \u0160PECI\u00c1LNA V\u00ddSTAVA & CELO\u0160T\u00c1TNA V\u00ddSTAVA<\/a><\/strong><\/span><\/div><div><span style=\"color: #0c5ea7;\">SOBOTA 6.6.2015 \u2013 <strong><a style=\"color: #0c5ea7;\" href=\"http:\/\/www.nitracacib.sk\/wp-content\/uploads\/2015\/06\/POVYSTAVNY-KATALOG_SOBOTA.pdf\" target=\"_blank\">GRAND PRIX SLOVAKIA 2015<\/a><\/strong><\/span><\/div><div><span style=\"color: #0c5ea7;\">NEDE\u013dA 7.6.2015 \u2013 <strong><a style=\"color: #0c5ea7;\" href=\"http:\/\/www.nitracacib.sk\/wp-content\/uploads\/2015\/06\/POVYSTAVNY-KATALOG_NEDELA.pdf\" target=\"_blank\">DERBY WINNER SHOW 2015<\/a><\/strong><\/span><\/div><\/div><div><span style=\"color: #0c5ea7;\">\u00a0<\/span><\/div><h2 lang=\"SK\" style=\"text-align: center;\">\u00a0<\/h2><p style=\"text-align: center;\"><img class=\"aligncenter size-full wp-image-2675\" src=\"http:\/\/www.nitracacib.sk\/wp-content\/uploads\/2015\/07\/SUPER-BIS-2015-900px.jpg\" alt=\"SUPER-BIS-2015-900px\" width=\"900\" height=\"600\" \/><\/p><h2 lang=\"SK\" style=\"text-align: center;\"><span style=\"color: #0c5ea7;\"><strong>FARMINA SUPREME BEST IN SHOW\u00a0<\/strong><\/span><\/h2><p style=\"text-align: center;\">Newfoundland \u2013 Novofundlandsk\u00fd pes<br \/> <strong><span lang=\"EN-US\">KING OF HELLULAND YOU ARE THE BEST<\/span><span lang=\"EN-US\"><br \/> <\/span><\/strong><span lang=\"EN-US\">Chovate\u013e: Kro<\/span>\u010d<span lang=\"EN-US\">ko So<\/span>\u0148<span lang=\"EN-US\">a & Vladim\u00edr, majite\u013e: Kro<\/span>\u010d<span lang=\"EN-US\">ko So<\/span>\u0148<span lang=\"EN-US\">a & Vladim\u00edr, Slovakia<\/span><\/p><h2 style=\"text-align: center;\"><span style=\"color: #0c5ea7;\">Nede\u013ea DERBY WINNER SHOW 2015<\/span><\/h2><p style=\"text-align: center;\"><img class=\"ngg_displayed_gallery mceItem\" src=\"http:\/\/www.nitracacib.sk\/nextgen-attach_to_post\/preview\/id--2672\" alt=\"\" data-mce-placeholder=\"1\" \/><\/p><h2 style=\"text-align: center;\"><span style=\"color: #0c5ea7;\">Sobota GRAND PRIX SLOVAKIA 2015<\/span><\/h2><p style=\"text-align: center;\"><img class=\"ngg_displayed_gallery mceItem\" src=\"http:\/\/www.nitracacib.sk\/nextgen-attach_to_post\/preview\/id--2673\" alt=\"\" data-mce-placeholder=\"1\" \/><\/p><h2 style=\"text-align: center;\"><span style=\"color: #0c5ea7;\">Piatok\u00a0CELO\u0160T\u00c1TNA V\u00ddSTAVA\u00a02015<\/span><\/h2><p><img class=\"ngg_displayed_gallery mceItem aligncenter\" src=\"http:\/\/www.nitracacib.sk\/nextgen-attach_to_post\/preview\/id--2734\" alt=\"\" data-mce-placeholder=\"1\" \/><\/p>","_et_gb_content_width":"","ngg_post_thumbnail":0,"iawp_total_views":3,"footnotes":""},"class_list":["post-4186","page","type-page","status-publish","hentry"],"_links":{"self":[{"href":"https:\/\/www.nitracacib.sk\/en\/wp-json\/wp\/v2\/pages\/4186","targetHints":{"allow":["GET"]}}],"collection":[{"href":"https:\/\/www.nitracacib.sk\/en\/wp-json\/wp\/v2\/pages"}],"about":[{"href":"https:\/\/www.nitracacib.sk\/en\/wp-json\/wp\/v2\/types\/page"}],"author":[{"embeddable":true,"href":"https:\/\/www.nitracacib.sk\/en\/wp-json\/wp\/v2\/users\/1001003"}],"replies":[{"embeddable":true,"href":"https:\/\/www.nitracacib.sk\/en\/wp-json\/wp\/v2\/comments?post=4186"}],"version-history":[{"count":0,"href":"https:\/\/www.nitracacib.sk\/en\/wp-json\/wp\/v2\/pages\/4186\/revisions"}],"wp:attachment":[{"href":"https:\/\/www.nitracacib.sk\/en\/wp-json\/wp\/v2\/media?parent=4186"}],"curies":[{"name":"wp","href":"https:\/\/api.w.org\/{rel}","templated":true}]}}