{"id":4616,"date":"2026-05-04T01:22:54","date_gmt":"2026-05-03T23:22:54","guid":{"rendered":"http:\/\/www.nitracacib.sk\/world-special-show\/"},"modified":"2026-05-04T18:13:57","modified_gmt":"2026-05-04T16:13:57","slug":"world-special-show","status":"publish","type":"page","link":"https:\/\/www.nitracacib.sk\/en\/world-special-show\/","title":{"rendered":"Crystal trophy for slovak national breeds"},"content":{"rendered":"<p>[et_pb_section fb_built=&#8221;1&#8243; fullwidth=&#8221;on&#8221; _builder_version=&#8221;4.16&#8243; border_width_bottom=&#8221;4px&#8221; border_color_bottom=&#8221;#a79a69&#8243; global_colors_info=&#8221;{}&#8221;][et_pb_fullwidth_image src=&#8221;https:\/\/www.nitracacib.sk\/wp-content\/uploads\/2018\/01\/svetova-vystava-veteran.jpg&#8221; _builder_version=&#8221;4.16&#8243; global_colors_info=&#8221;{}&#8221;]<\/p>\n<p>.<\/p>\n<p>[\/et_pb_fullwidth_image][\/et_pb_section][et_pb_section fb_built=&#8221;1&#8243; _builder_version=&#8221;4.16&#8243; global_colors_info=&#8221;{}&#8221;][et_pb_row column_structure=&#8221;1_4,3_4&#8243; _builder_version=&#8221;4.16&#8243; background_size=&#8221;initial&#8221; background_position=&#8221;top_left&#8221; background_repeat=&#8221;repeat&#8221; global_colors_info=&#8221;{}&#8221;][et_pb_column type=&#8221;1_4&#8243; _builder_version=&#8221;4.16&#8243; custom_padding=&#8221;|||&#8221; global_colors_info=&#8221;{}&#8221; custom_padding__hover=&#8221;|||&#8221;]<\/p>\n<p>[et_pb_sidebar area=&#8221;sidebar-1&#8243; admin_label=&#8221;Bo\u010dn\u00fd panel&#8221; module_id=&#8221;lave-menu&#8221; _builder_version=&#8221;3.19.13&#8243; body_font=&#8221;|700|||||||&#8221; body_text_color=&#8221;#025a77&#8243; global_module=&#8221;3215&#8243; saved_tabs=&#8221;all&#8221;] \u00a0 [\/et_pb_sidebar]<\/p>\n<p>[\/et_pb_column][et_pb_column type=&#8221;3_4&#8243; _builder_version=&#8221;4.16&#8243; custom_padding=&#8221;|||&#8221; global_colors_info=&#8221;{}&#8221; custom_padding__hover=&#8221;|||&#8221;][et_pb_text admin_label=&#8221;CRYSTAL TROPHY PRE SLOVENSK\u00c9 N\u00c1RODN\u00c9 PLEMEN\u00c1 \u2022 NITRA 14.06.2024&#8243; _builder_version=&#8221;4.27.5&#8243; z_index_tablet=&#8221;500&#8243; global_colors_info=&#8221;{}&#8221;]<\/p>\n<p><span style=\"color: #993300;\"><b>CRYSTAL TROPHY FOR SLOVAK NATIONAL BREEDS \u2022 NITRA 12.06.2026<\/b><\/span><\/p>\n<p><\/p>\n<p>\u200b<\/p>\n<p>[\/et_pb_text][et_pb_text admin_label=&#8221;Text plemena&#8221; _builder_version=&#8221;4.27.5&#8243; global_colors_info=&#8221;{}&#8221;]<\/p>\n<p>SLOVENSK\u00dd \u010cUVA\u010c \u2022 SLOVENSK\u00dd HRUBOSRST\u00dd STAVA\u010c \u2022 SLOVENSK\u00dd KOPOV \u2022 \u010cESKOSLOVENSK\u00dd VL\u010cIAK \u2022 TATRANSK\u00dd DURI\u010c<\/p>\n<p>[\/et_pb_text][et_pb_text admin_label=&#8221;ROZHODCOVIA&#8221; _builder_version=&#8221;4.27.5&#8243; text_font=&#8221;|||on|||||&#8221; text_text_color=&#8221;#ffffff&#8221; background_color=&#8221;#0c5b75&#8243; text_orientation=&#8221;center&#8221; background_layout=&#8221;dark&#8221; custom_padding=&#8221;1%|1%|1%|1%&#8221; z_index_tablet=&#8221;500&#8243; global_colors_info=&#8221;{}&#8221;]<\/p>\n<p>JUDGES<\/p>\n<p>[\/et_pb_text][et_pb_text admin_label=&#8221;Text rozhodcovia&#8221; _builder_version=&#8221;4.27.5&#8243; z_index_tablet=&#8221;500&#8243; global_colors_info=&#8221;{}&#8221;]<\/p>\n<p>SLOVENSK\u00dd \u010cUVA\u010c \u2013\u00a0<br \/>SLOVENSK\u00dd HRUBOSRST\u00dd STAVA\u010c \u2013\u00a0<br \/>SLOVENSK\u00dd KOPOV \u2013\u00a0<br \/>TATRANSK\u00dd DURI\u010c \u2013\u00a0<br \/>\u010cESKOSLOVENSK\u00dd VL\u010cIAK \u2013\u00a0<\/p>\n<p>[\/et_pb_text][et_pb_text admin_label=&#8221;V\u00ddSTAVN\u00c9 POPLATKY&#8221; _builder_version=&#8221;4.27.5&#8243; text_font=&#8221;|||on|||||&#8221; text_text_color=&#8221;#ffffff&#8221; background_color=&#8221;#0c5b75&#8243; text_orientation=&#8221;center&#8221; background_layout=&#8221;dark&#8221; custom_padding=&#8221;1%|1%|1%|1%&#8221; global_colors_info=&#8221;{}&#8221;]<\/p>\n<p style=\"text-align: center;\">ENTRY FEES<\/p>\n<p>[\/et_pb_text][et_pb_image src=&#8221;https:\/\/www.nitracacib.sk\/wp-content\/uploads\/2026\/05\/poplatky_narodne-plemena_4_uzavierka.jpg&#8221; alt=&#8221;entry fees&#8221; title_text=&#8221;payments&#8221; admin_label=&#8221;foto poplatky&#8221; _builder_version=&#8221;4.27.6&#8243; _module_preset=&#8221;default&#8221; hover_enabled=&#8221;0&#8243; global_colors_info=&#8221;{}&#8221; sticky_enabled=&#8221;0&#8243;][\/et_pb_image][et_pb_text admin_label=&#8221;PRIHLASENIE&#8221; _builder_version=&#8221;4.27.5&#8243; text_font=&#8221;|||on|||||&#8221; text_text_color=&#8221;#ffffff&#8221; background_color=&#8221;#0c5b75&#8243; text_orientation=&#8221;center&#8221; background_layout=&#8221;dark&#8221; custom_padding=&#8221;1%|1%|1%|1%&#8221; global_colors_info=&#8221;{}&#8221;]<\/p>\n<p style=\"text-align: center;\">ON-LINE ENTRY<\/p>\n<p>[\/et_pb_text][et_pb_text _builder_version=&#8221;4.27.5&#8243; global_colors_info=&#8221;{}&#8221;]<\/p>\n<p style=\"text-align: left;\"><a href=\"http:\/\/www.onlinedogshows.sk\"><b>www.onlinedogshows.sk<\/b><\/a><\/p>\n<p><\/p>\n<p><img loading=\"lazy\" decoding=\"async\" class=\"wp-image-1982 aligncenter size-full\" style=\"float: left;\" src=\"https:\/\/www.nitracacib.sk\/wp-content\/uploads\/2014\/08\/onlinedogshow_01.jpg\" alt=\"\" width=\"550\" height=\"150\" srcset=\"https:\/\/www.nitracacib.sk\/wp-content\/uploads\/2014\/08\/onlinedogshow_01.jpg 550w, https:\/\/www.nitracacib.sk\/wp-content\/uploads\/2014\/08\/onlinedogshow_01-300x81.jpg 300w\" sizes=\"(max-width: 550px) 100vw, 550px\" \/><\/p>\n<p>[\/et_pb_text][\/et_pb_column][\/et_pb_row][\/et_pb_section]<\/p>\n","protected":false},"excerpt":{"rendered":"<p>. \u00a0 CRYSTAL TROPHY FOR SLOVAK NATIONAL BREEDS \u2022 NITRA 12.06.2026\u200bSLOVENSK\u00dd \u010cUVA\u010c \u2022 SLOVENSK\u00dd HRUBOSRST\u00dd STAVA\u010c \u2022 SLOVENSK\u00dd KOPOV \u2022 \u010cESKOSLOVENSK\u00dd VL\u010cIAK \u2022 TATRANSK\u00dd DURI\u010cJUDGESSLOVENSK\u00dd \u010cUVA\u010c \u2013\u00a0SLOVENSK\u00dd HRUBOSRST\u00dd STAVA\u010c \u2013\u00a0SLOVENSK\u00dd KOPOV \u2013\u00a0TATRANSK\u00dd DURI\u010c \u2013\u00a0\u010cESKOSLOVENSK\u00dd VL\u010cIAK \u2013\u00a0ENTRY FEESON-LINE ENTRYwww.onlinedogshows.sk<\/p>\n","protected":false},"author":1001003,"featured_media":0,"parent":0,"menu_order":0,"comment_status":"closed","ping_status":"closed","template":"","meta":{"_et_pb_use_builder":"on","_et_pb_old_content":"","_et_gb_content_width":"","ngg_post_thumbnail":0,"iawp_total_views":97,"footnotes":""},"class_list":["post-4616","page","type-page","status-publish","hentry"],"_links":{"self":[{"href":"https:\/\/www.nitracacib.sk\/en\/wp-json\/wp\/v2\/pages\/4616","targetHints":{"allow":["GET"]}}],"collection":[{"href":"https:\/\/www.nitracacib.sk\/en\/wp-json\/wp\/v2\/pages"}],"about":[{"href":"https:\/\/www.nitracacib.sk\/en\/wp-json\/wp\/v2\/types\/page"}],"author":[{"embeddable":true,"href":"https:\/\/www.nitracacib.sk\/en\/wp-json\/wp\/v2\/users\/1001003"}],"replies":[{"embeddable":true,"href":"https:\/\/www.nitracacib.sk\/en\/wp-json\/wp\/v2\/comments?post=4616"}],"version-history":[{"count":0,"href":"https:\/\/www.nitracacib.sk\/en\/wp-json\/wp\/v2\/pages\/4616\/revisions"}],"wp:attachment":[{"href":"https:\/\/www.nitracacib.sk\/en\/wp-json\/wp\/v2\/media?parent=4616"}],"curies":[{"name":"wp","href":"https:\/\/api.w.org\/{rel}","templated":true}]}}