{"id":4961,"date":"2018-09-05T00:05:36","date_gmt":"2018-09-04T22:05:36","guid":{"rendered":"https:\/\/www.nitracacib.sk\/2018-2\/"},"modified":"2018-09-05T13:58:51","modified_gmt":"2018-09-05T11:58:51","slug":"2018-2","status":"publish","type":"page","link":"https:\/\/www.nitracacib.sk\/en\/2018-2\/","title":{"rendered":"2018"},"content":{"rendered":"<p>[et_pb_section bb_built=&#8221;1&#8243; fullwidth=&#8221;on&#8221; custom_padding_last_edited=&#8221;on|desktop&#8221; _builder_version=&#8221;3.0.47&#8243; custom_padding_tablet=&#8221;50px|0|50px|0&#8243; custom_css_main_element=&#8221;-webkit-box-shadow: 0px 10px 23px 3px rgba(133,133,133,0.69);||-moz-box-shadow: 0px 10px 23px 3px rgba(133,133,133,0.69);||box-shadow: 0px 10px 23px 3px rgba(133,133,133,0.69);&#8221; padding_mobile=&#8221;off&#8221; next_background_color=&#8221;#000000&#8243;][et_pb_fullwidth_image admin_label=&#8221;Obr\u00e1zok na pln\u00fa \u0161\u00edrku 2018 shadow&#8221; src=&#8221;https:\/\/www.nitracacib.sk\/wp-content\/uploads\/2018\/04\/Nitra-Dog-Expo-2018.jpg&#8221; _builder_version=&#8221;3.0.106&#8243; custom_css_main_element=&#8221;-webkit-box-shadow: 0px 10px 23px 3px rgba(133,133,133,0.69);||-moz-box-shadow: 0px 10px 23px 3px rgba(133,133,133,0.69);||box-shadow: 0px 10px 23px 3px rgba(133,133,133,0.69);&#8221; saved_tabs=&#8221;all&#8221;]<\/p>\n<p>.<\/p>\n<p>[\/et_pb_fullwidth_image][\/et_pb_section][et_pb_section bb_built=&#8221;1&#8243; admin_label=&#8221;section&#8221; custom_padding_last_edited=&#8221;on|desktop&#8221; _builder_version=&#8221;3.0.47&#8243; background_color=&#8221;#ffffff&#8221; custom_padding_tablet=&#8221;50px|0|50px|0&#8243; padding_mobile=&#8221;off&#8221; prev_background_color=&#8221;#000000&#8243;][et_pb_row admin_label=&#8221;row&#8221; _builder_version=&#8221;3.8&#8243; background_size=&#8221;initial&#8221; background_position=&#8221;top_left&#8221; background_repeat=&#8221;repeat&#8221;][et_pb_column type=&#8221;4_4&#8243;][et_pb_image admin_label=&#8221;Image SUPREME BIS 10.6.2018 DERBY WINNER SHOW 2018 &amp; CRUFTS QUALIFICATION&#8221; _builder_version=&#8221;3.7.1&#8243; src=&#8221;https:\/\/www.nitracacib.sk\/wp-content\/uploads\/2018\/06\/79_SUPREME_BIS.jpg&#8221; alt=&#8221;SUPREME BIS 10.6.2018 SUPREME BIS 10.6.2018 DOG EXPO NITRA 2018&#8243; title_text=&#8221;SUPREME BIS 10.6.2018 SUPREME BIS 10.6.2018 DOG EXPO NITRA 2018&#8243; show_in_lightbox=&#8221;on&#8221; \/][et_pb_text admin_label=&#8221;Text popis nedela SUPREME BIS 10.6.2018 DOG EXPO NITRA 2018&#8243; _builder_version=&#8221;3.7.1&#8243;]<\/p>\n<p><em>SUPREME BIS 10.6.2018 DOG EXPO NITRA 2018<\/em><\/p>\n<p>[\/et_pb_text][et_pb_image admin_label=&#8221;Image BIS 10.6.2018 DERBY WINNER SHOW 2018 &#8221; _builder_version=&#8221;3.7.1&#8243; src=&#8221;https:\/\/www.nitracacib.sk\/wp-content\/uploads\/2018\/06\/74_BIS_1.jpg&#8221; alt=&#8221;BIS 10.6.2018 DERBY WINNER SHOW 2018 &#8221; title_text=&#8221;BIS 10.6.2018 DERBY WINNER SHOW 2018 &#8221; \/][et_pb_text admin_label=&#8221;Text popis nedela&#8221; _builder_version=&#8221;3.7.1&#8243;]<\/p>\n<p><em>BIS 10.6.2018 DERBY WINNER SHOW 2018\u00a0<\/em><\/p>\n<p>[\/et_pb_text][et_pb_text admin_label=&#8221;Text nedela&#8221; _builder_version=&#8221;3.13.1&#8243;]<\/p>\n<div><b>10.6.2018 DERBY WINNER SHOW 2018 &amp; CRUFTS QUALIFICATION<\/b><\/div>\n<div>\n<div><a href=\"https:\/\/www.nitracacib.sk\/wp-content\/uploads\/2018\/09\/Povystavny-katalog_10-06-2018.pdf\">RESULTS<\/a>\u00a0\u25cf <a href=\"https:\/\/www.nitracacib.sk\/wp-content\/uploads\/2018\/06\/zaverecne_sutaze_10062018.pdf\">FINAL COMPETITIONS<\/a>\u00a0\u25cf <a href=\"https:\/\/photos.app.goo.gl\/FVZN132uEtbppfYU6\">GALLERY<\/a>\u00a0\u25cf <a href=\"https:\/\/flic.kr\/s\/aHsmdA7md3\">GALLERY FULL RESOLUTION<\/a><\/div>\n<\/div>\n<p>[\/et_pb_text][et_pb_divider show_divider=&#8221;off&#8221; height=&#8221;10&#8243; disabled_on=&#8221;on|on|off&#8221; _builder_version=&#8221;3.2&#8243;]<\/p>\n<p>&nbsp;<\/p>\n<p>[\/et_pb_divider][et_pb_image admin_label=&#8221;Image BIS 9.6.2018 GRAND PRIX SLOVAKIA WINNER SHOW 2018&#8243; _builder_version=&#8221;3.7.1&#8243; src=&#8221;https:\/\/www.nitracacib.sk\/wp-content\/uploads\/2018\/06\/77_BIS_1_2_3.jpg&#8221; alt=&#8221;BIS 9.6.2018 GRAND PRIX SLOVAKIA WINNER SHOW 2018&#8243; title_text=&#8221;BIS 9.6.2018 GRAND PRIX SLOVAKIA WINNER SHOW 2018&#8243; show_in_lightbox=&#8221;on&#8221; \/][et_pb_text admin_label=&#8221;Text popis sobota&#8221; _builder_version=&#8221;3.5.1&#8243;]<\/p>\n<p><em>BIS 9.6.2018 GRAND PRIX SLOVAKIA WINNER SHOW 2018<\/em><\/p>\n<p>[\/et_pb_text][et_pb_text _builder_version=&#8221;3.5.1&#8243;]<\/p>\n<div><b>9.6.2018 GRAND PRIX SLOVAKIA WINNER SHOW 2018<\/b><\/div>\n<div>\n<div><a href=\"https:\/\/www.nitracacib.sk\/wp-content\/uploads\/2018\/06\/povystavny_katalog_09062018.pdf\">RESULTS<\/a>\u00a0\u25cf <a href=\"https:\/\/www.nitracacib.sk\/wp-content\/uploads\/2018\/06\/zaverecne_sutaze_09062018.pdf\">FINAL COMPETITIONS<\/a>\u00a0\u25cf <a href=\"https:\/\/photos.app.goo.gl\/eAbyDDXEEm6ib9vz8\">GALLERY<\/a>\u00a0\u25cf <a href=\"https:\/\/flic.kr\/s\/aHsmhtvpRS\">GALLERY FULL RESOLUTIONS<\/a><\/div>\n<\/div>\n<p>[\/et_pb_text][et_pb_divider show_divider=&#8221;off&#8221; height=&#8221;10&#8243; disabled_on=&#8221;on|on|off&#8221; _builder_version=&#8221;3.7.1&#8243;]<\/p>\n<p>&nbsp;<\/p>\n<p>[\/et_pb_divider][et_pb_image admin_label=&#8221;Image BIS 8.6.2018 PRESIDENT CUP 2018 &amp; WORLD SPECIAL SHOW OF SLOVAK NATIONAL BREEDS 2018&#8243; _builder_version=&#8221;3.7.1&#8243; src=&#8221;https:\/\/www.nitracacib.sk\/wp-content\/uploads\/2018\/06\/84_BIS.jpg&#8221; alt=&#8221;BIS 8.6.2018 PRESIDENT CUP 2018 &#8221; title_text=&#8221;BIS 8.6.2018 PRESIDENT CUP 2018 &#8221; show_in_lightbox=&#8221;on&#8221; \/][et_pb_text admin_label=&#8221;Text popis piatok&#8221; _builder_version=&#8221;3.7.1&#8243;]<\/p>\n<p><em>BIS 8.6.2018 PRESIDENT CUP 2018\u00a0<\/em><\/p>\n<p>[\/et_pb_text][et_pb_text admin_label=&#8221;Text piatok&#8221; _builder_version=&#8221;3.5.1&#8243;]<\/p>\n<div><b>8.6.2018 PRESIDENT CUP 2018 &amp; WORLD SPECIAL SHOW OF SLOVAK NATIONAL BREEDS 2018<\/b><\/div>\n<div><a href=\"https:\/\/www.nitracacib.sk\/wp-content\/uploads\/2018\/06\/povystavny_katalog_08062018.pdf\">RESULTS<\/a>\u00a0\u25cf <a href=\"https:\/\/www.nitracacib.sk\/wp-content\/uploads\/2018\/06\/zaverecne_sutaze_08062018.pdf\">FINAL COMPETITIONS<\/a>\u00a0\u25cf <a href=\"https:\/\/photos.app.goo.gl\/LNMWmoRjBr9LF8U69\">GALLERY<\/a>\u00a0\u25cf <a href=\"https:\/\/flic.kr\/s\/aHskzJ1sH4\">GALLERY FULL RESOLUTIONS<\/a><\/div>\n<p>[\/et_pb_text][et_pb_divider show_divider=&#8221;off&#8221; height=&#8221;10&#8243; disabled_on=&#8221;on|on|off&#8221; _builder_version=&#8221;3.2&#8243;]<\/p>\n<p>&nbsp;<\/p>\n<p>[\/et_pb_divider][\/et_pb_column][\/et_pb_row][\/et_pb_section]<\/p>\n","protected":false},"excerpt":{"rendered":"<p>. SUPREME BIS 10.6.2018 DOG EXPO NITRA 2018 BIS 10.6.2018 DERBY WINNER SHOW 2018\u00a0 10.6.2018 DERBY WINNER SHOW 2018 &amp; CRUFTS QUALIFICATION RESULTS\u00a0\u25cf FINAL COMPETITIONS\u00a0\u25cf GALLERY\u00a0\u25cf GALLERY FULL RESOLUTION &nbsp; BIS 9.6.2018 GRAND PRIX SLOVAKIA WINNER SHOW 2018 9.6.2018 GRAND PRIX SLOVAKIA WINNER SHOW 2018 RESULTS\u00a0\u25cf FINAL COMPETITIONS\u00a0\u25cf GALLERY\u00a0\u25cf GALLERY FULL RESOLUTIONS &nbsp; BIS 8.6.2018 [&hellip;]<\/p>\n","protected":false},"author":1001003,"featured_media":0,"parent":0,"menu_order":0,"comment_status":"closed","ping_status":"closed","template":"","meta":{"_et_pb_use_builder":"on","_et_pb_old_content":"","_et_gb_content_width":"","ngg_post_thumbnail":0,"iawp_total_views":8,"footnotes":""},"class_list":["post-4961","page","type-page","status-publish","hentry"],"_links":{"self":[{"href":"https:\/\/www.nitracacib.sk\/en\/wp-json\/wp\/v2\/pages\/4961","targetHints":{"allow":["GET"]}}],"collection":[{"href":"https:\/\/www.nitracacib.sk\/en\/wp-json\/wp\/v2\/pages"}],"about":[{"href":"https:\/\/www.nitracacib.sk\/en\/wp-json\/wp\/v2\/types\/page"}],"author":[{"embeddable":true,"href":"https:\/\/www.nitracacib.sk\/en\/wp-json\/wp\/v2\/users\/1001003"}],"replies":[{"embeddable":true,"href":"https:\/\/www.nitracacib.sk\/en\/wp-json\/wp\/v2\/comments?post=4961"}],"version-history":[{"count":0,"href":"https:\/\/www.nitracacib.sk\/en\/wp-json\/wp\/v2\/pages\/4961\/revisions"}],"wp:attachment":[{"href":"https:\/\/www.nitracacib.sk\/en\/wp-json\/wp\/v2\/media?parent=4961"}],"curies":[{"name":"wp","href":"https:\/\/api.w.org\/{rel}","templated":true}]}}