{"id":6960,"date":"2026-02-25T01:32:29","date_gmt":"2026-02-25T00:32:29","guid":{"rendered":"https:\/\/www.nitracacib.sk\/payments\/"},"modified":"2026-02-25T18:08:19","modified_gmt":"2026-02-25T17:08:19","slug":"payments","status":"publish","type":"page","link":"https:\/\/www.nitracacib.sk\/en\/payments\/","title":{"rendered":"payments"},"content":{"rendered":"<p>[et_pb_section fb_built=&#8221;1&#8243; fullwidth=&#8221;on&#8221; _builder_version=&#8221;4.19.3&#8243; _module_preset=&#8221;default&#8221; global_colors_info=&#8221;{}&#8221;][et_pb_fullwidth_image src=&#8221;https:\/\/www.nitracacib.sk\/wp-content\/uploads\/2021\/07\/BIS-piatok-09072021.jpg&#8221; title_text=&#8221;BIS FRIDAY 09072021&#8243; _builder_version=&#8221;4.19.3&#8243; _module_preset=&#8221;default&#8221; box_shadow_style=&#8221;preset3&#8243; global_colors_info=&#8221;{}&#8221;][\/et_pb_fullwidth_image][\/et_pb_section][et_pb_section fb_built=&#8221;1&#8243; admin_label=&#8221;section&#8221; _builder_version=&#8221;4.16&#8243; global_colors_info=&#8221;{}&#8221;][et_pb_row admin_label=&#8221;row&#8221; _builder_version=&#8221;4.16&#8243; background_size=&#8221;initial&#8221; background_position=&#8221;top_left&#8221; background_repeat=&#8221;repeat&#8221; global_colors_info=&#8221;{}&#8221;][et_pb_column type=&#8221;4_4&#8243; _builder_version=&#8221;4.16&#8243; custom_padding=&#8221;|||&#8221; global_colors_info=&#8221;{}&#8221; custom_padding__hover=&#8221;|||&#8221;][et_pb_text _builder_version=&#8221;4.24.1&#8243; _module_preset=&#8221;default&#8221; global_colors_info=&#8221;{}&#8221;]<\/p>\n<p><strong>ATTENTION!<\/strong><br \/>Make your payment after receiving confirmation e-mail, which will be sent to you after on-line registration of the entry form but no later than 24 hours after submitting the entry. Unpaid entries can be automatically cancelled after 10 days without prior notice.<\/p>\n<p><\/p>\n<p>If you are entering more than one show day and you receive 2 confirmation e-mails with 2 variable symbols, it is enough to sum up the entry fees from the two e-mails and send the entry fees in one payment transfer with only one variable symbol.<\/p>\n<p>[\/et_pb_text][et_pb_image src=&#8221;https:\/\/www.nitracacib.sk\/wp-content\/uploads\/2026\/02\/poplatky_2026-scaled.jpg&#8221; alt=&#8221;Entry fees Dog Expo Nitra 2026&#8243; title_text=&#8221;poplatky_2026&#8243; show_in_lightbox=&#8221;on&#8221; admin_label=&#8221;poplatky 2025&#8243; _builder_version=&#8221;4.27.5&#8243; _module_preset=&#8221;default&#8221; hover_enabled=&#8221;0&#8243; global_colors_info=&#8221;{}&#8221; sticky_enabled=&#8221;0&#8243;][\/et_pb_image][et_pb_text admin_label=&#8221;Stornova\u0165 prihl\u00e1\u0161ku do 13.05.2025.&#8221; _builder_version=&#8221;4.27.5&#8243; _module_preset=&#8221;default&#8221; hover_enabled=&#8221;0&#8243; global_colors_info=&#8221;{}&#8221; sticky_enabled=&#8221;0&#8243;]<\/p>\n<p id=\"tw-target-text\" class=\"tw-data-text tw-text-large tw-ta\" dir=\"ltr\" tabindex=\"-1\" role=\"text\" data-placeholder=\"Translation\" data-ved=\"2ahUKEwiwl8zVjfWSAxWEVqQEHS29C70Q3ewLegQIBBAW\" aria-label=\"Translated text: BANK CONNECTION\nV\u00daB Nitra (bank address: \u0160tef\u00e1nikova 44, 949 31 Nitra)\naccount number 43532162\/0200\nSWIFT\/BIC CODE: SUBASKBX\nIBAN CODE: SK50 0200 0000 0000 4353 2162\nPostage and bank fees are paid by the exhibitor.\nWhen paying the exhibition fees by deposit directly into the account at V\u00daB Bank, add a bank fee of \u20ac5 to the deposited amount.\nOtherwise, you will incur an underpayment.\nThe discount for the 2nd and subsequent dogs can only be applied if the owner's name in full is identical to the 1st application. In case of a larger number of registered dogs, individuals registered in the junior puppy, puppy, veteran and honor classes are not considered the 1st registered dog.\nEvery exhibitor must indicate their own name and address on the money transfer receipt in any form of payment of exhibition fees, so that the payment can be correctly identified. Exhibition fees that are not in the organizer's account by the time of the exhibition, or are unidentifiable, will be considered unpaid. In such a case, the exhibitor must pay them at the exhibition with the possibility of their refund after the exhibition.\nThe deadline for applications is also the deadline for the obligation to pay the exhibition fee by the relevant deadline. Exhibitors of Slovak national breeds have a 50% discount on exhibition fees (does not apply to competitions).\nExhibitors cannot pay exhibition fees at the exhibition (with the exception of unidentified payments and arrears)! Cancellation of the application is possible only until 13.05.2026.\nIn case of cancellation of the application or refund of fees for any other reason, the costs associated with the refund of the fee and a cancellation fee of \u20ac10 for each exhibition and each registered dog will be deducted from the paid amount of the exhibition fee.\nAdditional fee at the exhibition for any reason + \u20ac10\/application and day.\"><span class=\"Y2IQFc\" lang=\"en\"><strong>BANK CONNECTION <\/strong><\/p>\n<p>V\u00daB Nitra (bank address: \u0160tef\u00e1nikova 44, 949 31 Nitra) account number 43532162\/0200 <br \/>SWIFT\/BIC CODE: SUBASKBX <br \/>IBAN CODE: SK50 0200 0000 0000 4353 2162 <br \/><\/span><span class=\"Y2IQFc\" lang=\"en\">Postage and bank fees are paid by the exhibitor. <\/span><\/p>\n<p><\/p>\n<p class=\"tw-data-text tw-text-large tw-ta\" dir=\"ltr\" tabindex=\"-1\" role=\"text\" data-placeholder=\"Translation\" data-ved=\"2ahUKEwiwl8zVjfWSAxWEVqQEHS29C70Q3ewLegQIBBAW\" aria-label=\"Translated text: BANK CONNECTION\nV\u00daB Nitra (bank address: \u0160tef\u00e1nikova 44, 949 31 Nitra)\naccount number 43532162\/0200\nSWIFT\/BIC CODE: SUBASKBX\nIBAN CODE: SK50 0200 0000 0000 4353 2162\nPostage and bank fees are paid by the exhibitor.\nWhen paying the exhibition fees by deposit directly into the account at V\u00daB Bank, add a bank fee of \u20ac5 to the deposited amount.\nOtherwise, you will incur an underpayment.\nThe discount for the 2nd and subsequent dogs can only be applied if the owner's name in full is identical to the 1st application. In case of a larger number of registered dogs, individuals registered in the junior puppy, puppy, veteran and honor classes are not considered the 1st registered dog.\nEvery exhibitor must indicate their own name and address on the money transfer receipt in any form of payment of exhibition fees, so that the payment can be correctly identified. Exhibition fees that are not in the organizer's account by the time of the exhibition, or are unidentifiable, will be considered unpaid. In such a case, the exhibitor must pay them at the exhibition with the possibility of their refund after the exhibition.\nThe deadline for applications is also the deadline for the obligation to pay the exhibition fee by the relevant deadline. Exhibitors of Slovak national breeds have a 50% discount on exhibition fees (does not apply to competitions).\nExhibitors cannot pay exhibition fees at the exhibition (with the exception of unidentified payments and arrears)! Cancellation of the application is possible only until 13.05.2026.\nIn case of cancellation of the application or refund of fees for any other reason, the costs associated with the refund of the fee and a cancellation fee of \u20ac10 for each exhibition and each registered dog will be deducted from the paid amount of the exhibition fee.\nAdditional fee at the exhibition for any reason + \u20ac10\/application and day.\"><span class=\"Y2IQFc\" lang=\"en\">When paying the exhibition fees by deposit directly into the account at V\u00daB Bank, add a bank fee of \u20ac5 to the deposited amount. Otherwise, you will incur an underpayment. <\/span><\/p>\n<p><\/p>\n<p class=\"tw-data-text tw-text-large tw-ta\" dir=\"ltr\" tabindex=\"-1\" role=\"text\" data-placeholder=\"Translation\" data-ved=\"2ahUKEwiwl8zVjfWSAxWEVqQEHS29C70Q3ewLegQIBBAW\" aria-label=\"Translated text: BANK CONNECTION\nV\u00daB Nitra (bank address: \u0160tef\u00e1nikova 44, 949 31 Nitra)\naccount number 43532162\/0200\nSWIFT\/BIC CODE: SUBASKBX\nIBAN CODE: SK50 0200 0000 0000 4353 2162\nPostage and bank fees are paid by the exhibitor.\nWhen paying the exhibition fees by deposit directly into the account at V\u00daB Bank, add a bank fee of \u20ac5 to the deposited amount.\nOtherwise, you will incur an underpayment.\nThe discount for the 2nd and subsequent dogs can only be applied if the owner's name in full is identical to the 1st application. In case of a larger number of registered dogs, individuals registered in the junior puppy, puppy, veteran and honor classes are not considered the 1st registered dog.\nEvery exhibitor must indicate their own name and address on the money transfer receipt in any form of payment of exhibition fees, so that the payment can be correctly identified. Exhibition fees that are not in the organizer's account by the time of the exhibition, or are unidentifiable, will be considered unpaid. In such a case, the exhibitor must pay them at the exhibition with the possibility of their refund after the exhibition.\nThe deadline for applications is also the deadline for the obligation to pay the exhibition fee by the relevant deadline. Exhibitors of Slovak national breeds have a 50% discount on exhibition fees (does not apply to competitions).\nExhibitors cannot pay exhibition fees at the exhibition (with the exception of unidentified payments and arrears)! Cancellation of the application is possible only until 13.05.2026.\nIn case of cancellation of the application or refund of fees for any other reason, the costs associated with the refund of the fee and a cancellation fee of \u20ac10 for each exhibition and each registered dog will be deducted from the paid amount of the exhibition fee.\nAdditional fee at the exhibition for any reason + \u20ac10\/application and day.\"><span class=\"Y2IQFc\" lang=\"en\">The discount for the 2nd and subsequent dogs can only be applied if the owner&#8217;s name in full is identical to the 1st application. In case of a larger number of registered dogs, individuals registered in the junior puppy, puppy, veteran and honor classes are not considered the 1st registered dog. <\/span><\/p>\n<p><\/p>\n<p class=\"tw-data-text tw-text-large tw-ta\" dir=\"ltr\" tabindex=\"-1\" role=\"text\" data-placeholder=\"Translation\" data-ved=\"2ahUKEwiwl8zVjfWSAxWEVqQEHS29C70Q3ewLegQIBBAW\" aria-label=\"Translated text: BANK CONNECTION\nV\u00daB Nitra (bank address: \u0160tef\u00e1nikova 44, 949 31 Nitra)\naccount number 43532162\/0200\nSWIFT\/BIC CODE: SUBASKBX\nIBAN CODE: SK50 0200 0000 0000 4353 2162\nPostage and bank fees are paid by the exhibitor.\nWhen paying the exhibition fees by deposit directly into the account at V\u00daB Bank, add a bank fee of \u20ac5 to the deposited amount.\nOtherwise, you will incur an underpayment.\nThe discount for the 2nd and subsequent dogs can only be applied if the owner's name in full is identical to the 1st application. In case of a larger number of registered dogs, individuals registered in the junior puppy, puppy, veteran and honor classes are not considered the 1st registered dog.\nEvery exhibitor must indicate their own name and address on the money transfer receipt in any form of payment of exhibition fees, so that the payment can be correctly identified. Exhibition fees that are not in the organizer's account by the time of the exhibition, or are unidentifiable, will be considered unpaid. In such a case, the exhibitor must pay them at the exhibition with the possibility of their refund after the exhibition.\nThe deadline for applications is also the deadline for the obligation to pay the exhibition fee by the relevant deadline. Exhibitors of Slovak national breeds have a 50% discount on exhibition fees (does not apply to competitions).\nExhibitors cannot pay exhibition fees at the exhibition (with the exception of unidentified payments and arrears)! Cancellation of the application is possible only until 13.05.2026.\nIn case of cancellation of the application or refund of fees for any other reason, the costs associated with the refund of the fee and a cancellation fee of \u20ac10 for each exhibition and each registered dog will be deducted from the paid amount of the exhibition fee.\nAdditional fee at the exhibition for any reason + \u20ac10\/application and day.\"><span class=\"Y2IQFc\" lang=\"en\">Every exhibitor must indicate their own name and address on the money transfer receipt in any form of payment of exhibition fees, so that the payment can be correctly identified. Exhibition fees that are not in the organizer&#8217;s account by the time of the exhibition, or are unidentifiable, will be considered unpaid. In such a case, the exhibitor must pay them at the exhibition with the possibility of their refund after the exhibition. <\/span><\/p>\n<p><\/p>\n<p class=\"tw-data-text tw-text-large tw-ta\" dir=\"ltr\" tabindex=\"-1\" role=\"text\" data-placeholder=\"Translation\" data-ved=\"2ahUKEwiwl8zVjfWSAxWEVqQEHS29C70Q3ewLegQIBBAW\" aria-label=\"Translated text: BANK CONNECTION\nV\u00daB Nitra (bank address: \u0160tef\u00e1nikova 44, 949 31 Nitra)\naccount number 43532162\/0200\nSWIFT\/BIC CODE: SUBASKBX\nIBAN CODE: SK50 0200 0000 0000 4353 2162\nPostage and bank fees are paid by the exhibitor.\nWhen paying the exhibition fees by deposit directly into the account at V\u00daB Bank, add a bank fee of \u20ac5 to the deposited amount.\nOtherwise, you will incur an underpayment.\nThe discount for the 2nd and subsequent dogs can only be applied if the owner's name in full is identical to the 1st application. In case of a larger number of registered dogs, individuals registered in the junior puppy, puppy, veteran and honor classes are not considered the 1st registered dog.\nEvery exhibitor must indicate their own name and address on the money transfer receipt in any form of payment of exhibition fees, so that the payment can be correctly identified. Exhibition fees that are not in the organizer's account by the time of the exhibition, or are unidentifiable, will be considered unpaid. In such a case, the exhibitor must pay them at the exhibition with the possibility of their refund after the exhibition.\nThe deadline for applications is also the deadline for the obligation to pay the exhibition fee by the relevant deadline. Exhibitors of Slovak national breeds have a 50% discount on exhibition fees (does not apply to competitions).\nExhibitors cannot pay exhibition fees at the exhibition (with the exception of unidentified payments and arrears)! Cancellation of the application is possible only until 13.05.2026.\nIn case of cancellation of the application or refund of fees for any other reason, the costs associated with the refund of the fee and a cancellation fee of \u20ac10 for each exhibition and each registered dog will be deducted from the paid amount of the exhibition fee.\nAdditional fee at the exhibition for any reason + \u20ac10\/application and day.\"><span class=\"Y2IQFc\" lang=\"en\">The deadline for applications is also the deadline for the obligation to pay the exhibition fee by the relevant deadline. Exhibitors of Slovak national breeds have a 50% discount on exhibition fees (does not apply to competitions). <\/span><\/p>\n<p><\/p>\n<p class=\"tw-data-text tw-text-large tw-ta\" dir=\"ltr\" tabindex=\"-1\" role=\"text\" data-placeholder=\"Translation\" data-ved=\"2ahUKEwiwl8zVjfWSAxWEVqQEHS29C70Q3ewLegQIBBAW\" aria-label=\"Translated text: BANK CONNECTION\nV\u00daB Nitra (bank address: \u0160tef\u00e1nikova 44, 949 31 Nitra)\naccount number 43532162\/0200\nSWIFT\/BIC CODE: SUBASKBX\nIBAN CODE: SK50 0200 0000 0000 4353 2162\nPostage and bank fees are paid by the exhibitor.\nWhen paying the exhibition fees by deposit directly into the account at V\u00daB Bank, add a bank fee of \u20ac5 to the deposited amount.\nOtherwise, you will incur an underpayment.\nThe discount for the 2nd and subsequent dogs can only be applied if the owner's name in full is identical to the 1st application. In case of a larger number of registered dogs, individuals registered in the junior puppy, puppy, veteran and honor classes are not considered the 1st registered dog.\nEvery exhibitor must indicate their own name and address on the money transfer receipt in any form of payment of exhibition fees, so that the payment can be correctly identified. Exhibition fees that are not in the organizer's account by the time of the exhibition, or are unidentifiable, will be considered unpaid. In such a case, the exhibitor must pay them at the exhibition with the possibility of their refund after the exhibition.\nThe deadline for applications is also the deadline for the obligation to pay the exhibition fee by the relevant deadline. Exhibitors of Slovak national breeds have a 50% discount on exhibition fees (does not apply to competitions).\nExhibitors cannot pay exhibition fees at the exhibition (with the exception of unidentified payments and arrears)! Cancellation of the application is possible only until 13.05.2026.\nIn case of cancellation of the application or refund of fees for any other reason, the costs associated with the refund of the fee and a cancellation fee of \u20ac10 for each exhibition and each registered dog will be deducted from the paid amount of the exhibition fee.\nAdditional fee at the exhibition for any reason + \u20ac10\/application and day.\"><span class=\"Y2IQFc\" lang=\"en\">Exhibitors cannot pay exhibition fees at the exhibition (with the exception of unidentified payments and arrears)! Cancellation of the application is possible only until <strong>13.05.2026.<\/strong> <\/span><\/p>\n<p><\/p>\n<p class=\"tw-data-text tw-text-large tw-ta\" dir=\"ltr\" tabindex=\"-1\" role=\"text\" data-placeholder=\"Translation\" data-ved=\"2ahUKEwiwl8zVjfWSAxWEVqQEHS29C70Q3ewLegQIBBAW\" aria-label=\"Translated text: BANK CONNECTION\nV\u00daB Nitra (bank address: \u0160tef\u00e1nikova 44, 949 31 Nitra)\naccount number 43532162\/0200\nSWIFT\/BIC CODE: SUBASKBX\nIBAN CODE: SK50 0200 0000 0000 4353 2162\nPostage and bank fees are paid by the exhibitor.\nWhen paying the exhibition fees by deposit directly into the account at V\u00daB Bank, add a bank fee of \u20ac5 to the deposited amount.\nOtherwise, you will incur an underpayment.\nThe discount for the 2nd and subsequent dogs can only be applied if the owner's name in full is identical to the 1st application. In case of a larger number of registered dogs, individuals registered in the junior puppy, puppy, veteran and honor classes are not considered the 1st registered dog.\nEvery exhibitor must indicate their own name and address on the money transfer receipt in any form of payment of exhibition fees, so that the payment can be correctly identified. Exhibition fees that are not in the organizer's account by the time of the exhibition, or are unidentifiable, will be considered unpaid. In such a case, the exhibitor must pay them at the exhibition with the possibility of their refund after the exhibition.\nThe deadline for applications is also the deadline for the obligation to pay the exhibition fee by the relevant deadline. Exhibitors of Slovak national breeds have a 50% discount on exhibition fees (does not apply to competitions).\nExhibitors cannot pay exhibition fees at the exhibition (with the exception of unidentified payments and arrears)! Cancellation of the application is possible only until 13.05.2026.\nIn case of cancellation of the application or refund of fees for any other reason, the costs associated with the refund of the fee and a cancellation fee of \u20ac10 for each exhibition and each registered dog will be deducted from the paid amount of the exhibition fee.\nAdditional fee at the exhibition for any reason + \u20ac10\/application and day.\"><span class=\"Y2IQFc\" lang=\"en\">In case of cancellation of the application or refund of fees for any other reason, the costs associated with the refund of the fee and a cancellation fee of \u20ac10 for each exhibition and each registered dog will be deducted from the paid amount of the exhibition fee.<\/span><\/p>\n<p><\/p>\n<p class=\"tw-data-text tw-text-large tw-ta\" dir=\"ltr\" tabindex=\"-1\" role=\"text\" data-placeholder=\"Translation\" data-ved=\"2ahUKEwiwl8zVjfWSAxWEVqQEHS29C70Q3ewLegQIBBAW\" aria-label=\"Translated text: BANK CONNECTION\nV\u00daB Nitra (bank address: \u0160tef\u00e1nikova 44, 949 31 Nitra)\naccount number 43532162\/0200\nSWIFT\/BIC CODE: SUBASKBX\nIBAN CODE: SK50 0200 0000 0000 4353 2162\nPostage and bank fees are paid by the exhibitor.\nWhen paying the exhibition fees by deposit directly into the account at V\u00daB Bank, add a bank fee of \u20ac5 to the deposited amount.\nOtherwise, you will incur an underpayment.\nThe discount for the 2nd and subsequent dogs can only be applied if the owner's name in full is identical to the 1st application. In case of a larger number of registered dogs, individuals registered in the junior puppy, puppy, veteran and honor classes are not considered the 1st registered dog.\nEvery exhibitor must indicate their own name and address on the money transfer receipt in any form of payment of exhibition fees, so that the payment can be correctly identified. Exhibition fees that are not in the organizer's account by the time of the exhibition, or are unidentifiable, will be considered unpaid. In such a case, the exhibitor must pay them at the exhibition with the possibility of their refund after the exhibition.\nThe deadline for applications is also the deadline for the obligation to pay the exhibition fee by the relevant deadline. Exhibitors of Slovak national breeds have a 50% discount on exhibition fees (does not apply to competitions).\nExhibitors cannot pay exhibition fees at the exhibition (with the exception of unidentified payments and arrears)! Cancellation of the application is possible only until 13.05.2026.\nIn case of cancellation of the application or refund of fees for any other reason, the costs associated with the refund of the fee and a cancellation fee of \u20ac10 for each exhibition and each registered dog will be deducted from the paid amount of the exhibition fee.\nAdditional fee at the exhibition for any reason + \u20ac10\/application and day.\"><span class=\"Y2IQFc\" lang=\"en\">Additional fee at the exhibition for any reason + \u20ac10\/application and day.<\/span><\/p>\n<p>[\/et_pb_text][\/et_pb_column][\/et_pb_row][\/et_pb_section]<\/p>\n","protected":false},"excerpt":{"rendered":"<p>ATTENTION!Make your payment after receiving confirmation e-mail, which will be sent to you after on-line registration of the entry form but no later than 24 hours after submitting the entry. Unpaid entries can be automatically cancelled after 10 days without prior notice.If you are entering more than one show day and you receive 2 confirmation [&hellip;]<\/p>\n","protected":false},"author":1001003,"featured_media":0,"parent":0,"menu_order":0,"comment_status":"closed","ping_status":"closed","template":"","meta":{"_et_pb_use_builder":"on","_et_pb_old_content":"","_et_gb_content_width":"","ngg_post_thumbnail":0,"iawp_total_views":626,"footnotes":""},"class_list":["post-6960","page","type-page","status-publish","hentry"],"_links":{"self":[{"href":"https:\/\/www.nitracacib.sk\/en\/wp-json\/wp\/v2\/pages\/6960","targetHints":{"allow":["GET"]}}],"collection":[{"href":"https:\/\/www.nitracacib.sk\/en\/wp-json\/wp\/v2\/pages"}],"about":[{"href":"https:\/\/www.nitracacib.sk\/en\/wp-json\/wp\/v2\/types\/page"}],"author":[{"embeddable":true,"href":"https:\/\/www.nitracacib.sk\/en\/wp-json\/wp\/v2\/users\/1001003"}],"replies":[{"embeddable":true,"href":"https:\/\/www.nitracacib.sk\/en\/wp-json\/wp\/v2\/comments?post=6960"}],"version-history":[{"count":0,"href":"https:\/\/www.nitracacib.sk\/en\/wp-json\/wp\/v2\/pages\/6960\/revisions"}],"wp:attachment":[{"href":"https:\/\/www.nitracacib.sk\/en\/wp-json\/wp\/v2\/media?parent=6960"}],"curies":[{"name":"wp","href":"https:\/\/api.w.org\/{rel}","templated":true}]}}